{"id":16043,"date":"2026-04-16T01:02:15","date_gmt":"2026-04-16T05:02:15","guid":{"rendered":"https:\/\/hunterproboutique.com\/product\/wahl-blade-ice-refroidisseur-de-lame\/"},"modified":"2026-04-16T03:15:23","modified_gmt":"2026-04-16T07:15:23","slug":"wahl-blade-ice-refroidisseur-de-lame","status":"publish","type":"product","link":"https:\/\/hunterproboutique.com\/fr\/produit\/wahl-blade-ice-refroidisseur-de-lame\/","title":{"rendered":"WAHL &#8211; BLADE ICE REFROIDISSEUR DE LAME"},"content":{"rendered":"<p>REFROIDISSEUR DE LAMES BLADE ICE   Ce produit de maintien rapide et efficace permet de refroidir, lubrifier et nettoyer instantan\u00e9ment les lames amovibles de tondeuses professionnelles.   *S\u00e8che rapidement et ne nuira pas \u00e0 la majorit\u00e9 des plastiques.   *Aide \u00e0 r\u00e9duire la friction, la chaleur et les traces d&#8217;usure, sans laisser d&#8217;\u00e9pais r\u00e9sidu huileux.<\/p>\n","protected":false},"excerpt":{"rendered":"<p>REFROIDISSEUR DE LAMES BLADE ICE   Ce produit de maintien rapide et efficace permet de refroidir, lubrifier et nettoyer instantan\u00e9ment les lames amovibles de tondeuses professionnelles.   *S\u00e8che rapidement et ne nuira pas \u00e0 la majorit\u00e9 des plastiques.   *Aide \u00e0 r\u00e9duire la friction, la chaleur et les traces d&#8217;usure, sans laisser d&#8217;\u00e9pais r\u00e9sidu huileux.<\/p>\n","protected":false},"featured_media":26878,"template":"","meta":[],"product_brand":[],"product_cat":[352,350,345],"product_tag":[],"class_list":{"0":"post-16043","1":"product","2":"type-product","3":"status-publish","4":"has-post-thumbnail","6":"product_cat-entretien","7":"product_cat-lames","8":"product_cat-toilettage","10":"first","11":"instock","12":"taxable","13":"shipping-taxable","14":"purchasable","15":"product-type-simple"},"aioseo_notices":[],"_links":{"self":[{"href":"https:\/\/hunterproboutique.com\/fr\/wp-json\/wp\/v2\/product\/16043","targetHints":{"allow":["GET"]}}],"collection":[{"href":"https:\/\/hunterproboutique.com\/fr\/wp-json\/wp\/v2\/product"}],"about":[{"href":"https:\/\/hunterproboutique.com\/fr\/wp-json\/wp\/v2\/types\/product"}],"wp:featuredmedia":[{"embeddable":true,"href":"https:\/\/hunterproboutique.com\/fr\/wp-json\/wp\/v2\/media\/26878"}],"wp:attachment":[{"href":"https:\/\/hunterproboutique.com\/fr\/wp-json\/wp\/v2\/media?parent=16043"}],"wp:term":[{"taxonomy":"product_brand","embeddable":true,"href":"https:\/\/hunterproboutique.com\/fr\/wp-json\/wp\/v2\/product_brand?post=16043"},{"taxonomy":"product_cat","embeddable":true,"href":"https:\/\/hunterproboutique.com\/fr\/wp-json\/wp\/v2\/product_cat?post=16043"},{"taxonomy":"product_tag","embeddable":true,"href":"https:\/\/hunterproboutique.com\/fr\/wp-json\/wp\/v2\/product_tag?post=16043"}],"curies":[{"name":"wp","href":"https:\/\/api.w.org\/{rel}","templated":true}]}}