{"id":16045,"date":"2026-04-16T01:02:24","date_gmt":"2026-04-16T05:02:24","guid":{"rendered":"https:\/\/hunterproboutique.com\/product\/andis-439g-aerosol-cool-care-plus\/"},"modified":"2026-04-16T03:15:39","modified_gmt":"2026-04-16T07:15:39","slug":"andis-439g-aerosol-cool-care-plus","status":"publish","type":"product","link":"https:\/\/hunterproboutique.com\/fr\/produit\/andis-439g-aerosol-cool-care-plus\/","title":{"rendered":"ANDIS 439g AEROSOL-COOL CARE PLUS"},"content":{"rendered":"<p>COOL CARE PLUS &#8211; AEROSOL  Cette formule 5-en-1 refroidit, d\u00e9sinfecte, lubrifie, nettoie et pr\u00e9vient la rouille.  *Comporte des propri\u00e9t\u00e9s virucides, fongicides, bact\u00e9ricides et tuberculosicides.  *Son utilisation permet de r\u00e9duire la friction pour une coupe plus efficace et une plus longue dur\u00e9e de vie des lames.<\/p>\n","protected":false},"excerpt":{"rendered":"<p>COOL CARE PLUS &#8211; AEROSOL  Cette formule 5-en-1 refroidit, d\u00e9sinfecte, lubrifie, nettoie et pr\u00e9vient la rouille.  *Comporte des propri\u00e9t\u00e9s virucides, fongicides, bact\u00e9ricides et tuberculosicides.  *Son utilisation permet de r\u00e9duire la friction pour une coupe plus efficace et une plus longue dur\u00e9e de vie des lames.<\/p>\n","protected":false},"featured_media":27076,"template":"","meta":[],"product_brand":[],"product_cat":[356,357,345],"product_tag":[],"class_list":{"0":"post-16045","1":"product","2":"type-product","3":"status-publish","4":"has-post-thumbnail","6":"product_cat-rasoir-et-trimmeur","7":"product_cat-rasoir-et-trimmeur-andis","8":"product_cat-toilettage","10":"first","11":"instock","12":"taxable","13":"shipping-taxable","14":"purchasable","15":"product-type-simple"},"aioseo_notices":[],"_links":{"self":[{"href":"https:\/\/hunterproboutique.com\/fr\/wp-json\/wp\/v2\/product\/16045","targetHints":{"allow":["GET"]}}],"collection":[{"href":"https:\/\/hunterproboutique.com\/fr\/wp-json\/wp\/v2\/product"}],"about":[{"href":"https:\/\/hunterproboutique.com\/fr\/wp-json\/wp\/v2\/types\/product"}],"wp:featuredmedia":[{"embeddable":true,"href":"https:\/\/hunterproboutique.com\/fr\/wp-json\/wp\/v2\/media\/27076"}],"wp:attachment":[{"href":"https:\/\/hunterproboutique.com\/fr\/wp-json\/wp\/v2\/media?parent=16045"}],"wp:term":[{"taxonomy":"product_brand","embeddable":true,"href":"https:\/\/hunterproboutique.com\/fr\/wp-json\/wp\/v2\/product_brand?post=16045"},{"taxonomy":"product_cat","embeddable":true,"href":"https:\/\/hunterproboutique.com\/fr\/wp-json\/wp\/v2\/product_cat?post=16045"},{"taxonomy":"product_tag","embeddable":true,"href":"https:\/\/hunterproboutique.com\/fr\/wp-json\/wp\/v2\/product_tag?post=16045"}],"curies":[{"name":"wp","href":"https:\/\/api.w.org\/{rel}","templated":true}]}}