{"id":16049,"date":"2026-04-16T01:02:24","date_gmt":"2026-04-16T05:02:24","guid":{"rendered":"https:\/\/hunterproboutique.com\/product\/andis-16oz-pompe-blade-care-plus\/"},"modified":"2026-04-16T03:15:39","modified_gmt":"2026-04-16T07:15:39","slug":"andis-16oz-pompe-blade-care-plus","status":"publish","type":"product","link":"https:\/\/hunterproboutique.com\/fr\/produit\/andis-16oz-pompe-blade-care-plus\/","title":{"rendered":"ANDIS 16OZ POMPE &#8211; BLADE CARE PLUS"},"content":{"rendered":"<p>BLADE CARE PLUS &#8211; POMPE, 16OZ  Cette formule 7-en-1 refroidit, d\u00e9odorise, lubrifie, nettoie, pr\u00e9vient la rouille et d\u00e9contamine les lames, pour optimiser la performance.  *Contient de la vitamine E. *Enl\u00e8ve les r\u00e9sidus de poils et d&#8217;autres accumulations en quelques secondes seulement<\/p>\n","protected":false},"excerpt":{"rendered":"<p>BLADE CARE PLUS &#8211; POMPE, 16OZ  Cette formule 7-en-1 refroidit, d\u00e9odorise, lubrifie, nettoie, pr\u00e9vient la rouille et d\u00e9contamine les lames, pour optimiser la performance.  *Contient de la vitamine E. *Enl\u00e8ve les r\u00e9sidus de poils et d&#8217;autres accumulations en quelques secondes seulement<\/p>\n","protected":false},"featured_media":27082,"template":"","meta":[],"product_brand":[],"product_cat":[356,357,345],"product_tag":[],"class_list":{"0":"post-16049","1":"product","2":"type-product","3":"status-publish","4":"has-post-thumbnail","6":"product_cat-rasoir-et-trimmeur","7":"product_cat-rasoir-et-trimmeur-andis","8":"product_cat-toilettage","10":"first","11":"instock","12":"taxable","13":"shipping-taxable","14":"purchasable","15":"product-type-simple"},"aioseo_notices":[],"_links":{"self":[{"href":"https:\/\/hunterproboutique.com\/fr\/wp-json\/wp\/v2\/product\/16049","targetHints":{"allow":["GET"]}}],"collection":[{"href":"https:\/\/hunterproboutique.com\/fr\/wp-json\/wp\/v2\/product"}],"about":[{"href":"https:\/\/hunterproboutique.com\/fr\/wp-json\/wp\/v2\/types\/product"}],"wp:featuredmedia":[{"embeddable":true,"href":"https:\/\/hunterproboutique.com\/fr\/wp-json\/wp\/v2\/media\/27082"}],"wp:attachment":[{"href":"https:\/\/hunterproboutique.com\/fr\/wp-json\/wp\/v2\/media?parent=16049"}],"wp:term":[{"taxonomy":"product_brand","embeddable":true,"href":"https:\/\/hunterproboutique.com\/fr\/wp-json\/wp\/v2\/product_brand?post=16049"},{"taxonomy":"product_cat","embeddable":true,"href":"https:\/\/hunterproboutique.com\/fr\/wp-json\/wp\/v2\/product_cat?post=16049"},{"taxonomy":"product_tag","embeddable":true,"href":"https:\/\/hunterproboutique.com\/fr\/wp-json\/wp\/v2\/product_tag?post=16049"}],"curies":[{"name":"wp","href":"https:\/\/api.w.org\/{rel}","templated":true}]}}