{"id":16069,"date":"2026-04-16T01:02:21","date_gmt":"2026-04-16T05:02:21","guid":{"rendered":"https:\/\/hunterproboutique.com\/product\/andis-7sk-lame-ultraedge\/"},"modified":"2026-04-16T03:15:35","modified_gmt":"2026-04-16T07:15:35","slug":"andis-7sk-lame-ultraedge","status":"publish","type":"product","link":"https:\/\/hunterproboutique.com\/fr\/produit\/andis-7sk-lame-ultraedge\/","title":{"rendered":"ANDIS #7SK  LAME ULTRAEDGE"},"content":{"rendered":"<p>LAME ULTRAEDGE ANDIS &#8211; #7SK  Les lames UltraEdge sont rod\u00e9es \u00e0 la main, polies et finies pour une coupe sup\u00e9rieure. Elles sont sp\u00e9cialement durcies pour assurer une longue vie. Un fini chrome r\u00e9siste \u00e0 la rouille et aide \u00e0 maintenir un niveau de performance optimal.   *Coupe uniforme avec un fini de qualit\u00e9 assur\u00e9e *Coupe: 1\/8&#8242; &#8211; 3.2mm *Il est important de toujours nettoyer les lames et les huiler avant la premi\u00e8re utilisation *Andis offre les produits n\u00e9cessaires \u00e0 l&#8217;entretien de vos lames, vous pouvez choisir: *Le produit D\u00e9sinfectant Cool Care nettoie,d\u00e9sodorise et pr\u00e9vient la rouille *Le produit Clipper Oil pour huiler les lames *Le produit Blade Care liquide, pour lubrifier et nettoyer, disponible en pompe et en contenant *Convient \u00e0 la plupart des autres tondeuses sur le march\u00e9<\/p>\n","protected":false},"excerpt":{"rendered":"<p>LAME ULTRAEDGE ANDIS &#8211; #7SK  Les lames UltraEdge sont rod\u00e9es \u00e0 la main, polies et finies pour une coupe sup\u00e9rieure. Elles sont sp\u00e9cialement durcies pour assurer une longue vie. Un fini chrome r\u00e9siste \u00e0 la rouille et aide \u00e0 maintenir un niveau de performance optimal.   *Coupe uniforme avec un fini de qualit\u00e9 assur\u00e9e *Coupe: 1\/8&#8242; &#8211; 3.2mm *Il est important de toujours nettoyer les lames et les huiler avant la premi\u00e8re utilisation *Andis offre les produits n\u00e9cessaires \u00e0 l&#8217;entretien de vos lames, vous pouvez choisir: *Le produit D\u00e9sinfectant Cool Care nettoie,d\u00e9sodorise et pr\u00e9vient la rouille *Le produit Clipper Oil pour huiler les lames *Le produit Blade Care liquide, pour lubrifier et nettoyer, disponible en pompe et en contenant *Convient \u00e0 la plupart des autres tondeuses sur le march\u00e9<\/p>\n","protected":false},"featured_media":27019,"template":"","meta":[],"product_brand":[],"product_cat":[350,351,345],"product_tag":[],"class_list":{"0":"post-16069","1":"product","2":"type-product","3":"status-publish","4":"has-post-thumbnail","6":"product_cat-lames","7":"product_cat-lames-andis","8":"product_cat-toilettage","10":"first","11":"instock","12":"taxable","13":"shipping-taxable","14":"purchasable","15":"product-type-simple"},"aioseo_notices":[],"_links":{"self":[{"href":"https:\/\/hunterproboutique.com\/fr\/wp-json\/wp\/v2\/product\/16069","targetHints":{"allow":["GET"]}}],"collection":[{"href":"https:\/\/hunterproboutique.com\/fr\/wp-json\/wp\/v2\/product"}],"about":[{"href":"https:\/\/hunterproboutique.com\/fr\/wp-json\/wp\/v2\/types\/product"}],"wp:featuredmedia":[{"embeddable":true,"href":"https:\/\/hunterproboutique.com\/fr\/wp-json\/wp\/v2\/media\/27019"}],"wp:attachment":[{"href":"https:\/\/hunterproboutique.com\/fr\/wp-json\/wp\/v2\/media?parent=16069"}],"wp:term":[{"taxonomy":"product_brand","embeddable":true,"href":"https:\/\/hunterproboutique.com\/fr\/wp-json\/wp\/v2\/product_brand?post=16069"},{"taxonomy":"product_cat","embeddable":true,"href":"https:\/\/hunterproboutique.com\/fr\/wp-json\/wp\/v2\/product_cat?post=16069"},{"taxonomy":"product_tag","embeddable":true,"href":"https:\/\/hunterproboutique.com\/fr\/wp-json\/wp\/v2\/product_tag?post=16069"}],"curies":[{"name":"wp","href":"https:\/\/api.w.org\/{rel}","templated":true}]}}