{"id":16093,"date":"2026-04-16T01:02:23","date_gmt":"2026-04-16T05:02:23","guid":{"rendered":"https:\/\/hunterproboutique.com\/product\/andis-7fc-lame-ceramicedge\/"},"modified":"2026-04-16T03:15:38","modified_gmt":"2026-04-16T07:15:38","slug":"andis-7fc-lame-ceramicedge","status":"publish","type":"product","link":"https:\/\/hunterproboutique.com\/fr\/produit\/andis-7fc-lame-ceramicedge\/","title":{"rendered":"ANDIS #7FC LAME CERAMICEDGE"},"content":{"rendered":"<p>LAME CERAMICEDGE ANDIS &#8211; #7FC  Ces lame en c\u00e9ramique de haute qualit\u00e9 restent tranchantes plus longtemps, n\u00e9cessitant moins d&#8217;aiguisage que les lames en acier standard.  *Transf\u00e8rent moins de chaleur et de friction que celles-ci restant 50% plus fra\u00eeches *Requi\u00e8rent moins de produit refroidissant et coupent plus rapidement et longtemps *Faites d&#8217;acier infus\u00e9 au carbone avec un fini mat *Dos et bout de la lame en c\u00e9ramique. *Coupe uniforme avec un fini de qualit\u00e9 assur\u00e9e *Coupe: 1\/8&#8242; -3.2mm *Il est important de toujours nettoyer les lames et les huiler avant la premi\u00e8re utilisation *Andis offre les produits n\u00e9cessaires \u00e0 l&#8217;entretien de vos lames, vous pouvez choisir: *Le produit D\u00e9sinfectant Cool Care nettoie,d\u00e9sodorise et pr\u00e9vient la rouille *Le produit Clipper Oil pour huiler les lames *Le produit Blade Care liquide, pour lubrifier et nettoyer, disponible en pompe et en contenant *Convient \u00e0 la plupart des autres tondeuses sur le march\u00e9<\/p>\n","protected":false},"excerpt":{"rendered":"<p>LAME CERAMICEDGE ANDIS &#8211; #7FC  Ces lame en c\u00e9ramique de haute qualit\u00e9 restent tranchantes plus longtemps, n\u00e9cessitant moins d&#8217;aiguisage que les lames en acier standard.  *Transf\u00e8rent moins de chaleur et de friction que celles-ci restant 50% plus fra\u00eeches *Requi\u00e8rent moins de produit refroidissant et coupent plus rapidement et longtemps *Faites d&#8217;acier infus\u00e9 au carbone avec un fini mat *Dos et bout de la lame en c\u00e9ramique. *Coupe uniforme avec un fini de qualit\u00e9 assur\u00e9e *Coupe: 1\/8&#8242; -3.2mm *Il est important de toujours nettoyer les lames et les huiler avant la premi\u00e8re utilisation *Andis offre les produits n\u00e9cessaires \u00e0 l&#8217;entretien de vos lames, vous pouvez choisir: *Le produit D\u00e9sinfectant Cool Care nettoie,d\u00e9sodorise et pr\u00e9vient la rouille *Le produit Clipper Oil pour huiler les lames *Le produit Blade Care liquide, pour lubrifier et nettoyer, disponible en pompe et en contenant *Convient \u00e0 la plupart des autres tondeuses sur le march\u00e9<\/p>\n","protected":false},"featured_media":27055,"template":"","meta":[],"product_brand":[],"product_cat":[350,351,345],"product_tag":[],"class_list":{"0":"post-16093","1":"product","2":"type-product","3":"status-publish","4":"has-post-thumbnail","6":"product_cat-lames","7":"product_cat-lames-andis","8":"product_cat-toilettage","10":"first","11":"instock","12":"taxable","13":"shipping-taxable","14":"purchasable","15":"product-type-simple"},"aioseo_notices":[],"_links":{"self":[{"href":"https:\/\/hunterproboutique.com\/fr\/wp-json\/wp\/v2\/product\/16093","targetHints":{"allow":["GET"]}}],"collection":[{"href":"https:\/\/hunterproboutique.com\/fr\/wp-json\/wp\/v2\/product"}],"about":[{"href":"https:\/\/hunterproboutique.com\/fr\/wp-json\/wp\/v2\/types\/product"}],"wp:featuredmedia":[{"embeddable":true,"href":"https:\/\/hunterproboutique.com\/fr\/wp-json\/wp\/v2\/media\/27055"}],"wp:attachment":[{"href":"https:\/\/hunterproboutique.com\/fr\/wp-json\/wp\/v2\/media?parent=16093"}],"wp:term":[{"taxonomy":"product_brand","embeddable":true,"href":"https:\/\/hunterproboutique.com\/fr\/wp-json\/wp\/v2\/product_brand?post=16093"},{"taxonomy":"product_cat","embeddable":true,"href":"https:\/\/hunterproboutique.com\/fr\/wp-json\/wp\/v2\/product_cat?post=16093"},{"taxonomy":"product_tag","embeddable":true,"href":"https:\/\/hunterproboutique.com\/fr\/wp-json\/wp\/v2\/product_tag?post=16093"}],"curies":[{"name":"wp","href":"https:\/\/api.w.org\/{rel}","templated":true}]}}