{"id":16109,"date":"2026-04-15T01:02:15","date_gmt":"2026-04-15T05:02:15","guid":{"rendered":"https:\/\/hunterproboutique.com\/product\/wahl-4f-lame-competition\/"},"modified":"2026-04-15T03:15:18","modified_gmt":"2026-04-15T07:15:18","slug":"wahl-4f-lame-competition","status":"publish","type":"product","link":"https:\/\/hunterproboutique.com\/fr\/produit\/wahl-4f-lame-competition\/","title":{"rendered":"WAHL #4F LAME COMPETITION"},"content":{"rendered":"<p>LAME COMPETITION SERIES &#8211; #4F EXTRA GROSSI\u00c8RE  Les lames Competition Series de Wahl sont fabriqu\u00e9es en Allemagne avec de l&#8217;acier inoxydable hautement carbonis\u00e9.  *Cote de duret\u00e9 Rockwell est de 64 *Fini chrome hautement sup\u00e9rieur, contre la rouille et la corrosion, prolongeant la vie de l&#8217;item  *Coupe uniforme avec un fini de qualit\u00e9 assur\u00e9e *Coupe: 5\/16&#8242; &#8211; 8mm *Il est important de toujours nettoyer les lames et les huiler avant la premi\u00e8re utilisation *Wahl offre les produits n\u00e9cessaires \u00e0 l&#8217;entretien de vos lames, vous pouvez choisir: *Le produit D\u00e9sinfectant Wahl nettoie et d\u00e9sodorise *Le produit Clipper Oil pour huiler les lames *Le produit Blade Ice pour lubrifier et nettoyer<\/p>\n","protected":false},"excerpt":{"rendered":"<p>LAME COMPETITION SERIES &#8211; #4F EXTRA GROSSI\u00c8RE  Les lames Competition Series de Wahl sont fabriqu\u00e9es en Allemagne avec de l&#8217;acier inoxydable hautement carbonis\u00e9.  *Cote de duret\u00e9 Rockwell est de 64 *Fini chrome hautement sup\u00e9rieur, contre la rouille et la corrosion, prolongeant la vie de l&#8217;item  *Coupe uniforme avec un fini de qualit\u00e9 assur\u00e9e *Coupe: 5\/16&#8242; &#8211; 8mm *Il est important de toujours nettoyer les lames et les huiler avant la premi\u00e8re utilisation *Wahl offre les produits n\u00e9cessaires \u00e0 l&#8217;entretien de vos lames, vous pouvez choisir: *Le produit D\u00e9sinfectant Wahl nettoie et d\u00e9sodorise *Le produit Clipper Oil pour huiler les lames *Le produit Blade Ice pour lubrifier et nettoyer<\/p>\n","protected":false},"featured_media":26845,"template":"","meta":[],"product_brand":[],"product_cat":[350,354,345],"product_tag":[],"class_list":{"0":"post-16109","1":"product","2":"type-product","3":"status-publish","4":"has-post-thumbnail","6":"product_cat-lames","7":"product_cat-lames-wahl","8":"product_cat-toilettage","10":"first","11":"instock","12":"taxable","13":"shipping-taxable","14":"purchasable","15":"product-type-simple"},"aioseo_notices":[],"_links":{"self":[{"href":"https:\/\/hunterproboutique.com\/fr\/wp-json\/wp\/v2\/product\/16109","targetHints":{"allow":["GET"]}}],"collection":[{"href":"https:\/\/hunterproboutique.com\/fr\/wp-json\/wp\/v2\/product"}],"about":[{"href":"https:\/\/hunterproboutique.com\/fr\/wp-json\/wp\/v2\/types\/product"}],"wp:featuredmedia":[{"embeddable":true,"href":"https:\/\/hunterproboutique.com\/fr\/wp-json\/wp\/v2\/media\/26845"}],"wp:attachment":[{"href":"https:\/\/hunterproboutique.com\/fr\/wp-json\/wp\/v2\/media?parent=16109"}],"wp:term":[{"taxonomy":"product_brand","embeddable":true,"href":"https:\/\/hunterproboutique.com\/fr\/wp-json\/wp\/v2\/product_brand?post=16109"},{"taxonomy":"product_cat","embeddable":true,"href":"https:\/\/hunterproboutique.com\/fr\/wp-json\/wp\/v2\/product_cat?post=16109"},{"taxonomy":"product_tag","embeddable":true,"href":"https:\/\/hunterproboutique.com\/fr\/wp-json\/wp\/v2\/product_tag?post=16109"}],"curies":[{"name":"wp","href":"https:\/\/api.w.org\/{rel}","templated":true}]}}