{"id":16125,"date":"2026-04-16T01:02:14","date_gmt":"2026-04-16T05:02:14","guid":{"rendered":"https:\/\/hunterproboutique.com\/product\/wahl-lame-standard-5-en-1\/"},"modified":"2026-04-15T03:15:19","modified_gmt":"2026-04-15T07:15:19","slug":"wahl-lame-standard-5-en-1","status":"publish","type":"product","link":"https:\/\/hunterproboutique.com\/fr\/produit\/wahl-lame-standard-5-en-1\/","title":{"rendered":"WAHL LAME STANDARD 5 en 1"},"content":{"rendered":"<p>LAME 5 DANS 1 \u00c0  PERFORMANCE SUP\u00c9RIEURE IN\u00c9GAL\u00c9E  Les lames de Wahl sont fabriqu\u00e9es en Allemagne avec de l&#8217;acier inoxydable hautement carbonis\u00e9.   *La g\u00e9om\u00e9trie sup\u00e9rieure des dents permet de redresser le poil pour la coupe,prot\u00e9geant l&#8217;animal des blessures.  *Cote de duret\u00e9 Rockwell est de 64 *Fini chrome hautement sup\u00e9rieur, contre la rouille et la corrosion, prolongeant la vie de l&#8217;item  *Coupe uniforme avec un fini de qualit\u00e9 assur\u00e9e *Coupe:selon le choix du num\u00e9ro de la lame * Il est important de toujours nettoyer les lames et les huiler avant la premi\u00e8re utilisation *Wahl offre les produits n\u00e9cessaires \u00e0 l&#8217;entretien de vos lames, vous pouvez choisir: *Le produit D\u00e9sinfectant Wahl nettoie et d\u00e9sodorise *Le produit Clipper Oil pour huiler les lames *Le produit Blade Ice pour lubrifier et nettoyer **Convient aux produits Wahl suivants: Arco, Arco SE, Bellissima, Beretto, Bravura, Chromado, Li + Pro, Motion et Figura<\/p>\n","protected":false},"excerpt":{"rendered":"<p>LAME 5 DANS 1 \u00c0  PERFORMANCE SUP\u00c9RIEURE IN\u00c9GAL\u00c9E  Les lames de Wahl sont fabriqu\u00e9es en Allemagne avec de l&#8217;acier inoxydable hautement carbonis\u00e9.   *La g\u00e9om\u00e9trie sup\u00e9rieure des dents permet de redresser le poil pour la coupe,prot\u00e9geant l&#8217;animal des blessures.  *Cote de duret\u00e9 Rockwell est de 64 *Fini chrome hautement sup\u00e9rieur, contre la rouille et la corrosion, prolongeant la vie de l&#8217;item  *Coupe uniforme avec un fini de qualit\u00e9 assur\u00e9e *Coupe:selon le choix du num\u00e9ro de la lame * Il est important de toujours nettoyer les lames et les huiler avant la premi\u00e8re utilisation *Wahl offre les produits n\u00e9cessaires \u00e0 l&#8217;entretien de vos lames, vous pouvez choisir: *Le produit D\u00e9sinfectant Wahl nettoie et d\u00e9sodorise *Le produit Clipper Oil pour huiler les lames *Le produit Blade Ice pour lubrifier et nettoyer **Convient aux produits Wahl suivants: Arco, Arco SE, Bellissima, Beretto, Bravura, Chromado, Li + Pro, Motion et Figura<\/p>\n","protected":false},"featured_media":26866,"template":"","meta":[],"product_brand":[],"product_cat":[350,354,345],"product_tag":[],"class_list":{"0":"post-16125","1":"product","2":"type-product","3":"status-publish","4":"has-post-thumbnail","6":"product_cat-lames","7":"product_cat-lames-wahl","8":"product_cat-toilettage","10":"first","11":"outofstock","12":"taxable","13":"shipping-taxable","14":"purchasable","15":"product-type-simple"},"aioseo_notices":[],"_links":{"self":[{"href":"https:\/\/hunterproboutique.com\/fr\/wp-json\/wp\/v2\/product\/16125","targetHints":{"allow":["GET"]}}],"collection":[{"href":"https:\/\/hunterproboutique.com\/fr\/wp-json\/wp\/v2\/product"}],"about":[{"href":"https:\/\/hunterproboutique.com\/fr\/wp-json\/wp\/v2\/types\/product"}],"wp:featuredmedia":[{"embeddable":true,"href":"https:\/\/hunterproboutique.com\/fr\/wp-json\/wp\/v2\/media\/26866"}],"wp:attachment":[{"href":"https:\/\/hunterproboutique.com\/fr\/wp-json\/wp\/v2\/media?parent=16125"}],"wp:term":[{"taxonomy":"product_brand","embeddable":true,"href":"https:\/\/hunterproboutique.com\/fr\/wp-json\/wp\/v2\/product_brand?post=16125"},{"taxonomy":"product_cat","embeddable":true,"href":"https:\/\/hunterproboutique.com\/fr\/wp-json\/wp\/v2\/product_cat?post=16125"},{"taxonomy":"product_tag","embeddable":true,"href":"https:\/\/hunterproboutique.com\/fr\/wp-json\/wp\/v2\/product_tag?post=16125"}],"curies":[{"name":"wp","href":"https:\/\/api.w.org\/{rel}","templated":true}]}}