{"id":16127,"date":"2026-04-16T01:02:14","date_gmt":"2026-04-16T05:02:14","guid":{"rendered":"https:\/\/hunterproboutique.com\/product\/wahl-5-in-1-diamond-blade\/"},"modified":"2026-04-15T03:15:19","modified_gmt":"2026-04-15T07:15:19","slug":"wahl-5-in-1-diamond-blade","status":"publish","type":"product","link":"https:\/\/hunterproboutique.com\/fr\/produit\/wahl-5-in-1-diamond-blade\/","title":{"rendered":"WAHL 5 in 1 DIAMOND BLADE"},"content":{"rendered":"<p>LAME 5 DANS 1 DIAMOND  Les lames de Wahl sont fabriqu\u00e9es en Allemagne avec de l&#8217;acier inoxydable hautement carbonis\u00e9.   *Technique innovative *Extra durable *Rin\u00e7able *R\u00e9siste compl\u00e8tement \u00e0 la rouille *Convient aux produits Wahl suivants: Arco, Arco SE, Bellissima, Beretto, Bravura, Chromado,    Li + Pro, Motion et Figura<\/p>\n","protected":false},"excerpt":{"rendered":"<p>LAME 5 DANS 1 DIAMOND  Les lames de Wahl sont fabriqu\u00e9es en Allemagne avec de l&#8217;acier inoxydable hautement carbonis\u00e9.   *Technique innovative *Extra durable *Rin\u00e7able *R\u00e9siste compl\u00e8tement \u00e0 la rouille *Convient aux produits Wahl suivants: Arco, Arco SE, Bellissima, Beretto, Bravura, Chromado,    Li + Pro, Motion et Figura<\/p>\n","protected":false},"featured_media":26869,"template":"","meta":[],"product_brand":[],"product_cat":[350,354,345],"product_tag":[],"class_list":{"0":"post-16127","1":"product","2":"type-product","3":"status-publish","4":"has-post-thumbnail","6":"product_cat-lames","7":"product_cat-lames-wahl","8":"product_cat-toilettage","10":"first","11":"outofstock","12":"taxable","13":"shipping-taxable","14":"purchasable","15":"product-type-simple"},"aioseo_notices":[],"_links":{"self":[{"href":"https:\/\/hunterproboutique.com\/fr\/wp-json\/wp\/v2\/product\/16127","targetHints":{"allow":["GET"]}}],"collection":[{"href":"https:\/\/hunterproboutique.com\/fr\/wp-json\/wp\/v2\/product"}],"about":[{"href":"https:\/\/hunterproboutique.com\/fr\/wp-json\/wp\/v2\/types\/product"}],"wp:featuredmedia":[{"embeddable":true,"href":"https:\/\/hunterproboutique.com\/fr\/wp-json\/wp\/v2\/media\/26869"}],"wp:attachment":[{"href":"https:\/\/hunterproboutique.com\/fr\/wp-json\/wp\/v2\/media?parent=16127"}],"wp:term":[{"taxonomy":"product_brand","embeddable":true,"href":"https:\/\/hunterproboutique.com\/fr\/wp-json\/wp\/v2\/product_brand?post=16127"},{"taxonomy":"product_cat","embeddable":true,"href":"https:\/\/hunterproboutique.com\/fr\/wp-json\/wp\/v2\/product_cat?post=16127"},{"taxonomy":"product_tag","embeddable":true,"href":"https:\/\/hunterproboutique.com\/fr\/wp-json\/wp\/v2\/product_tag?post=16127"}],"curies":[{"name":"wp","href":"https:\/\/api.w.org\/{rel}","templated":true}]}}