{"id":16137,"date":"2026-04-23T01:02:11","date_gmt":"2026-04-23T05:02:11","guid":{"rendered":"https:\/\/hunterproboutique.com\/product\/1-4-wahl-peigne-universelinox\/"},"modified":"2026-04-23T03:15:21","modified_gmt":"2026-04-23T07:15:21","slug":"1-4-wahl-peigne-universelinox","status":"publish","type":"product","link":"https:\/\/hunterproboutique.com\/fr\/produit\/1-4-wahl-peigne-universelinox\/","title":{"rendered":"1\/4&#8242; WAHL, PEIGNE UNIVERSEL,INOX #4"},"content":{"rendered":"<p>PEIGNE-GUIDE UNIVERSEL EN ACIER INOXYDABLE WAHL 1\/4&#8242;  La technologie Acier Inoxydable permet aux lames de rester fra\u00eeches alors que les peignes glissent dans le pelage rapidement et efficacement, laissant un fini doux et uniforme. Ces peignes-guide rendront le toilettage plus facile.  *Pour utilisation sur une lame # 30 pour plus de pr\u00e9cision *Peut \u00eatre utilis\u00e9e toutefois sur une lame # 10, 15 ou 30, de n&#8217;importe quelle marque *Ne jamais utiliser sur une lame # 40 *Bouts arrondis pour \u00e9viter les accrochages *S&#8217;emboite rapidement pour contrer le d\u00e9tachement *R\u00e9f\u00e9rence pour coupe, selon codes: * 5 &#8211; 1\/8&#8242; &#8211;  * 4,- 1\/4&#8242; &#8211;  * 2,-3\/8&#8242; &#8211;  * 1 &#8211; 1\/2&#8242;, * 0,- 5\/8&#8242; &#8211;  * A &#8211; 3\/4&#8242; &#8211;  * C &#8211; 7\/8&#8242;  &#8211; * E,- 1&#8242;<\/p>\n","protected":false},"excerpt":{"rendered":"<p>PEIGNE-GUIDE UNIVERSEL EN ACIER INOXYDABLE WAHL 1\/4&#8242;  La technologie Acier Inoxydable permet aux lames de rester fra\u00eeches alors que les peignes glissent dans le pelage rapidement et efficacement, laissant un fini doux et uniforme. Ces peignes-guide rendront le toilettage plus facile.  *Pour utilisation sur une lame # 30 pour plus de pr\u00e9cision *Peut \u00eatre utilis\u00e9e toutefois sur une lame # 10, 15 ou 30, de n&#8217;importe quelle marque *Ne jamais utiliser sur une lame # 40 *Bouts arrondis pour \u00e9viter les accrochages *S&#8217;emboite rapidement pour contrer le d\u00e9tachement *R\u00e9f\u00e9rence pour coupe, selon codes: * 5 &#8211; 1\/8&#8242; &#8211;  * 4,- 1\/4&#8242; &#8211;  * 2,-3\/8&#8242; &#8211;  * 1 &#8211; 1\/2&#8242;, * 0,- 5\/8&#8242; &#8211;  * A &#8211; 3\/4&#8242; &#8211;  * C &#8211; 7\/8&#8242;  &#8211; * E,- 1&#8242;<\/p>\n","protected":false},"featured_media":26887,"template":"","meta":[],"product_brand":[],"product_cat":[350,354,345],"product_tag":[],"class_list":{"0":"post-16137","1":"product","2":"type-product","3":"status-publish","4":"has-post-thumbnail","6":"product_cat-lames","7":"product_cat-lames-wahl","8":"product_cat-toilettage","10":"first","11":"instock","12":"taxable","13":"shipping-taxable","14":"purchasable","15":"product-type-simple"},"aioseo_notices":[],"_links":{"self":[{"href":"https:\/\/hunterproboutique.com\/fr\/wp-json\/wp\/v2\/product\/16137","targetHints":{"allow":["GET"]}}],"collection":[{"href":"https:\/\/hunterproboutique.com\/fr\/wp-json\/wp\/v2\/product"}],"about":[{"href":"https:\/\/hunterproboutique.com\/fr\/wp-json\/wp\/v2\/types\/product"}],"wp:featuredmedia":[{"embeddable":true,"href":"https:\/\/hunterproboutique.com\/fr\/wp-json\/wp\/v2\/media\/26887"}],"wp:attachment":[{"href":"https:\/\/hunterproboutique.com\/fr\/wp-json\/wp\/v2\/media?parent=16137"}],"wp:term":[{"taxonomy":"product_brand","embeddable":true,"href":"https:\/\/hunterproboutique.com\/fr\/wp-json\/wp\/v2\/product_brand?post=16137"},{"taxonomy":"product_cat","embeddable":true,"href":"https:\/\/hunterproboutique.com\/fr\/wp-json\/wp\/v2\/product_cat?post=16137"},{"taxonomy":"product_tag","embeddable":true,"href":"https:\/\/hunterproboutique.com\/fr\/wp-json\/wp\/v2\/product_tag?post=16137"}],"curies":[{"name":"wp","href":"https:\/\/api.w.org\/{rel}","templated":true}]}}