{"id":16151,"date":"2026-04-16T01:02:15","date_gmt":"2026-04-16T05:02:15","guid":{"rendered":"https:\/\/hunterproboutique.com\/product\/ens-8-peignes-pour-lame-5-en-1-inox\/"},"modified":"2026-04-16T03:15:24","modified_gmt":"2026-04-16T07:15:24","slug":"ens-8-peignes-pour-lame-5-en-1-inox","status":"publish","type":"product","link":"https:\/\/hunterproboutique.com\/fr\/produit\/ens-8-peignes-pour-lame-5-en-1-inox\/","title":{"rendered":"ENS. 8 PEIGNES POUR LAME 5 EN 1, INOX"},"content":{"rendered":"<p>WAHL  8 PEIGNES-GUIDES UNIVERSELS , INOX. &#8211; POUR LAME &#8216;5 DANS 1&#8217;  Cet ensemble de 8 peignes-guides en acier inoxydable convient aux tondeuses avec lame 5-en-1 comme les Li+Pro, Bellissima, Chromado, Bravura, Arco et Arco SE. Leurs code couleur permet de distinguer les longueurs de coupe rapidement, de 1\/8&#8221; \u00e0 1&#8221;. Elles glissent rapidement et efficacement pour une bonne finition. Les bouts arrondis permettent d&#8217;\u00e9viter de tirer. Elles sont vendues dans un coffre de rangement avec couvercle.  *A utiliser avec les lames &#8216;5 dans 1&#8242; *Bouts arrondis pour \u00e9viter les accrochages *S&#8217;emboite rapidement pour contrer le d\u00e9tachement *Cet ensemble vient dans un contenant avec couvercle pour entreposage. *Contient les peignes-guides suivants: 5, 4, 2, 1, 0, A, C et E, cod\u00e9s par couleur pour r\u00e9f\u00e9rence<\/p>\n","protected":false},"excerpt":{"rendered":"<p>WAHL  8 PEIGNES-GUIDES UNIVERSELS , INOX. &#8211; POUR LAME &#8216;5 DANS 1&#8217;  Cet ensemble de 8 peignes-guides en acier inoxydable convient aux tondeuses avec lame 5-en-1 comme les Li+Pro, Bellissima, Chromado, Bravura, Arco et Arco SE. Leurs code couleur permet de distinguer les longueurs de coupe rapidement, de 1\/8&#8221; \u00e0 1&#8221;. Elles glissent rapidement et efficacement pour une bonne finition. Les bouts arrondis permettent d&#8217;\u00e9viter de tirer. Elles sont vendues dans un coffre de rangement avec couvercle.  *A utiliser avec les lames &#8216;5 dans 1&#8242; *Bouts arrondis pour \u00e9viter les accrochages *S&#8217;emboite rapidement pour contrer le d\u00e9tachement *Cet ensemble vient dans un contenant avec couvercle pour entreposage. *Contient les peignes-guides suivants: 5, 4, 2, 1, 0, A, C et E, cod\u00e9s par couleur pour r\u00e9f\u00e9rence<\/p>\n","protected":false},"featured_media":26908,"template":"","meta":[],"product_brand":[],"product_cat":[350,354,345],"product_tag":[],"class_list":{"0":"post-16151","1":"product","2":"type-product","3":"status-publish","4":"has-post-thumbnail","6":"product_cat-lames","7":"product_cat-lames-wahl","8":"product_cat-toilettage","10":"first","11":"outofstock","12":"taxable","13":"shipping-taxable","14":"purchasable","15":"product-type-simple"},"aioseo_notices":[],"_links":{"self":[{"href":"https:\/\/hunterproboutique.com\/fr\/wp-json\/wp\/v2\/product\/16151","targetHints":{"allow":["GET"]}}],"collection":[{"href":"https:\/\/hunterproboutique.com\/fr\/wp-json\/wp\/v2\/product"}],"about":[{"href":"https:\/\/hunterproboutique.com\/fr\/wp-json\/wp\/v2\/types\/product"}],"wp:featuredmedia":[{"embeddable":true,"href":"https:\/\/hunterproboutique.com\/fr\/wp-json\/wp\/v2\/media\/26908"}],"wp:attachment":[{"href":"https:\/\/hunterproboutique.com\/fr\/wp-json\/wp\/v2\/media?parent=16151"}],"wp:term":[{"taxonomy":"product_brand","embeddable":true,"href":"https:\/\/hunterproboutique.com\/fr\/wp-json\/wp\/v2\/product_brand?post=16151"},{"taxonomy":"product_cat","embeddable":true,"href":"https:\/\/hunterproboutique.com\/fr\/wp-json\/wp\/v2\/product_cat?post=16151"},{"taxonomy":"product_tag","embeddable":true,"href":"https:\/\/hunterproboutique.com\/fr\/wp-json\/wp\/v2\/product_tag?post=16151"}],"curies":[{"name":"wp","href":"https:\/\/api.w.org\/{rel}","templated":true}]}}