{"id":16163,"date":"2026-04-23T01:02:21","date_gmt":"2026-04-23T05:02:21","guid":{"rendered":"https:\/\/hunterproboutique.com\/product\/7-lame-pour-a-5-et-2-vitesse\/"},"modified":"2026-04-23T03:15:35","modified_gmt":"2026-04-23T07:15:35","slug":"7-lame-pour-a-5-et-2-vitesse","status":"publish","type":"product","link":"https:\/\/hunterproboutique.com\/fr\/produit\/7-lame-pour-a-5-et-2-vitesse\/","title":{"rendered":"#7 LAME POUR TOUS LES A-5 ET A-6"},"content":{"rendered":"<p>#7 LAME CRYOGEN-X  POUR  TOUS LES  A-5 ET A-6 &#8211;   La cong\u00e9lation des lames \u00e0 300\u00baF en dessous de z\u00e9ro durcit l&#8217;acier au carbone \u00e0 grain fin \u00e0 un degr\u00e9 de duret\u00e9 Rockwell, proc\u00e9d\u00e9 qui permet moins d&#8217;aiguisage et une meilleure dur\u00e9e de vie. Les lames CryogenX de Oster sont con\u00e7ues avec une technologie innovatrice de r\u00e9duction de chaleur et une performance de coupe l\u00e9gendaire.  *Coupe 1\/8&#8242; &#8211; 3.2mm *Pour poils extr\u00eamement emm\u00eal\u00e9s *Les lames neuves doivent \u00eatre nettoy\u00e9es au Blade Wash et huil\u00e9es au Cool Lube ou produits semblables<\/p>\n","protected":false},"excerpt":{"rendered":"<p>#7 LAME CRYOGEN-X  POUR  TOUS LES  A-5 ET A-6 &#8211;   La cong\u00e9lation des lames \u00e0 300\u00baF en dessous de z\u00e9ro durcit l&#8217;acier au carbone \u00e0 grain fin \u00e0 un degr\u00e9 de duret\u00e9 Rockwell, proc\u00e9d\u00e9 qui permet moins d&#8217;aiguisage et une meilleure dur\u00e9e de vie. Les lames CryogenX de Oster sont con\u00e7ues avec une technologie innovatrice de r\u00e9duction de chaleur et une performance de coupe l\u00e9gendaire.  *Coupe 1\/8&#8242; &#8211; 3.2mm *Pour poils extr\u00eamement emm\u00eal\u00e9s *Les lames neuves doivent \u00eatre nettoy\u00e9es au Blade Wash et huil\u00e9es au Cool Lube ou produits semblables<\/p>\n","protected":false},"featured_media":27127,"template":"","meta":[],"product_brand":[],"product_cat":[350,353,345],"product_tag":[],"class_list":{"0":"post-16163","1":"product","2":"type-product","3":"status-publish","4":"has-post-thumbnail","6":"product_cat-lames","7":"product_cat-lames-oster","8":"product_cat-toilettage","10":"first","11":"instock","12":"taxable","13":"shipping-taxable","14":"purchasable","15":"product-type-simple"},"aioseo_notices":[],"_links":{"self":[{"href":"https:\/\/hunterproboutique.com\/fr\/wp-json\/wp\/v2\/product\/16163","targetHints":{"allow":["GET"]}}],"collection":[{"href":"https:\/\/hunterproboutique.com\/fr\/wp-json\/wp\/v2\/product"}],"about":[{"href":"https:\/\/hunterproboutique.com\/fr\/wp-json\/wp\/v2\/types\/product"}],"wp:featuredmedia":[{"embeddable":true,"href":"https:\/\/hunterproboutique.com\/fr\/wp-json\/wp\/v2\/media\/27127"}],"wp:attachment":[{"href":"https:\/\/hunterproboutique.com\/fr\/wp-json\/wp\/v2\/media?parent=16163"}],"wp:term":[{"taxonomy":"product_brand","embeddable":true,"href":"https:\/\/hunterproboutique.com\/fr\/wp-json\/wp\/v2\/product_brand?post=16163"},{"taxonomy":"product_cat","embeddable":true,"href":"https:\/\/hunterproboutique.com\/fr\/wp-json\/wp\/v2\/product_cat?post=16163"},{"taxonomy":"product_tag","embeddable":true,"href":"https:\/\/hunterproboutique.com\/fr\/wp-json\/wp\/v2\/product_tag?post=16163"}],"curies":[{"name":"wp","href":"https:\/\/api.w.org\/{rel}","templated":true}]}}