{"id":16203,"date":"2026-05-08T01:02:29","date_gmt":"2026-05-08T05:02:29","guid":{"rendered":"https:\/\/hunterproboutique.com\/product\/caoutchouc-pour-ciseaux-hunter\/"},"modified":"2026-05-08T03:15:44","modified_gmt":"2026-05-08T07:15:44","slug":"caoutchouc-pour-ciseaux-hunter","status":"publish","type":"product","link":"https:\/\/hunterproboutique.com\/fr\/produit\/caoutchouc-pour-ciseaux-hunter\/","title":{"rendered":"CAOUTCHOUC POUR CISEAUX HUNTER"},"content":{"rendered":"<p>ANNEAU DE CAOUTCHOUC NOIR POUR CISEAUX HUNTER  Ces anneaux de caoutchouc conviennent aux poign\u00e9es de ciseaux Hunter professionnels s\u00e9rie #35932    \u00e0 35945 ainsi  que les Comfort Line s\u00e9rie # 35970 \u00e0 35975.  *Confort d&#8217;ajustement personnalis\u00e9.  AFIN DE RECEVOIR LE BON ITEM, PRI\u00c8RE D&#8217;IDENTIFIER LE NUM\u00c9RO DE PRODUIT DE VOTRE CISEAU. MERCI.<\/p>\n","protected":false},"excerpt":{"rendered":"<p>ANNEAU DE CAOUTCHOUC NOIR POUR CISEAUX HUNTER  Ces anneaux de caoutchouc conviennent aux poign\u00e9es de ciseaux Hunter professionnels s\u00e9rie #35932    \u00e0 35945 ainsi  que les Comfort Line s\u00e9rie # 35970 \u00e0 35975.  *Confort d&#8217;ajustement personnalis\u00e9.  AFIN DE RECEVOIR LE BON ITEM, PRI\u00c8RE D&#8217;IDENTIFIER LE NUM\u00c9RO DE PRODUIT DE VOTRE CISEAU. MERCI.<\/p>\n","protected":false},"featured_media":27567,"template":"","meta":[],"product_brand":[],"product_cat":[373,374,345],"product_tag":[],"class_list":{"0":"post-16203","1":"product","2":"type-product","3":"status-publish","4":"has-post-thumbnail","6":"product_cat-ciseaux","7":"product_cat-hunter-et-accessoires","8":"product_cat-toilettage","10":"first","11":"outofstock","12":"taxable","13":"shipping-taxable","14":"purchasable","15":"product-type-simple"},"aioseo_notices":[],"_links":{"self":[{"href":"https:\/\/hunterproboutique.com\/fr\/wp-json\/wp\/v2\/product\/16203","targetHints":{"allow":["GET"]}}],"collection":[{"href":"https:\/\/hunterproboutique.com\/fr\/wp-json\/wp\/v2\/product"}],"about":[{"href":"https:\/\/hunterproboutique.com\/fr\/wp-json\/wp\/v2\/types\/product"}],"wp:featuredmedia":[{"embeddable":true,"href":"https:\/\/hunterproboutique.com\/fr\/wp-json\/wp\/v2\/media\/27567"}],"wp:attachment":[{"href":"https:\/\/hunterproboutique.com\/fr\/wp-json\/wp\/v2\/media?parent=16203"}],"wp:term":[{"taxonomy":"product_brand","embeddable":true,"href":"https:\/\/hunterproboutique.com\/fr\/wp-json\/wp\/v2\/product_brand?post=16203"},{"taxonomy":"product_cat","embeddable":true,"href":"https:\/\/hunterproboutique.com\/fr\/wp-json\/wp\/v2\/product_cat?post=16203"},{"taxonomy":"product_tag","embeddable":true,"href":"https:\/\/hunterproboutique.com\/fr\/wp-json\/wp\/v2\/product_tag?post=16203"}],"curies":[{"name":"wp","href":"https:\/\/api.w.org\/{rel}","templated":true}]}}