{"id":16207,"date":"2026-04-15T01:02:47","date_gmt":"2026-04-15T05:02:47","guid":{"rendered":"https:\/\/hunterproboutique.com\/product\/7-ciseaux-professionnelinoxdroit\/"},"modified":"2026-04-15T03:15:53","modified_gmt":"2026-04-15T07:15:53","slug":"7-ciseaux-professionnelinoxdroit","status":"publish","type":"product","link":"https:\/\/hunterproboutique.com\/fr\/produit\/7-ciseaux-professionnelinoxdroit\/","title":{"rendered":"7&#8242;    CISEAUX DROITS PROFESSIONNELS, COBALT"},"content":{"rendered":"<p>CISEAUX PROFESSIONNEL HUNTER &#8211; DROIT 7&#8242;  Faits d&#8217;acier inoxydable japonais de grade 440 C, les ciseaux Hunter offrent une qualit\u00e9 professionnelle sup\u00e9rieure, une coupe pr\u00e9cise et une efficacit\u00e9 surprenante \u00e0 un prix abordable  *Vis ajustable permet de modifier la tension pour un travail versatile.  *Anneaux de caoutchouc vendus s\u00e9par\u00e9ment, pour am\u00e9liorer le confort \u00e0 l&#8217;usage *Chaque ciseau est vendu dans un \u00e9tui en cuir comprenant un chamois pour l&#8217;entretien. *Ce mod\u00e8le droit est aussi disponible en 7.5&#8221;, 8&#8221; et 8.5&#8221;.<\/p>\n","protected":false},"excerpt":{"rendered":"<p>CISEAUX PROFESSIONNEL HUNTER &#8211; DROIT 7&#8242;  Faits d&#8217;acier inoxydable japonais de grade 440 C, les ciseaux Hunter offrent une qualit\u00e9 professionnelle sup\u00e9rieure, une coupe pr\u00e9cise et une efficacit\u00e9 surprenante \u00e0 un prix abordable  *Vis ajustable permet de modifier la tension pour un travail versatile.  *Anneaux de caoutchouc vendus s\u00e9par\u00e9ment, pour am\u00e9liorer le confort \u00e0 l&#8217;usage *Chaque ciseau est vendu dans un \u00e9tui en cuir comprenant un chamois pour l&#8217;entretien. *Ce mod\u00e8le droit est aussi disponible en 7.5&#8221;, 8&#8221; et 8.5&#8221;.<\/p>\n","protected":false},"featured_media":27570,"template":"","meta":[],"product_brand":[],"product_cat":[373,374,345],"product_tag":[],"class_list":{"0":"post-16207","1":"product","2":"type-product","3":"status-publish","4":"has-post-thumbnail","6":"product_cat-ciseaux","7":"product_cat-hunter-et-accessoires","8":"product_cat-toilettage","10":"first","11":"instock","12":"taxable","13":"shipping-taxable","14":"purchasable","15":"product-type-simple"},"aioseo_notices":[],"_links":{"self":[{"href":"https:\/\/hunterproboutique.com\/fr\/wp-json\/wp\/v2\/product\/16207","targetHints":{"allow":["GET"]}}],"collection":[{"href":"https:\/\/hunterproboutique.com\/fr\/wp-json\/wp\/v2\/product"}],"about":[{"href":"https:\/\/hunterproboutique.com\/fr\/wp-json\/wp\/v2\/types\/product"}],"wp:featuredmedia":[{"embeddable":true,"href":"https:\/\/hunterproboutique.com\/fr\/wp-json\/wp\/v2\/media\/27570"}],"wp:attachment":[{"href":"https:\/\/hunterproboutique.com\/fr\/wp-json\/wp\/v2\/media?parent=16207"}],"wp:term":[{"taxonomy":"product_brand","embeddable":true,"href":"https:\/\/hunterproboutique.com\/fr\/wp-json\/wp\/v2\/product_brand?post=16207"},{"taxonomy":"product_cat","embeddable":true,"href":"https:\/\/hunterproboutique.com\/fr\/wp-json\/wp\/v2\/product_cat?post=16207"},{"taxonomy":"product_tag","embeddable":true,"href":"https:\/\/hunterproboutique.com\/fr\/wp-json\/wp\/v2\/product_tag?post=16207"}],"curies":[{"name":"wp","href":"https:\/\/api.w.org\/{rel}","templated":true}]}}