{"id":16217,"date":"2026-04-23T01:02:35","date_gmt":"2026-04-23T05:02:35","guid":{"rendered":"https:\/\/hunterproboutique.com\/product\/6-amincisseur-professionnelinox\/"},"modified":"2026-04-23T03:15:56","modified_gmt":"2026-04-23T07:15:56","slug":"6-amincisseur-professionnelinox","status":"publish","type":"product","link":"https:\/\/hunterproboutique.com\/fr\/produit\/6-amincisseur-professionnelinox\/","title":{"rendered":"6&#8242;    AMINCISSEURS PROF,440C,30 DENTS"},"content":{"rendered":"<p>CISEAUX PROFESSIONNEL HUNTER &#8211; AMINCISSEUR 6&#8242;  Faits d&#8217;acier inoxydable japonais de grade 440 C, les ciseaux Hunter offrent une qualit\u00e9 professionnelle sup\u00e9rieure, une coupe pr\u00e9cise et une efficacit\u00e9 surprenante \u00e0 un prix abordable  *Amincisseur 30 dents sur une lame seulement.  Plus il y a de dents, plus le ciseau enl\u00e8ve de poils *Vis ajustable permet de modifier la tension pour un travail versatile.  *Anneaux de caoutchouc vendus s\u00e9par\u00e9ment, pour am\u00e9liorer le confort \u00e0 l&#8217;usage *Chaque ciseau est vendu dans un \u00e9tui en cuir comprenant un chamois pour l&#8217;entretien.  La gamme Hunter comprend deux mod\u00e8les \u00e0 dents fines pour l&#8217;amincissement dont les ciseaux 6&#8221;,7&#8242;  ainsi que le mod\u00e8 Fish Tail, en 8&#8242; qui lui est dot\u00e9 de dents droites qui finissent un peu plus larges \u00e0 l&#8217;extr\u00e9mit\u00e9, r\u00e9duisant les espaces entre les dents vers la lame  pour une plus grande pr\u00e9cision de coupe<\/p>\n","protected":false},"excerpt":{"rendered":"<p>CISEAUX PROFESSIONNEL HUNTER &#8211; AMINCISSEUR 6&#8242;  Faits d&#8217;acier inoxydable japonais de grade 440 C, les ciseaux Hunter offrent une qualit\u00e9 professionnelle sup\u00e9rieure, une coupe pr\u00e9cise et une efficacit\u00e9 surprenante \u00e0 un prix abordable  *Amincisseur 30 dents sur une lame seulement.  Plus il y a de dents, plus le ciseau enl\u00e8ve de poils *Vis ajustable permet de modifier la tension pour un travail versatile.  *Anneaux de caoutchouc vendus s\u00e9par\u00e9ment, pour am\u00e9liorer le confort \u00e0 l&#8217;usage *Chaque ciseau est vendu dans un \u00e9tui en cuir comprenant un chamois pour l&#8217;entretien.  La gamme Hunter comprend deux mod\u00e8les \u00e0 dents fines pour l&#8217;amincissement dont les ciseaux 6&#8221;,7&#8242;  ainsi que le mod\u00e8 Fish Tail, en 8&#8242; qui lui est dot\u00e9 de dents droites qui finissent un peu plus larges \u00e0 l&#8217;extr\u00e9mit\u00e9, r\u00e9duisant les espaces entre les dents vers la lame  pour une plus grande pr\u00e9cision de coupe<\/p>\n","protected":false},"featured_media":27585,"template":"","meta":[],"product_brand":[],"product_cat":[373,374,345],"product_tag":[],"class_list":{"0":"post-16217","1":"product","2":"type-product","3":"status-publish","4":"has-post-thumbnail","6":"product_cat-ciseaux","7":"product_cat-hunter-et-accessoires","8":"product_cat-toilettage","10":"first","11":"instock","12":"taxable","13":"shipping-taxable","14":"purchasable","15":"product-type-simple"},"aioseo_notices":[],"_links":{"self":[{"href":"https:\/\/hunterproboutique.com\/fr\/wp-json\/wp\/v2\/product\/16217","targetHints":{"allow":["GET"]}}],"collection":[{"href":"https:\/\/hunterproboutique.com\/fr\/wp-json\/wp\/v2\/product"}],"about":[{"href":"https:\/\/hunterproboutique.com\/fr\/wp-json\/wp\/v2\/types\/product"}],"wp:featuredmedia":[{"embeddable":true,"href":"https:\/\/hunterproboutique.com\/fr\/wp-json\/wp\/v2\/media\/27585"}],"wp:attachment":[{"href":"https:\/\/hunterproboutique.com\/fr\/wp-json\/wp\/v2\/media?parent=16217"}],"wp:term":[{"taxonomy":"product_brand","embeddable":true,"href":"https:\/\/hunterproboutique.com\/fr\/wp-json\/wp\/v2\/product_brand?post=16217"},{"taxonomy":"product_cat","embeddable":true,"href":"https:\/\/hunterproboutique.com\/fr\/wp-json\/wp\/v2\/product_cat?post=16217"},{"taxonomy":"product_tag","embeddable":true,"href":"https:\/\/hunterproboutique.com\/fr\/wp-json\/wp\/v2\/product_tag?post=16217"}],"curies":[{"name":"wp","href":"https:\/\/api.w.org\/{rel}","templated":true}]}}