{"id":16223,"date":"2026-04-15T01:02:47","date_gmt":"2026-04-15T05:02:47","guid":{"rendered":"https:\/\/hunterproboutique.com\/product\/75-ciseaux-inox-gaucher-professionnel\/"},"modified":"2026-04-15T03:15:54","modified_gmt":"2026-04-15T07:15:54","slug":"75-ciseaux-inox-gaucher-professionnel","status":"publish","type":"product","link":"https:\/\/hunterproboutique.com\/fr\/produit\/75-ciseaux-inox-gaucher-professionnel\/","title":{"rendered":"7,5&#8242; CISEAUX INOX GAUCHER PROFESSIONNEL"},"content":{"rendered":"<p>CISEAUX DROIT PROFESSIONNEL HUNTER &#8211; 7.5&#8242; POUR GAUCHERS  Faits d&#8217;acier inoxydable japonais de grade 440 C, les ciseaux Hunter offrent une qualit\u00e9 professionnelle sup\u00e9rieure, une coupe pr\u00e9cise et une efficacit\u00e9 surprenante \u00e0 un prix abordable  *Vis ajustable permet de modifier la tension pour un travail versatile.  *Anneaux de caoutchouc vendus s\u00e9par\u00e9ment, pour am\u00e9liorer le confort \u00e0 l&#8217;usage *Chaque ciseau est vendu dans un \u00e9tui en cuir comprenant un chamois pour l&#8217;entretien.<\/p>\n","protected":false},"excerpt":{"rendered":"<p>CISEAUX DROIT PROFESSIONNEL HUNTER &#8211; 7.5&#8242; POUR GAUCHERS  Faits d&#8217;acier inoxydable japonais de grade 440 C, les ciseaux Hunter offrent une qualit\u00e9 professionnelle sup\u00e9rieure, une coupe pr\u00e9cise et une efficacit\u00e9 surprenante \u00e0 un prix abordable  *Vis ajustable permet de modifier la tension pour un travail versatile.  *Anneaux de caoutchouc vendus s\u00e9par\u00e9ment, pour am\u00e9liorer le confort \u00e0 l&#8217;usage *Chaque ciseau est vendu dans un \u00e9tui en cuir comprenant un chamois pour l&#8217;entretien.<\/p>\n","protected":false},"featured_media":27594,"template":"","meta":[],"product_brand":[],"product_cat":[373,374,345],"product_tag":[],"class_list":{"0":"post-16223","1":"product","2":"type-product","3":"status-publish","4":"has-post-thumbnail","6":"product_cat-ciseaux","7":"product_cat-hunter-et-accessoires","8":"product_cat-toilettage","10":"first","11":"outofstock","12":"taxable","13":"shipping-taxable","14":"purchasable","15":"product-type-simple"},"aioseo_notices":[],"_links":{"self":[{"href":"https:\/\/hunterproboutique.com\/fr\/wp-json\/wp\/v2\/product\/16223","targetHints":{"allow":["GET"]}}],"collection":[{"href":"https:\/\/hunterproboutique.com\/fr\/wp-json\/wp\/v2\/product"}],"about":[{"href":"https:\/\/hunterproboutique.com\/fr\/wp-json\/wp\/v2\/types\/product"}],"wp:featuredmedia":[{"embeddable":true,"href":"https:\/\/hunterproboutique.com\/fr\/wp-json\/wp\/v2\/media\/27594"}],"wp:attachment":[{"href":"https:\/\/hunterproboutique.com\/fr\/wp-json\/wp\/v2\/media?parent=16223"}],"wp:term":[{"taxonomy":"product_brand","embeddable":true,"href":"https:\/\/hunterproboutique.com\/fr\/wp-json\/wp\/v2\/product_brand?post=16223"},{"taxonomy":"product_cat","embeddable":true,"href":"https:\/\/hunterproboutique.com\/fr\/wp-json\/wp\/v2\/product_cat?post=16223"},{"taxonomy":"product_tag","embeddable":true,"href":"https:\/\/hunterproboutique.com\/fr\/wp-json\/wp\/v2\/product_tag?post=16223"}],"curies":[{"name":"wp","href":"https:\/\/api.w.org\/{rel}","templated":true}]}}