{"id":16229,"date":"2026-04-23T01:02:33","date_gmt":"2026-04-23T05:02:33","guid":{"rendered":"https:\/\/hunterproboutique.com\/product\/7-ciseaux-inoxydable\/"},"modified":"2026-04-23T03:15:54","modified_gmt":"2026-04-23T07:15:54","slug":"7-ciseaux-inoxydable","status":"publish","type":"product","link":"https:\/\/hunterproboutique.com\/fr\/produit\/7-ciseaux-inoxydable\/","title":{"rendered":"7&#8242; CISEAUX INOXYDABLE, VARI\u00c9T\u00c9 RACES, ZONES D\u00c9LICATES"},"content":{"rendered":"<p>CISEAUX ROSELINE &#8211; INOX., 7&#8221;  L&#8217;utilisation des meilleurs mat\u00e9riaux, le traitement effectu\u00e9 dans les traditions de l&#8217;artisanat, compl\u00e9t\u00e9 par l&#8217;utilisation de technologies de traitement ultra-modernes, tout cela constitue la base de la qualit\u00e9 unique de chaque paire de ciseaux. Fabriqu\u00e9s \u00e0 Solingen, en Allemagne, en acier inoxydable de la plus haute qualit\u00e9.  La taille la plus populaire, adapt\u00e9e au toilettage d&#8217;une vari\u00e9t\u00e9 de races   *Con\u00e7u pour les zones d\u00e9licates \u00e0 prot\u00e9ger contre les blessures accidentelles : coussinets, aine et autour des yeux  *Excellent rapport qualit\u00e9-prix, id\u00e9al pour les salons de toilettage.  *Professionnel pour une coupe parfaite et durable   *Ce mod\u00e8le a une finition satin\u00e9e  *Micro-dentel\u00e9 pour une plus grande polyvalence, \u00e9lasticit\u00e9 et durabilit\u00e9.  *Ciseaux bien \u00e9quilibr\u00e9s con\u00e7us pour saisir et tenir les cheveux tout en les tondant. *Le repose-doigt avec anneaux inclus assure le confort.<\/p>\n","protected":false},"excerpt":{"rendered":"<p>CISEAUX ROSELINE &#8211; INOX., 7&#8221;  L&#8217;utilisation des meilleurs mat\u00e9riaux, le traitement effectu\u00e9 dans les traditions de l&#8217;artisanat, compl\u00e9t\u00e9 par l&#8217;utilisation de technologies de traitement ultra-modernes, tout cela constitue la base de la qualit\u00e9 unique de chaque paire de ciseaux. Fabriqu\u00e9s \u00e0 Solingen, en Allemagne, en acier inoxydable de la plus haute qualit\u00e9.  La taille la plus populaire, adapt\u00e9e au toilettage d&#8217;une vari\u00e9t\u00e9 de races   *Con\u00e7u pour les zones d\u00e9licates \u00e0 prot\u00e9ger contre les blessures accidentelles : coussinets, aine et autour des yeux  *Excellent rapport qualit\u00e9-prix, id\u00e9al pour les salons de toilettage.  *Professionnel pour une coupe parfaite et durable   *Ce mod\u00e8le a une finition satin\u00e9e  *Micro-dentel\u00e9 pour une plus grande polyvalence, \u00e9lasticit\u00e9 et durabilit\u00e9.  *Ciseaux bien \u00e9quilibr\u00e9s con\u00e7us pour saisir et tenir les cheveux tout en les tondant. *Le repose-doigt avec anneaux inclus assure le confort.<\/p>\n","protected":false},"featured_media":27508,"template":"","meta":[],"product_brand":[],"product_cat":[373,376,345],"product_tag":[],"class_list":{"0":"post-16229","1":"product","2":"type-product","3":"status-publish","4":"has-post-thumbnail","6":"product_cat-ciseaux","7":"product_cat-roseline-fr","8":"product_cat-toilettage","10":"first","11":"instock","12":"taxable","13":"shipping-taxable","14":"purchasable","15":"product-type-simple"},"aioseo_notices":[],"_links":{"self":[{"href":"https:\/\/hunterproboutique.com\/fr\/wp-json\/wp\/v2\/product\/16229","targetHints":{"allow":["GET"]}}],"collection":[{"href":"https:\/\/hunterproboutique.com\/fr\/wp-json\/wp\/v2\/product"}],"about":[{"href":"https:\/\/hunterproboutique.com\/fr\/wp-json\/wp\/v2\/types\/product"}],"wp:featuredmedia":[{"embeddable":true,"href":"https:\/\/hunterproboutique.com\/fr\/wp-json\/wp\/v2\/media\/27508"}],"wp:attachment":[{"href":"https:\/\/hunterproboutique.com\/fr\/wp-json\/wp\/v2\/media?parent=16229"}],"wp:term":[{"taxonomy":"product_brand","embeddable":true,"href":"https:\/\/hunterproboutique.com\/fr\/wp-json\/wp\/v2\/product_brand?post=16229"},{"taxonomy":"product_cat","embeddable":true,"href":"https:\/\/hunterproboutique.com\/fr\/wp-json\/wp\/v2\/product_cat?post=16229"},{"taxonomy":"product_tag","embeddable":true,"href":"https:\/\/hunterproboutique.com\/fr\/wp-json\/wp\/v2\/product_tag?post=16229"}],"curies":[{"name":"wp","href":"https:\/\/api.w.org\/{rel}","templated":true}]}}