{"id":16233,"date":"2026-04-23T01:02:33","date_gmt":"2026-04-23T05:02:33","guid":{"rendered":"https:\/\/hunterproboutique.com\/product\/7%c2%bd-ciseaux-inoxydable-mauve\/"},"modified":"2026-04-23T03:15:54","modified_gmt":"2026-04-23T07:15:54","slug":"7%c2%bd-ciseaux-inoxydable-mauve","status":"publish","type":"product","link":"https:\/\/hunterproboutique.com\/fr\/produit\/7%c2%bd-ciseaux-inoxydable-mauve\/","title":{"rendered":"7\u00bd&#8217; CISEAUX INOX, MAUVE, COUPE PARFAITE, VARIETE RACES"},"content":{"rendered":"<p>CISEAUX ROSELINE &#8211; DROITS 7,5&#8242; &#8211; MAUVE  L&#8217;utilisation des meilleurs mat\u00e9riaux, le traitement effectu\u00e9 dans la tradition de l&#8217;artisanat, compl\u00e9t\u00e9 par l&#8217;utilisation d&#8217;une technologie de traitement ultra moderne, tout cela constitue la base de la qualit\u00e9 unique de chaque paire de ciseaux. Faite \u00e0 Solingen, en acier inoxydable de la plus haute qualit\u00e9.  La taille la plus populaire, adapt\u00e9e \u00e0 la taille d&#8217;une vari\u00e9t\u00e9 de races   *Professionnel pour une coupe parfaite et durable *Qualit\u00e9 durable et nette  *Ciseaux de qualit\u00e9 \u00e0 bon rapport qualit\u00e9-prix, iid\u00e9al pour les salons de toilettage  *Micro-dentel\u00e9s pour la polyvalence, la r\u00e9silience et la durabilit\u00e9.  *Ciseaux bien \u00e9quilibr\u00e9s, con\u00e7us pour attraper et tenir les cheveux pendant le cisaillement. *Repose-doigt et boucles de doigts assembl\u00e9s, pour un confort optimal. *Vis ajustable pour une coupe parfaite<\/p>\n","protected":false},"excerpt":{"rendered":"<p>CISEAUX ROSELINE &#8211; DROITS 7,5&#8242; &#8211; MAUVE  L&#8217;utilisation des meilleurs mat\u00e9riaux, le traitement effectu\u00e9 dans la tradition de l&#8217;artisanat, compl\u00e9t\u00e9 par l&#8217;utilisation d&#8217;une technologie de traitement ultra moderne, tout cela constitue la base de la qualit\u00e9 unique de chaque paire de ciseaux. Faite \u00e0 Solingen, en acier inoxydable de la plus haute qualit\u00e9.  La taille la plus populaire, adapt\u00e9e \u00e0 la taille d&#8217;une vari\u00e9t\u00e9 de races   *Professionnel pour une coupe parfaite et durable *Qualit\u00e9 durable et nette  *Ciseaux de qualit\u00e9 \u00e0 bon rapport qualit\u00e9-prix, iid\u00e9al pour les salons de toilettage  *Micro-dentel\u00e9s pour la polyvalence, la r\u00e9silience et la durabilit\u00e9.  *Ciseaux bien \u00e9quilibr\u00e9s, con\u00e7us pour attraper et tenir les cheveux pendant le cisaillement. *Repose-doigt et boucles de doigts assembl\u00e9s, pour un confort optimal. *Vis ajustable pour une coupe parfaite<\/p>\n","protected":false},"featured_media":27514,"template":"","meta":[],"product_brand":[],"product_cat":[373,376,345],"product_tag":[],"class_list":{"0":"post-16233","1":"product","2":"type-product","3":"status-publish","4":"has-post-thumbnail","6":"product_cat-ciseaux","7":"product_cat-roseline-fr","8":"product_cat-toilettage","10":"first","11":"outofstock","12":"taxable","13":"shipping-taxable","14":"purchasable","15":"product-type-simple"},"aioseo_notices":[],"_links":{"self":[{"href":"https:\/\/hunterproboutique.com\/fr\/wp-json\/wp\/v2\/product\/16233","targetHints":{"allow":["GET"]}}],"collection":[{"href":"https:\/\/hunterproboutique.com\/fr\/wp-json\/wp\/v2\/product"}],"about":[{"href":"https:\/\/hunterproboutique.com\/fr\/wp-json\/wp\/v2\/types\/product"}],"wp:featuredmedia":[{"embeddable":true,"href":"https:\/\/hunterproboutique.com\/fr\/wp-json\/wp\/v2\/media\/27514"}],"wp:attachment":[{"href":"https:\/\/hunterproboutique.com\/fr\/wp-json\/wp\/v2\/media?parent=16233"}],"wp:term":[{"taxonomy":"product_brand","embeddable":true,"href":"https:\/\/hunterproboutique.com\/fr\/wp-json\/wp\/v2\/product_brand?post=16233"},{"taxonomy":"product_cat","embeddable":true,"href":"https:\/\/hunterproboutique.com\/fr\/wp-json\/wp\/v2\/product_cat?post=16233"},{"taxonomy":"product_tag","embeddable":true,"href":"https:\/\/hunterproboutique.com\/fr\/wp-json\/wp\/v2\/product_tag?post=16233"}],"curies":[{"name":"wp","href":"https:\/\/api.w.org\/{rel}","templated":true}]}}