{"id":16237,"date":"2026-04-17T01:02:37","date_gmt":"2026-04-17T05:02:37","guid":{"rendered":"https:\/\/hunterproboutique.com\/product\/8-ciseaux-inoxydable\/"},"modified":"2026-04-16T03:16:06","modified_gmt":"2026-04-16T07:16:06","slug":"8-ciseaux-inoxydable","status":"publish","type":"product","link":"https:\/\/hunterproboutique.com\/fr\/produit\/8-ciseaux-inoxydable\/","title":{"rendered":"8&#8242; CISEAUX INOX, LAME , FOURRURE \u00c9PAISSE ET DENSE"},"content":{"rendered":"<p>CISEAUX ROSELINE &#8211; 8&#8221; INOX.  Fabriqu\u00e9 \u00e0 Solingen, en Allemagne. L&#8217;utilisation des meilleurs mat\u00e9riaux, le traitement effectu\u00e9 dans la tradition de l&#8217;artisanat, compl\u00e9t\u00e9 par l&#8217;utilisation d&#8217;une technologie de traitement ultra moderne, tout cela constitue la base de la qualit\u00e9 unique de chaque paire de ciseaux    Ciseaux \u00e0 cadre moyen bien \u00e9quilibr\u00e9s, avec une lame plus lourde Mieux adapt\u00e9 \u00e0 la coupe de manteaux \u00e9pais et denses  *Professionnel pour une coupe parfaite et durable *Qualit\u00e9 durable et nette  *Ciseau de qualit\u00e9 \u00e0 bon rapport qualit\u00e9-prix, id\u00e9al pour les salons de toilettage   *Micro-dentel\u00e9 pour la polyvalence, la r\u00e9sistance et la durabilit\u00e9.  *Bord poli unique *Ciseaux bien \u00e9quilibr\u00e9s con\u00e7us pour attraper et tenir les cheveux tout en les cisaillant. *Repose-doigt et boucles de doigts assembl\u00e9s, assurant le confort. *Vis ajustable pour une coupe parfaite.<\/p>\n","protected":false},"excerpt":{"rendered":"<p>CISEAUX ROSELINE &#8211; 8&#8221; INOX.  Fabriqu\u00e9 \u00e0 Solingen, en Allemagne. L&#8217;utilisation des meilleurs mat\u00e9riaux, le traitement effectu\u00e9 dans la tradition de l&#8217;artisanat, compl\u00e9t\u00e9 par l&#8217;utilisation d&#8217;une technologie de traitement ultra moderne, tout cela constitue la base de la qualit\u00e9 unique de chaque paire de ciseaux    Ciseaux \u00e0 cadre moyen bien \u00e9quilibr\u00e9s, avec une lame plus lourde Mieux adapt\u00e9 \u00e0 la coupe de manteaux \u00e9pais et denses  *Professionnel pour une coupe parfaite et durable *Qualit\u00e9 durable et nette  *Ciseau de qualit\u00e9 \u00e0 bon rapport qualit\u00e9-prix, id\u00e9al pour les salons de toilettage   *Micro-dentel\u00e9 pour la polyvalence, la r\u00e9sistance et la durabilit\u00e9.  *Bord poli unique *Ciseaux bien \u00e9quilibr\u00e9s con\u00e7us pour attraper et tenir les cheveux tout en les cisaillant. *Repose-doigt et boucles de doigts assembl\u00e9s, assurant le confort. *Vis ajustable pour une coupe parfaite.<\/p>\n","protected":false},"featured_media":27520,"template":"","meta":[],"product_brand":[],"product_cat":[373,376,345],"product_tag":[],"class_list":{"0":"post-16237","1":"product","2":"type-product","3":"status-publish","4":"has-post-thumbnail","6":"product_cat-ciseaux","7":"product_cat-roseline-fr","8":"product_cat-toilettage","10":"first","11":"instock","12":"taxable","13":"shipping-taxable","14":"purchasable","15":"product-type-simple"},"aioseo_notices":[],"_links":{"self":[{"href":"https:\/\/hunterproboutique.com\/fr\/wp-json\/wp\/v2\/product\/16237","targetHints":{"allow":["GET"]}}],"collection":[{"href":"https:\/\/hunterproboutique.com\/fr\/wp-json\/wp\/v2\/product"}],"about":[{"href":"https:\/\/hunterproboutique.com\/fr\/wp-json\/wp\/v2\/types\/product"}],"wp:featuredmedia":[{"embeddable":true,"href":"https:\/\/hunterproboutique.com\/fr\/wp-json\/wp\/v2\/media\/27520"}],"wp:attachment":[{"href":"https:\/\/hunterproboutique.com\/fr\/wp-json\/wp\/v2\/media?parent=16237"}],"wp:term":[{"taxonomy":"product_brand","embeddable":true,"href":"https:\/\/hunterproboutique.com\/fr\/wp-json\/wp\/v2\/product_brand?post=16237"},{"taxonomy":"product_cat","embeddable":true,"href":"https:\/\/hunterproboutique.com\/fr\/wp-json\/wp\/v2\/product_cat?post=16237"},{"taxonomy":"product_tag","embeddable":true,"href":"https:\/\/hunterproboutique.com\/fr\/wp-json\/wp\/v2\/product_tag?post=16237"}],"curies":[{"name":"wp","href":"https:\/\/api.w.org\/{rel}","templated":true}]}}