{"id":16239,"date":"2026-04-23T01:02:34","date_gmt":"2026-04-23T05:02:34","guid":{"rendered":"https:\/\/hunterproboutique.com\/product\/8%c2%bd-ciseaux-inoxydable\/"},"modified":"2026-04-23T03:15:54","modified_gmt":"2026-04-23T07:15:54","slug":"8%c2%bd-ciseaux-inoxydable","status":"publish","type":"product","link":"https:\/\/hunterproboutique.com\/fr\/produit\/8%c2%bd-ciseaux-inoxydable\/","title":{"rendered":"8\u00bd&#8217; CISEAUX INOXYDABLE, FUSEL\u00c9, LAME L\u00c9G\u00c8RE, FOURRURE FINE"},"content":{"rendered":"<p>CISEAUX ROSELINE &#8211; 8.5&#8221;, INOX.  Fabriqu\u00e9 \u00e0 Solingen, en Allemagne. L&#8217;utilisation des meilleurs mat\u00e9riaux, le traitement effectu\u00e9 dans la tradition de l&#8217;artisanat, compl\u00e9t\u00e9 par l&#8217;utilisation d&#8217;une technologie de traitement ultra moderne, tout cela constitue la base de la qualit\u00e9 unique de chaque paire de ciseaux    La taille la plus populaire pour travailler sur des manteaux fins et soyeux Ciseaux bien \u00e9quilibr\u00e9s, cadre effil\u00e9 et plus fin, avec une lame plus l\u00e9g\u00e8re  *Professionnel pour une coupe parfaite et durable *Qualit\u00e9 durable et nette  *Ciseau de qualit\u00e9 \u00e0 bon rapport qualit\u00e9-prix, id\u00e9al pour les salons de toilettage.  *Micro-dentel\u00e9s pour la polyvalence, la r\u00e9silience et la durabilit\u00e9.  *Bord poli unique *Ciseaux bien \u00e9quilibr\u00e9s con\u00e7us pour attraper et tenir les cheveux tout en les cisaillant. *Repose-doigt et anneaux assembl\u00e9s, assurant le confort. *Vis ajustable pour une coupe parfaite.<\/p>\n","protected":false},"excerpt":{"rendered":"<p>CISEAUX ROSELINE &#8211; 8.5&#8221;, INOX.  Fabriqu\u00e9 \u00e0 Solingen, en Allemagne. L&#8217;utilisation des meilleurs mat\u00e9riaux, le traitement effectu\u00e9 dans la tradition de l&#8217;artisanat, compl\u00e9t\u00e9 par l&#8217;utilisation d&#8217;une technologie de traitement ultra moderne, tout cela constitue la base de la qualit\u00e9 unique de chaque paire de ciseaux    La taille la plus populaire pour travailler sur des manteaux fins et soyeux Ciseaux bien \u00e9quilibr\u00e9s, cadre effil\u00e9 et plus fin, avec une lame plus l\u00e9g\u00e8re  *Professionnel pour une coupe parfaite et durable *Qualit\u00e9 durable et nette  *Ciseau de qualit\u00e9 \u00e0 bon rapport qualit\u00e9-prix, id\u00e9al pour les salons de toilettage.  *Micro-dentel\u00e9s pour la polyvalence, la r\u00e9silience et la durabilit\u00e9.  *Bord poli unique *Ciseaux bien \u00e9quilibr\u00e9s con\u00e7us pour attraper et tenir les cheveux tout en les cisaillant. *Repose-doigt et anneaux assembl\u00e9s, assurant le confort. *Vis ajustable pour une coupe parfaite.<\/p>\n","protected":false},"featured_media":27523,"template":"","meta":[],"product_brand":[],"product_cat":[373,376,345],"product_tag":[],"class_list":{"0":"post-16239","1":"product","2":"type-product","3":"status-publish","4":"has-post-thumbnail","6":"product_cat-ciseaux","7":"product_cat-roseline-fr","8":"product_cat-toilettage","10":"first","11":"instock","12":"taxable","13":"shipping-taxable","14":"purchasable","15":"product-type-simple"},"aioseo_notices":[],"_links":{"self":[{"href":"https:\/\/hunterproboutique.com\/fr\/wp-json\/wp\/v2\/product\/16239","targetHints":{"allow":["GET"]}}],"collection":[{"href":"https:\/\/hunterproboutique.com\/fr\/wp-json\/wp\/v2\/product"}],"about":[{"href":"https:\/\/hunterproboutique.com\/fr\/wp-json\/wp\/v2\/types\/product"}],"wp:featuredmedia":[{"embeddable":true,"href":"https:\/\/hunterproboutique.com\/fr\/wp-json\/wp\/v2\/media\/27523"}],"wp:attachment":[{"href":"https:\/\/hunterproboutique.com\/fr\/wp-json\/wp\/v2\/media?parent=16239"}],"wp:term":[{"taxonomy":"product_brand","embeddable":true,"href":"https:\/\/hunterproboutique.com\/fr\/wp-json\/wp\/v2\/product_brand?post=16239"},{"taxonomy":"product_cat","embeddable":true,"href":"https:\/\/hunterproboutique.com\/fr\/wp-json\/wp\/v2\/product_cat?post=16239"},{"taxonomy":"product_tag","embeddable":true,"href":"https:\/\/hunterproboutique.com\/fr\/wp-json\/wp\/v2\/product_tag?post=16239"}],"curies":[{"name":"wp","href":"https:\/\/api.w.org\/{rel}","templated":true}]}}