{"id":16251,"date":"2026-04-16T01:02:39","date_gmt":"2026-04-16T05:02:39","guid":{"rendered":"https:\/\/hunterproboutique.com\/product\/6-amincisseur-double-30-dents\/"},"modified":"2026-04-16T03:16:06","modified_gmt":"2026-04-16T07:16:06","slug":"6-amincisseur-double-30-dents","status":"publish","type":"product","link":"https:\/\/hunterproboutique.com\/fr\/produit\/6-amincisseur-double-30-dents\/","title":{"rendered":"6&#8242; AMINCISSEUR DOUBLE,  INOX, 30 DENTS, ENLEVER VOLUME,"},"content":{"rendered":"<p>CISEAUX ROSELINE AMINCISSEUR DOUBLE &#8211; 6&#8242;  &#8211;  30 DENTS  L&#8217;utilisation des meilleurs mat\u00e9riaux, le traitement effectu\u00e9 dans la tradition de l&#8217;artisanat, compl\u00e9t\u00e9 par l&#8217;utilisation d&#8217;une technologie de traitement ultra moderne, tout cela constitue la base de la qualit\u00e9 unique de chaque paire de ciseaux. Faite \u00e0 Solingen, en acier inoxydable de la plus haute qualit\u00e9.  Parfait pour enlever le volume des manteaux, y compris les oreilles tr\u00e8s duveteuses. Amincisseur double: 30 dents    *Professionnel pour une coupe parfaite et durable *Qualit\u00e9 durable et nette  *Ciseaux de qualit\u00e9 \u00e0 bon rapport qualit\u00e9-prix, iid\u00e9al pour les salons de toilettage  *Micro-dentel\u00e9s pour la polyvalence, la r\u00e9silience et la durabilit\u00e9.  *Ciseaux bien \u00e9quilibr\u00e9s, con\u00e7us pour attraper et tenir les cheveux pendant le cisaillement. *Repose-doigt et anneaux assembl\u00e9s, pour un confort optimal. *Vis ajustable pour une coupe parfaite<\/p>\n","protected":false},"excerpt":{"rendered":"<p>CISEAUX ROSELINE AMINCISSEUR DOUBLE &#8211; 6&#8242;  &#8211;  30 DENTS  L&#8217;utilisation des meilleurs mat\u00e9riaux, le traitement effectu\u00e9 dans la tradition de l&#8217;artisanat, compl\u00e9t\u00e9 par l&#8217;utilisation d&#8217;une technologie de traitement ultra moderne, tout cela constitue la base de la qualit\u00e9 unique de chaque paire de ciseaux. Faite \u00e0 Solingen, en acier inoxydable de la plus haute qualit\u00e9.  Parfait pour enlever le volume des manteaux, y compris les oreilles tr\u00e8s duveteuses. Amincisseur double: 30 dents    *Professionnel pour une coupe parfaite et durable *Qualit\u00e9 durable et nette  *Ciseaux de qualit\u00e9 \u00e0 bon rapport qualit\u00e9-prix, iid\u00e9al pour les salons de toilettage  *Micro-dentel\u00e9s pour la polyvalence, la r\u00e9silience et la durabilit\u00e9.  *Ciseaux bien \u00e9quilibr\u00e9s, con\u00e7us pour attraper et tenir les cheveux pendant le cisaillement. *Repose-doigt et anneaux assembl\u00e9s, pour un confort optimal. *Vis ajustable pour une coupe parfaite<\/p>\n","protected":false},"featured_media":27547,"template":"","meta":[],"product_brand":[],"product_cat":[373,376,345],"product_tag":[],"class_list":{"0":"post-16251","1":"product","2":"type-product","3":"status-publish","4":"has-post-thumbnail","6":"product_cat-ciseaux","7":"product_cat-roseline-fr","8":"product_cat-toilettage","10":"first","11":"instock","12":"taxable","13":"shipping-taxable","14":"purchasable","15":"product-type-simple"},"aioseo_notices":[],"_links":{"self":[{"href":"https:\/\/hunterproboutique.com\/fr\/wp-json\/wp\/v2\/product\/16251","targetHints":{"allow":["GET"]}}],"collection":[{"href":"https:\/\/hunterproboutique.com\/fr\/wp-json\/wp\/v2\/product"}],"about":[{"href":"https:\/\/hunterproboutique.com\/fr\/wp-json\/wp\/v2\/types\/product"}],"wp:featuredmedia":[{"embeddable":true,"href":"https:\/\/hunterproboutique.com\/fr\/wp-json\/wp\/v2\/media\/27547"}],"wp:attachment":[{"href":"https:\/\/hunterproboutique.com\/fr\/wp-json\/wp\/v2\/media?parent=16251"}],"wp:term":[{"taxonomy":"product_brand","embeddable":true,"href":"https:\/\/hunterproboutique.com\/fr\/wp-json\/wp\/v2\/product_brand?post=16251"},{"taxonomy":"product_cat","embeddable":true,"href":"https:\/\/hunterproboutique.com\/fr\/wp-json\/wp\/v2\/product_cat?post=16251"},{"taxonomy":"product_tag","embeddable":true,"href":"https:\/\/hunterproboutique.com\/fr\/wp-json\/wp\/v2\/product_tag?post=16251"}],"curies":[{"name":"wp","href":"https:\/\/api.w.org\/{rel}","templated":true}]}}