{"id":16255,"date":"2026-04-23T01:02:34","date_gmt":"2026-04-23T05:02:34","guid":{"rendered":"https:\/\/hunterproboutique.com\/product\/ensemble-ciseaux-amincisseur\/"},"modified":"2026-04-23T03:15:55","modified_gmt":"2026-04-23T07:15:55","slug":"ensemble-ciseaux-amincisseur","status":"publish","type":"product","link":"https:\/\/hunterproboutique.com\/fr\/produit\/ensemble-ciseaux-amincisseur\/","title":{"rendered":"ENSEMBLE CISEAU  6&#8242; &#038; AMINCISSEUR 5,5&#8242; COUPES PARFAITES"},"content":{"rendered":"<p>ENS. ROSELINE CISEAUX DROIT &#038; AMINCISSEUR   L&#8217;utilisation des meilleurs mat\u00e9riaux, le traitement effectu\u00e9 dans la tradition de l&#8217;artisanat, compl\u00e9t\u00e9 par l&#8217;utilisation d&#8217;une technologie de traitement ultra moderne, tout cela constitue la base de la qualit\u00e9 unique de chaque paire de ciseaux    Le kit B60 comprend: un ciseau droit de 6 pouces et un amincisseur simple de 5,5 pouces, 33 dents  Livr\u00e9 avec des repose-doigts et des anneaux pour plus de confort  Ciseaux de bonne qualit\u00e9 et de bon rapport qualit\u00e9-prix, id\u00e9aux pour les salons de toilettage    *Professionnels pour une coupe parfaite et durable *Qualit\u00e9 durable et nette *Ciseaux bien \u00e9quilibr\u00e9s con\u00e7us pour attraper et tenir les cheveux tout en cisaillant. *Micro-dentelure unique *Lame unique polie *Vis ajustable pour une coupe parfaite<\/p>\n","protected":false},"excerpt":{"rendered":"<p>ENS. ROSELINE CISEAUX DROIT &#038; AMINCISSEUR   L&#8217;utilisation des meilleurs mat\u00e9riaux, le traitement effectu\u00e9 dans la tradition de l&#8217;artisanat, compl\u00e9t\u00e9 par l&#8217;utilisation d&#8217;une technologie de traitement ultra moderne, tout cela constitue la base de la qualit\u00e9 unique de chaque paire de ciseaux    Le kit B60 comprend: un ciseau droit de 6 pouces et un amincisseur simple de 5,5 pouces, 33 dents  Livr\u00e9 avec des repose-doigts et des anneaux pour plus de confort  Ciseaux de bonne qualit\u00e9 et de bon rapport qualit\u00e9-prix, id\u00e9aux pour les salons de toilettage    *Professionnels pour une coupe parfaite et durable *Qualit\u00e9 durable et nette *Ciseaux bien \u00e9quilibr\u00e9s con\u00e7us pour attraper et tenir les cheveux tout en cisaillant. *Micro-dentelure unique *Lame unique polie *Vis ajustable pour une coupe parfaite<\/p>\n","protected":false},"featured_media":27553,"template":"","meta":[],"product_brand":[],"product_cat":[373,376,345],"product_tag":[],"class_list":{"0":"post-16255","1":"product","2":"type-product","3":"status-publish","4":"has-post-thumbnail","6":"product_cat-ciseaux","7":"product_cat-roseline-fr","8":"product_cat-toilettage","10":"first","11":"outofstock","12":"taxable","13":"shipping-taxable","14":"purchasable","15":"product-type-simple"},"aioseo_notices":[],"_links":{"self":[{"href":"https:\/\/hunterproboutique.com\/fr\/wp-json\/wp\/v2\/product\/16255","targetHints":{"allow":["GET"]}}],"collection":[{"href":"https:\/\/hunterproboutique.com\/fr\/wp-json\/wp\/v2\/product"}],"about":[{"href":"https:\/\/hunterproboutique.com\/fr\/wp-json\/wp\/v2\/types\/product"}],"wp:featuredmedia":[{"embeddable":true,"href":"https:\/\/hunterproboutique.com\/fr\/wp-json\/wp\/v2\/media\/27553"}],"wp:attachment":[{"href":"https:\/\/hunterproboutique.com\/fr\/wp-json\/wp\/v2\/media?parent=16255"}],"wp:term":[{"taxonomy":"product_brand","embeddable":true,"href":"https:\/\/hunterproboutique.com\/fr\/wp-json\/wp\/v2\/product_brand?post=16255"},{"taxonomy":"product_cat","embeddable":true,"href":"https:\/\/hunterproboutique.com\/fr\/wp-json\/wp\/v2\/product_cat?post=16255"},{"taxonomy":"product_tag","embeddable":true,"href":"https:\/\/hunterproboutique.com\/fr\/wp-json\/wp\/v2\/product_tag?post=16255"}],"curies":[{"name":"wp","href":"https:\/\/api.w.org\/{rel}","templated":true}]}}