{"id":16263,"date":"2026-04-23T01:02:36","date_gmt":"2026-04-23T05:02:36","guid":{"rendered":"https:\/\/hunterproboutique.com\/product\/ciseaux-droit-inoxydable-7-5\/"},"modified":"2026-04-23T03:15:57","modified_gmt":"2026-04-23T07:15:57","slug":"ciseaux-droit-inoxydable-7-5","status":"publish","type":"product","link":"https:\/\/hunterproboutique.com\/fr\/produit\/ciseaux-droit-inoxydable-7-5\/","title":{"rendered":"CISEAUX DROIT, INOXYDABLE 7.5&#8242;"},"content":{"rendered":"<p>CISEAUX DROITS FEATHERLIGHT &#8211; 7.5&#8221;   Les ciseaux Feather Light de Millers Forge sont parfaits pour le toilettage des r\u00e9gions d\u00e9licates,  *Ultral\u00e9gers afin d&#8217;\u00e9viter le stress au poignet *Ils sont faits d&#8217;acier inoxydable temp\u00e9r\u00e9 et tranchant, avec un fini miroir et des poign\u00e9es plaqu\u00e9es or *Repose-doigts et silencieux en caoutchouc sont inclus  *Chaque ciseau est vendu dans une pochette de cuir doubl\u00e9e de velours.<\/p>\n","protected":false},"excerpt":{"rendered":"<p>CISEAUX DROITS FEATHERLIGHT &#8211; 7.5&#8221;   Les ciseaux Feather Light de Millers Forge sont parfaits pour le toilettage des r\u00e9gions d\u00e9licates,  *Ultral\u00e9gers afin d&#8217;\u00e9viter le stress au poignet *Ils sont faits d&#8217;acier inoxydable temp\u00e9r\u00e9 et tranchant, avec un fini miroir et des poign\u00e9es plaqu\u00e9es or *Repose-doigts et silencieux en caoutchouc sont inclus  *Chaque ciseau est vendu dans une pochette de cuir doubl\u00e9e de velours.<\/p>\n","protected":false},"featured_media":27643,"template":"","meta":[],"product_brand":[],"product_cat":[373,375,345],"product_tag":[],"class_list":{"0":"post-16263","1":"product","2":"type-product","3":"status-publish","4":"has-post-thumbnail","6":"product_cat-ciseaux","7":"product_cat-miller-forge","8":"product_cat-toilettage","10":"first","11":"outofstock","12":"taxable","13":"shipping-taxable","14":"purchasable","15":"product-type-simple"},"aioseo_notices":[],"_links":{"self":[{"href":"https:\/\/hunterproboutique.com\/fr\/wp-json\/wp\/v2\/product\/16263","targetHints":{"allow":["GET"]}}],"collection":[{"href":"https:\/\/hunterproboutique.com\/fr\/wp-json\/wp\/v2\/product"}],"about":[{"href":"https:\/\/hunterproboutique.com\/fr\/wp-json\/wp\/v2\/types\/product"}],"wp:featuredmedia":[{"embeddable":true,"href":"https:\/\/hunterproboutique.com\/fr\/wp-json\/wp\/v2\/media\/27643"}],"wp:attachment":[{"href":"https:\/\/hunterproboutique.com\/fr\/wp-json\/wp\/v2\/media?parent=16263"}],"wp:term":[{"taxonomy":"product_brand","embeddable":true,"href":"https:\/\/hunterproboutique.com\/fr\/wp-json\/wp\/v2\/product_brand?post=16263"},{"taxonomy":"product_cat","embeddable":true,"href":"https:\/\/hunterproboutique.com\/fr\/wp-json\/wp\/v2\/product_cat?post=16263"},{"taxonomy":"product_tag","embeddable":true,"href":"https:\/\/hunterproboutique.com\/fr\/wp-json\/wp\/v2\/product_tag?post=16263"}],"curies":[{"name":"wp","href":"https:\/\/api.w.org\/{rel}","templated":true}]}}