{"id":16271,"date":"2026-04-18T01:02:47","date_gmt":"2026-04-18T05:02:47","guid":{"rendered":"https:\/\/hunterproboutique.com\/product\/ciseaux-toilettage-petit-5\/"},"modified":"2026-04-18T03:15:52","modified_gmt":"2026-04-18T07:15:52","slug":"ciseaux-toilettage-petit-5","status":"publish","type":"product","link":"https:\/\/hunterproboutique.com\/fr\/produit\/ciseaux-toilettage-petit-5\/","title":{"rendered":"CISEAUX TOILETTAGE, PETIT 5&#8242;"},"content":{"rendered":"<p>CISEAUX DE FINITION  &#8211; 5&#8221;  Ces ciseaux Millers Forge 165 sont l&#8217;id\u00e9al pour les touches de finition et un pelage \u00e9gal.  *Compactes et faciles \u00e0 tenir, ils sont faits d&#8217;acier inoxydable *Lames dentel\u00e9es<\/p>\n","protected":false},"excerpt":{"rendered":"<p>CISEAUX DE FINITION  &#8211; 5&#8221;  Ces ciseaux Millers Forge 165 sont l&#8217;id\u00e9al pour les touches de finition et un pelage \u00e9gal.  *Compactes et faciles \u00e0 tenir, ils sont faits d&#8217;acier inoxydable *Lames dentel\u00e9es<\/p>\n","protected":false},"featured_media":2108,"template":"","meta":[],"product_brand":[],"product_cat":[373,375,345],"product_tag":[],"class_list":{"0":"post-16271","1":"product","2":"type-product","3":"status-publish","4":"has-post-thumbnail","6":"product_cat-ciseaux","7":"product_cat-miller-forge","8":"product_cat-toilettage","10":"first","11":"outofstock","12":"taxable","13":"shipping-taxable","14":"purchasable","15":"product-type-simple"},"aioseo_notices":[],"_links":{"self":[{"href":"https:\/\/hunterproboutique.com\/fr\/wp-json\/wp\/v2\/product\/16271","targetHints":{"allow":["GET"]}}],"collection":[{"href":"https:\/\/hunterproboutique.com\/fr\/wp-json\/wp\/v2\/product"}],"about":[{"href":"https:\/\/hunterproboutique.com\/fr\/wp-json\/wp\/v2\/types\/product"}],"wp:featuredmedia":[{"embeddable":true,"href":"https:\/\/hunterproboutique.com\/fr\/wp-json\/wp\/v2\/media\/2108"}],"wp:attachment":[{"href":"https:\/\/hunterproboutique.com\/fr\/wp-json\/wp\/v2\/media?parent=16271"}],"wp:term":[{"taxonomy":"product_brand","embeddable":true,"href":"https:\/\/hunterproboutique.com\/fr\/wp-json\/wp\/v2\/product_brand?post=16271"},{"taxonomy":"product_cat","embeddable":true,"href":"https:\/\/hunterproboutique.com\/fr\/wp-json\/wp\/v2\/product_cat?post=16271"},{"taxonomy":"product_tag","embeddable":true,"href":"https:\/\/hunterproboutique.com\/fr\/wp-json\/wp\/v2\/product_tag?post=16271"}],"curies":[{"name":"wp","href":"https:\/\/api.w.org\/{rel}","templated":true}]}}