{"id":16335,"date":"2026-04-16T01:02:08","date_gmt":"2026-04-16T05:02:08","guid":{"rendered":"https:\/\/hunterproboutique.com\/product\/gallon-shampooing-blue-bliss\/"},"modified":"2026-04-15T03:15:09","modified_gmt":"2026-04-15T07:15:09","slug":"gallon-shampooing-blue-bliss","status":"publish","type":"product","link":"https:\/\/hunterproboutique.com\/fr\/produit\/gallon-shampooing-blue-bliss\/","title":{"rendered":"SHAMPOOING BLUE BLISS 3.78L"},"content":{"rendered":"<p>SHAMPOOING WAHL -PROFESSIONNEL  BLUE BLISS, 3,78L  Ce concentr\u00e9 permet un excellent nettoyage en profondeur, \u00e9liminant les taches, l&#8217;oxydation et les odeurs.   *Haute concentration &#8211;  rendement:  25 gallons US *Azurant et \u00e9claircissant *Rincage facile, laisse aux pelages un agr\u00e9able parfum rafra\u00eechissant *Produit naturel et biod\u00e9gradable au pH \u00e9quilibr\u00e9 qui convient aux animaux de compagnie et de ferme *Le choix id\u00e9al de ceux qui d\u00e9sirent \u00e9viter les produits chimiques nocifs pour leurs chiens et eux m\u00eames.<\/p>\n","protected":false},"excerpt":{"rendered":"<p>SHAMPOOING WAHL -PROFESSIONNEL  BLUE BLISS, 3,78L  Ce concentr\u00e9 permet un excellent nettoyage en profondeur, \u00e9liminant les taches, l&#8217;oxydation et les odeurs.   *Haute concentration &#8211;  rendement:  25 gallons US *Azurant et \u00e9claircissant *Rincage facile, laisse aux pelages un agr\u00e9able parfum rafra\u00eechissant *Produit naturel et biod\u00e9gradable au pH \u00e9quilibr\u00e9 qui convient aux animaux de compagnie et de ferme *Le choix id\u00e9al de ceux qui d\u00e9sirent \u00e9viter les produits chimiques nocifs pour leurs chiens et eux m\u00eames.<\/p>\n","protected":false},"featured_media":26555,"template":"","meta":[],"product_brand":[],"product_cat":[360,367,345],"product_tag":[],"class_list":{"0":"post-16335","1":"product","2":"type-product","3":"status-publish","4":"has-post-thumbnail","6":"product_cat-hygiene-et-soins-chien","7":"product_cat-shampooing-et-conditionneur","8":"product_cat-toilettage","10":"first","11":"instock","12":"taxable","13":"shipping-taxable","14":"purchasable","15":"product-type-simple"},"aioseo_notices":[],"_links":{"self":[{"href":"https:\/\/hunterproboutique.com\/fr\/wp-json\/wp\/v2\/product\/16335","targetHints":{"allow":["GET"]}}],"collection":[{"href":"https:\/\/hunterproboutique.com\/fr\/wp-json\/wp\/v2\/product"}],"about":[{"href":"https:\/\/hunterproboutique.com\/fr\/wp-json\/wp\/v2\/types\/product"}],"wp:featuredmedia":[{"embeddable":true,"href":"https:\/\/hunterproboutique.com\/fr\/wp-json\/wp\/v2\/media\/26555"}],"wp:attachment":[{"href":"https:\/\/hunterproboutique.com\/fr\/wp-json\/wp\/v2\/media?parent=16335"}],"wp:term":[{"taxonomy":"product_brand","embeddable":true,"href":"https:\/\/hunterproboutique.com\/fr\/wp-json\/wp\/v2\/product_brand?post=16335"},{"taxonomy":"product_cat","embeddable":true,"href":"https:\/\/hunterproboutique.com\/fr\/wp-json\/wp\/v2\/product_cat?post=16335"},{"taxonomy":"product_tag","embeddable":true,"href":"https:\/\/hunterproboutique.com\/fr\/wp-json\/wp\/v2\/product_tag?post=16335"}],"curies":[{"name":"wp","href":"https:\/\/api.w.org\/{rel}","templated":true}]}}