{"id":16339,"date":"2026-04-16T01:02:08","date_gmt":"2026-04-16T05:02:08","guid":{"rendered":"https:\/\/hunterproboutique.com\/product\/gallon-shampooing-absolute-purple\/"},"modified":"2026-04-15T03:15:09","modified_gmt":"2026-04-15T07:15:09","slug":"gallon-shampooing-absolute-purple","status":"publish","type":"product","link":"https:\/\/hunterproboutique.com\/fr\/produit\/gallon-shampooing-absolute-purple\/","title":{"rendered":"SHAMPOOING ABSOLUTE PURPLE 3.78L"},"content":{"rendered":"<p>SHAMPOOING WAHL &#8211; ABSOLUTE PURPLE, 3.78L  Con\u00e7u pour  les chiens au pelage blanc, ce shampooing doux permet un excellent nettoyage en profondeur, \u00e9liminant les odeurs, les d\u00e9bris et la graisse.  *Haute concentration &#8211; rendement 33 gallons US *Shampooing azurant et detoxfiant, pour chiens au pelage blanc * N&#8217;irrite pas les yeux, laisse une agr\u00e9able  fragrance de fraicheur *Elimine les odeurs et les taches de nourriture *Produit naturel et biod\u00e9gradable au pH \u00e9quilibr\u00e9 qui convient aux animaux de compagnie et de ferme *Le choix id\u00e9al de ceux qui d\u00e9sirent \u00e9viter les produits chimiques nocifs pour leurs chiens et eux m\u00eames.<\/p>\n","protected":false},"excerpt":{"rendered":"<p>SHAMPOOING WAHL &#8211; ABSOLUTE PURPLE, 3.78L  Con\u00e7u pour  les chiens au pelage blanc, ce shampooing doux permet un excellent nettoyage en profondeur, \u00e9liminant les odeurs, les d\u00e9bris et la graisse.  *Haute concentration &#8211; rendement 33 gallons US *Shampooing azurant et detoxfiant, pour chiens au pelage blanc * N&#8217;irrite pas les yeux, laisse une agr\u00e9able  fragrance de fraicheur *Elimine les odeurs et les taches de nourriture *Produit naturel et biod\u00e9gradable au pH \u00e9quilibr\u00e9 qui convient aux animaux de compagnie et de ferme *Le choix id\u00e9al de ceux qui d\u00e9sirent \u00e9viter les produits chimiques nocifs pour leurs chiens et eux m\u00eames.<\/p>\n","protected":false},"featured_media":26561,"template":"","meta":[],"product_brand":[],"product_cat":[360,367,345],"product_tag":[],"class_list":{"0":"post-16339","1":"product","2":"type-product","3":"status-publish","4":"has-post-thumbnail","6":"product_cat-hygiene-et-soins-chien","7":"product_cat-shampooing-et-conditionneur","8":"product_cat-toilettage","10":"first","11":"instock","12":"taxable","13":"shipping-taxable","14":"purchasable","15":"product-type-simple"},"aioseo_notices":[],"_links":{"self":[{"href":"https:\/\/hunterproboutique.com\/fr\/wp-json\/wp\/v2\/product\/16339","targetHints":{"allow":["GET"]}}],"collection":[{"href":"https:\/\/hunterproboutique.com\/fr\/wp-json\/wp\/v2\/product"}],"about":[{"href":"https:\/\/hunterproboutique.com\/fr\/wp-json\/wp\/v2\/types\/product"}],"wp:featuredmedia":[{"embeddable":true,"href":"https:\/\/hunterproboutique.com\/fr\/wp-json\/wp\/v2\/media\/26561"}],"wp:attachment":[{"href":"https:\/\/hunterproboutique.com\/fr\/wp-json\/wp\/v2\/media?parent=16339"}],"wp:term":[{"taxonomy":"product_brand","embeddable":true,"href":"https:\/\/hunterproboutique.com\/fr\/wp-json\/wp\/v2\/product_brand?post=16339"},{"taxonomy":"product_cat","embeddable":true,"href":"https:\/\/hunterproboutique.com\/fr\/wp-json\/wp\/v2\/product_cat?post=16339"},{"taxonomy":"product_tag","embeddable":true,"href":"https:\/\/hunterproboutique.com\/fr\/wp-json\/wp\/v2\/product_tag?post=16339"}],"curies":[{"name":"wp","href":"https:\/\/api.w.org\/{rel}","templated":true}]}}