{"id":16341,"date":"2026-04-16T01:02:08","date_gmt":"2026-04-16T05:02:08","guid":{"rendered":"https:\/\/hunterproboutique.com\/product\/gallon-shampooing-pure-n-clean\/"},"modified":"2026-04-15T03:15:10","modified_gmt":"2026-04-15T07:15:10","slug":"gallon-shampooing-pure-n-clean","status":"publish","type":"product","link":"https:\/\/hunterproboutique.com\/fr\/produit\/gallon-shampooing-pure-n-clean\/","title":{"rendered":"SHAMPOOING PURE-N-CLEAN HYPOALLERGIQUE  3.78L"},"content":{"rendered":"<p>SHAMPOOING WAHL &#8211; PURE-N-CLEAN HYPO., 3.78L  Ce shampooing produit une mousse abondante, un nettoyage l\u00e9ger et laisse un \u00e9clat profond et brillant.  *Haute concentration &#8211; rendement 33 gallons US *Formule hypoallergique naturellement apaisant, pour peau sensible, animal et humain *Se rince facilement et n&#8217;ass\u00e8che pas le pelage ni la peau *N&#8217;irrite pas les yeux, laisse une agr\u00e9able  fragrance  menthol\u00e9e *Produit naturel et biod\u00e9gradable au pH \u00e9quilibr\u00e9 qui convient aux animaux de compagnie et de ferme *Le choix id\u00e9al de ceux qui d\u00e9sirent \u00e9viter les produits chimiques nocifs pour leurs chiens et eux-m\u00eames.<\/p>\n","protected":false},"excerpt":{"rendered":"<p>SHAMPOOING WAHL &#8211; PURE-N-CLEAN HYPO., 3.78L  Ce shampooing produit une mousse abondante, un nettoyage l\u00e9ger et laisse un \u00e9clat profond et brillant.  *Haute concentration &#8211; rendement 33 gallons US *Formule hypoallergique naturellement apaisant, pour peau sensible, animal et humain *Se rince facilement et n&#8217;ass\u00e8che pas le pelage ni la peau *N&#8217;irrite pas les yeux, laisse une agr\u00e9able  fragrance  menthol\u00e9e *Produit naturel et biod\u00e9gradable au pH \u00e9quilibr\u00e9 qui convient aux animaux de compagnie et de ferme *Le choix id\u00e9al de ceux qui d\u00e9sirent \u00e9viter les produits chimiques nocifs pour leurs chiens et eux-m\u00eames.<\/p>\n","protected":false},"featured_media":26564,"template":"","meta":[],"product_brand":[],"product_cat":[360,367,345],"product_tag":[],"class_list":{"0":"post-16341","1":"product","2":"type-product","3":"status-publish","4":"has-post-thumbnail","6":"product_cat-hygiene-et-soins-chien","7":"product_cat-shampooing-et-conditionneur","8":"product_cat-toilettage","10":"first","11":"instock","12":"taxable","13":"shipping-taxable","14":"purchasable","15":"product-type-simple"},"aioseo_notices":[],"_links":{"self":[{"href":"https:\/\/hunterproboutique.com\/fr\/wp-json\/wp\/v2\/product\/16341","targetHints":{"allow":["GET"]}}],"collection":[{"href":"https:\/\/hunterproboutique.com\/fr\/wp-json\/wp\/v2\/product"}],"about":[{"href":"https:\/\/hunterproboutique.com\/fr\/wp-json\/wp\/v2\/types\/product"}],"wp:featuredmedia":[{"embeddable":true,"href":"https:\/\/hunterproboutique.com\/fr\/wp-json\/wp\/v2\/media\/26564"}],"wp:attachment":[{"href":"https:\/\/hunterproboutique.com\/fr\/wp-json\/wp\/v2\/media?parent=16341"}],"wp:term":[{"taxonomy":"product_brand","embeddable":true,"href":"https:\/\/hunterproboutique.com\/fr\/wp-json\/wp\/v2\/product_brand?post=16341"},{"taxonomy":"product_cat","embeddable":true,"href":"https:\/\/hunterproboutique.com\/fr\/wp-json\/wp\/v2\/product_cat?post=16341"},{"taxonomy":"product_tag","embeddable":true,"href":"https:\/\/hunterproboutique.com\/fr\/wp-json\/wp\/v2\/product_tag?post=16341"}],"curies":[{"name":"wp","href":"https:\/\/api.w.org\/{rel}","templated":true}]}}