{"id":16359,"date":"2026-05-07T01:02:05","date_gmt":"2026-05-07T05:02:05","guid":{"rendered":"https:\/\/hunterproboutique.com\/product\/17oz-vaporisateur-dknot\/"},"modified":"2026-05-07T03:15:18","modified_gmt":"2026-05-07T07:15:18","slug":"17oz-vaporisateur-dknot","status":"publish","type":"product","link":"https:\/\/hunterproboutique.com\/fr\/produit\/17oz-vaporisateur-dknot\/","title":{"rendered":"17oz   VAPORISATEUR D&#8217;KNOT"},"content":{"rendered":"<p>VAPORISATEUR D&#8217; KNOT SPRAY &#8211; 17 OZ  D&#8217; Knot Spray est un pulv\u00e9risateur d\u00e9m\u00ealant qui fonctionne sans arracher les poils.   *Pr\u00eat \u00e0 utiliser, ar\u00f4me agr\u00e9able *Revitalisant sans rin\u00e7age *La fa\u00e7on la plus humaine de peigner et brosser les animaux de compagnie *Compos\u00e9 d&#8217;agents de polissage et lubrifiants sp\u00e9ciaux pour les poils naturels *Raccourcit le temps de s\u00e9chage et diminue le nombre de brossages *Produit naturel au pH \u00e9quilibr\u00e9 qui convient aux animaux de compagnie ( chiens et chats ) et de ferme *Le choix id\u00e9al de ceux qui d\u00e9sirent \u00e9viter les produits chimiques nocifs pour leurs chiens et eux m\u00eames.<\/p>\n","protected":false},"excerpt":{"rendered":"<p>VAPORISATEUR D&#8217; KNOT SPRAY &#8211; 17 OZ  D&#8217; Knot Spray est un pulv\u00e9risateur d\u00e9m\u00ealant qui fonctionne sans arracher les poils.   *Pr\u00eat \u00e0 utiliser, ar\u00f4me agr\u00e9able *Revitalisant sans rin\u00e7age *La fa\u00e7on la plus humaine de peigner et brosser les animaux de compagnie *Compos\u00e9 d&#8217;agents de polissage et lubrifiants sp\u00e9ciaux pour les poils naturels *Raccourcit le temps de s\u00e9chage et diminue le nombre de brossages *Produit naturel au pH \u00e9quilibr\u00e9 qui convient aux animaux de compagnie ( chiens et chats ) et de ferme *Le choix id\u00e9al de ceux qui d\u00e9sirent \u00e9viter les produits chimiques nocifs pour leurs chiens et eux m\u00eames.<\/p>\n","protected":false},"featured_media":26591,"template":"","meta":[],"product_brand":[],"product_cat":[360,367,345],"product_tag":[],"class_list":{"0":"post-16359","1":"product","2":"type-product","3":"status-publish","4":"has-post-thumbnail","6":"product_cat-hygiene-et-soins-chien","7":"product_cat-shampooing-et-conditionneur","8":"product_cat-toilettage","10":"first","11":"instock","12":"taxable","13":"shipping-taxable","14":"purchasable","15":"product-type-simple"},"aioseo_notices":[],"_links":{"self":[{"href":"https:\/\/hunterproboutique.com\/fr\/wp-json\/wp\/v2\/product\/16359","targetHints":{"allow":["GET"]}}],"collection":[{"href":"https:\/\/hunterproboutique.com\/fr\/wp-json\/wp\/v2\/product"}],"about":[{"href":"https:\/\/hunterproboutique.com\/fr\/wp-json\/wp\/v2\/types\/product"}],"wp:featuredmedia":[{"embeddable":true,"href":"https:\/\/hunterproboutique.com\/fr\/wp-json\/wp\/v2\/media\/26591"}],"wp:attachment":[{"href":"https:\/\/hunterproboutique.com\/fr\/wp-json\/wp\/v2\/media?parent=16359"}],"wp:term":[{"taxonomy":"product_brand","embeddable":true,"href":"https:\/\/hunterproboutique.com\/fr\/wp-json\/wp\/v2\/product_brand?post=16359"},{"taxonomy":"product_cat","embeddable":true,"href":"https:\/\/hunterproboutique.com\/fr\/wp-json\/wp\/v2\/product_cat?post=16359"},{"taxonomy":"product_tag","embeddable":true,"href":"https:\/\/hunterproboutique.com\/fr\/wp-json\/wp\/v2\/product_tag?post=16359"}],"curies":[{"name":"wp","href":"https:\/\/api.w.org\/{rel}","templated":true}]}}