{"id":16371,"date":"2026-04-16T01:02:10","date_gmt":"2026-04-16T05:02:10","guid":{"rendered":"https:\/\/hunterproboutique.com\/product\/17oz-shampooing-midnight-black\/"},"modified":"2026-04-15T03:15:12","modified_gmt":"2026-04-15T07:15:12","slug":"17oz-shampooing-midnight-black","status":"publish","type":"product","link":"https:\/\/hunterproboutique.com\/fr\/produit\/17oz-shampooing-midnight-black\/","title":{"rendered":"SHAMPOOING MIDNIGHT BLACK,17OZ"},"content":{"rendered":"<p>SHAMPOOING WAHL MIDNIGHT BLACK  17 oz.  Ce shampooing noir, dense et \u00e0 haute concentration a \u00e9t\u00e9 con\u00e7u pour asssombrir les poils fonc\u00e9s, \u00e9liminant l&#8217;oxydation jaunissante et grisante tout en nettoyant et revitalisant.   *Haute concentration &#8211; rendement 3 gallons US *Formule hyallergique rnaturellement apaisant,  *Shampooing accentuateur de couleurs *Se rince facilement et n&#8217;ass\u00e8che pas le pelage ni la peau *Elimine les odeurs d\u00e9sagrr\u00e9ables \u00e0 la perfection, les salet\u00e9s et les taches de nourriture *Produit naturel et biod\u00e9gradable au pH \u00e9quilibr\u00e9 qui convient aux animaux de compagnie et de ferme *Le choix id\u00e9al de ceux qui d\u00e9sirent \u00e9viter les produits chimiques nocifs pour leurs chiens et eux m\u00eames.<\/p>\n","protected":false},"excerpt":{"rendered":"<p>SHAMPOOING WAHL MIDNIGHT BLACK  17 oz.  Ce shampooing noir, dense et \u00e0 haute concentration a \u00e9t\u00e9 con\u00e7u pour asssombrir les poils fonc\u00e9s, \u00e9liminant l&#8217;oxydation jaunissante et grisante tout en nettoyant et revitalisant.   *Haute concentration &#8211; rendement 3 gallons US *Formule hyallergique rnaturellement apaisant,  *Shampooing accentuateur de couleurs *Se rince facilement et n&#8217;ass\u00e8che pas le pelage ni la peau *Elimine les odeurs d\u00e9sagrr\u00e9ables \u00e0 la perfection, les salet\u00e9s et les taches de nourriture *Produit naturel et biod\u00e9gradable au pH \u00e9quilibr\u00e9 qui convient aux animaux de compagnie et de ferme *Le choix id\u00e9al de ceux qui d\u00e9sirent \u00e9viter les produits chimiques nocifs pour leurs chiens et eux m\u00eames.<\/p>\n","protected":false},"featured_media":26633,"template":"","meta":[],"product_brand":[],"product_cat":[360,367,345],"product_tag":[],"class_list":{"0":"post-16371","1":"product","2":"type-product","3":"status-publish","4":"has-post-thumbnail","6":"product_cat-hygiene-et-soins-chien","7":"product_cat-shampooing-et-conditionneur","8":"product_cat-toilettage","10":"first","11":"instock","12":"taxable","13":"shipping-taxable","14":"purchasable","15":"product-type-simple"},"aioseo_notices":[],"_links":{"self":[{"href":"https:\/\/hunterproboutique.com\/fr\/wp-json\/wp\/v2\/product\/16371","targetHints":{"allow":["GET"]}}],"collection":[{"href":"https:\/\/hunterproboutique.com\/fr\/wp-json\/wp\/v2\/product"}],"about":[{"href":"https:\/\/hunterproboutique.com\/fr\/wp-json\/wp\/v2\/types\/product"}],"wp:featuredmedia":[{"embeddable":true,"href":"https:\/\/hunterproboutique.com\/fr\/wp-json\/wp\/v2\/media\/26633"}],"wp:attachment":[{"href":"https:\/\/hunterproboutique.com\/fr\/wp-json\/wp\/v2\/media?parent=16371"}],"wp:term":[{"taxonomy":"product_brand","embeddable":true,"href":"https:\/\/hunterproboutique.com\/fr\/wp-json\/wp\/v2\/product_brand?post=16371"},{"taxonomy":"product_cat","embeddable":true,"href":"https:\/\/hunterproboutique.com\/fr\/wp-json\/wp\/v2\/product_cat?post=16371"},{"taxonomy":"product_tag","embeddable":true,"href":"https:\/\/hunterproboutique.com\/fr\/wp-json\/wp\/v2\/product_tag?post=16371"}],"curies":[{"name":"wp","href":"https:\/\/api.w.org\/{rel}","templated":true}]}}