{"id":16463,"date":"2026-04-16T01:02:39","date_gmt":"2026-04-16T05:02:39","guid":{"rendered":"https:\/\/hunterproboutique.com\/product\/pince-a-tique-avec-loupe\/"},"modified":"2026-04-15T03:15:52","modified_gmt":"2026-04-15T07:15:52","slug":"pince-a-tique-avec-loupe","status":"publish","type":"product","link":"https:\/\/hunterproboutique.com\/fr\/produit\/pince-a-tique-avec-loupe\/","title":{"rendered":"PINCE A TIQUE AVEC LOUPE"},"content":{"rendered":"<p>PINCE \u00c0 TIQUE AVEC LOUPE  Cette pince \u00e0 tique comprend une loupe afin de faciliter l&#8217;\u00e9limination des tiques.<\/p>\n","protected":false},"excerpt":{"rendered":"<p>PINCE \u00c0 TIQUE AVEC LOUPE  Cette pince \u00e0 tique comprend une loupe afin de faciliter l&#8217;\u00e9limination des tiques.<\/p>\n","protected":false},"featured_media":27559,"template":"","meta":[],"product_brand":[],"product_cat":[468,360,345],"product_tag":[],"class_list":{"0":"post-16463","1":"product","2":"type-product","3":"status-publish","4":"has-post-thumbnail","6":"product_cat-accessories-soins-chien","7":"product_cat-hygiene-et-soins-chien","8":"product_cat-toilettage","10":"first","11":"instock","12":"taxable","13":"shipping-taxable","14":"purchasable","15":"product-type-simple"},"aioseo_notices":[],"_links":{"self":[{"href":"https:\/\/hunterproboutique.com\/fr\/wp-json\/wp\/v2\/product\/16463","targetHints":{"allow":["GET"]}}],"collection":[{"href":"https:\/\/hunterproboutique.com\/fr\/wp-json\/wp\/v2\/product"}],"about":[{"href":"https:\/\/hunterproboutique.com\/fr\/wp-json\/wp\/v2\/types\/product"}],"wp:featuredmedia":[{"embeddable":true,"href":"https:\/\/hunterproboutique.com\/fr\/wp-json\/wp\/v2\/media\/27559"}],"wp:attachment":[{"href":"https:\/\/hunterproboutique.com\/fr\/wp-json\/wp\/v2\/media?parent=16463"}],"wp:term":[{"taxonomy":"product_brand","embeddable":true,"href":"https:\/\/hunterproboutique.com\/fr\/wp-json\/wp\/v2\/product_brand?post=16463"},{"taxonomy":"product_cat","embeddable":true,"href":"https:\/\/hunterproboutique.com\/fr\/wp-json\/wp\/v2\/product_cat?post=16463"},{"taxonomy":"product_tag","embeddable":true,"href":"https:\/\/hunterproboutique.com\/fr\/wp-json\/wp\/v2\/product_tag?post=16463"}],"curies":[{"name":"wp","href":"https:\/\/api.w.org\/{rel}","templated":true}]}}