{"id":16473,"date":"2026-04-23T01:02:07","date_gmt":"2026-04-23T05:02:07","guid":{"rendered":"https:\/\/hunterproboutique.com\/product\/118ml-pucci-cologne\/"},"modified":"2026-04-23T03:15:15","modified_gmt":"2026-04-23T07:15:15","slug":"118ml-pucci-cologne","status":"publish","type":"product","link":"https:\/\/hunterproboutique.com\/fr\/produit\/118ml-pucci-cologne\/","title":{"rendered":"118ml PUCCI COLOGNE"},"content":{"rendered":"<p>COLOGNE &#8216;GRIFF\u00c9E&#8217; &#8211; PUCCI 118ML  Inspir\u00e9e de parfums populaires, Fine Pet Cologne offre une vari\u00e9t\u00e9 de produits pour r\u00e9pondre aux pr\u00e9f\u00e9rences des propri\u00e9taires. Pour tous les go\u00fbts et toutes les personnalit\u00e9s, parcourez toute la gamme pour trouver le parfum parfait   *Fabriqu\u00e9 \u00e0 partir des meilleurs ingr\u00e9dients, ces colognes parfument le pelage durant plusieurs jours. *Pucci convient aux chiens classiques et sportifs qui aimeront \u00e9galement : *CK-9, Bono Sport et Timmy Holedigger qui sont un choix rafra\u00eechissant, propre et unisexe. *Un autre excellent choix : Aqua Di Dog avec un irr\u00e9sistible parfum robuste et masculin.<\/p>\n","protected":false},"excerpt":{"rendered":"<p>COLOGNE &#8216;GRIFF\u00c9E&#8217; &#8211; PUCCI 118ML  Inspir\u00e9e de parfums populaires, Fine Pet Cologne offre une vari\u00e9t\u00e9 de produits pour r\u00e9pondre aux pr\u00e9f\u00e9rences des propri\u00e9taires. Pour tous les go\u00fbts et toutes les personnalit\u00e9s, parcourez toute la gamme pour trouver le parfum parfait   *Fabriqu\u00e9 \u00e0 partir des meilleurs ingr\u00e9dients, ces colognes parfument le pelage durant plusieurs jours. *Pucci convient aux chiens classiques et sportifs qui aimeront \u00e9galement : *CK-9, Bono Sport et Timmy Holedigger qui sont un choix rafra\u00eechissant, propre et unisexe. *Un autre excellent choix : Aqua Di Dog avec un irr\u00e9sistible parfum robuste et masculin.<\/p>\n","protected":false},"featured_media":26669,"template":"","meta":[],"product_brand":[],"product_cat":[362,360,345],"product_tag":[],"class_list":{"0":"post-16473","1":"product","2":"type-product","3":"status-publish","4":"has-post-thumbnail","6":"product_cat-cologne-fr","7":"product_cat-hygiene-et-soins-chien","8":"product_cat-toilettage","10":"first","11":"instock","12":"taxable","13":"shipping-taxable","14":"purchasable","15":"product-type-simple"},"aioseo_notices":[],"_links":{"self":[{"href":"https:\/\/hunterproboutique.com\/fr\/wp-json\/wp\/v2\/product\/16473","targetHints":{"allow":["GET"]}}],"collection":[{"href":"https:\/\/hunterproboutique.com\/fr\/wp-json\/wp\/v2\/product"}],"about":[{"href":"https:\/\/hunterproboutique.com\/fr\/wp-json\/wp\/v2\/types\/product"}],"wp:featuredmedia":[{"embeddable":true,"href":"https:\/\/hunterproboutique.com\/fr\/wp-json\/wp\/v2\/media\/26669"}],"wp:attachment":[{"href":"https:\/\/hunterproboutique.com\/fr\/wp-json\/wp\/v2\/media?parent=16473"}],"wp:term":[{"taxonomy":"product_brand","embeddable":true,"href":"https:\/\/hunterproboutique.com\/fr\/wp-json\/wp\/v2\/product_brand?post=16473"},{"taxonomy":"product_cat","embeddable":true,"href":"https:\/\/hunterproboutique.com\/fr\/wp-json\/wp\/v2\/product_cat?post=16473"},{"taxonomy":"product_tag","embeddable":true,"href":"https:\/\/hunterproboutique.com\/fr\/wp-json\/wp\/v2\/product_tag?post=16473"}],"curies":[{"name":"wp","href":"https:\/\/api.w.org\/{rel}","templated":true}]}}