{"id":16483,"date":"2026-04-16T01:02:10","date_gmt":"2026-04-16T05:02:10","guid":{"rendered":"https:\/\/hunterproboutique.com\/product\/17oz-showman-cologne-plumeria\/"},"modified":"2026-04-16T03:15:16","modified_gmt":"2026-04-16T07:15:16","slug":"17oz-showman-cologne-plumeria","status":"publish","type":"product","link":"https:\/\/hunterproboutique.com\/fr\/produit\/17oz-showman-cologne-plumeria\/","title":{"rendered":"8OZ SHOWMAN &#8211; COLOGNE FRANGIPANIER"},"content":{"rendered":"<p>EAU DE COLOGNE SHOWMAN &#8211; PARFUM DE FRANGIPANIER 8OZ.  Fabriqu\u00e9 \u00e0 partir des meilleurs ingr\u00e9dients, son parfum frais et  tropical rappelle le printemps  *Votre toutou sentira toujours bon *Peut \u00eatre utilis\u00e9 au besoin sur les chiens, les chats, les furets et les lapins.<\/p>\n","protected":false},"excerpt":{"rendered":"<p>EAU DE COLOGNE SHOWMAN &#8211; PARFUM DE FRANGIPANIER 8OZ.  Fabriqu\u00e9 \u00e0 partir des meilleurs ingr\u00e9dients, son parfum frais et  tropical rappelle le printemps  *Votre toutou sentira toujours bon *Peut \u00eatre utilis\u00e9 au besoin sur les chiens, les chats, les furets et les lapins.<\/p>\n","protected":false},"featured_media":26697,"template":"","meta":[],"product_brand":[],"product_cat":[362,360,345],"product_tag":[],"class_list":{"0":"post-16483","1":"product","2":"type-product","3":"status-publish","4":"has-post-thumbnail","6":"product_cat-cologne-fr","7":"product_cat-hygiene-et-soins-chien","8":"product_cat-toilettage","10":"first","11":"outofstock","12":"taxable","13":"shipping-taxable","14":"purchasable","15":"product-type-simple"},"aioseo_notices":[],"_links":{"self":[{"href":"https:\/\/hunterproboutique.com\/fr\/wp-json\/wp\/v2\/product\/16483","targetHints":{"allow":["GET"]}}],"collection":[{"href":"https:\/\/hunterproboutique.com\/fr\/wp-json\/wp\/v2\/product"}],"about":[{"href":"https:\/\/hunterproboutique.com\/fr\/wp-json\/wp\/v2\/types\/product"}],"wp:featuredmedia":[{"embeddable":true,"href":"https:\/\/hunterproboutique.com\/fr\/wp-json\/wp\/v2\/media\/26697"}],"wp:attachment":[{"href":"https:\/\/hunterproboutique.com\/fr\/wp-json\/wp\/v2\/media?parent=16483"}],"wp:term":[{"taxonomy":"product_brand","embeddable":true,"href":"https:\/\/hunterproboutique.com\/fr\/wp-json\/wp\/v2\/product_brand?post=16483"},{"taxonomy":"product_cat","embeddable":true,"href":"https:\/\/hunterproboutique.com\/fr\/wp-json\/wp\/v2\/product_cat?post=16483"},{"taxonomy":"product_tag","embeddable":true,"href":"https:\/\/hunterproboutique.com\/fr\/wp-json\/wp\/v2\/product_tag?post=16483"}],"curies":[{"name":"wp","href":"https:\/\/api.w.org\/{rel}","templated":true}]}}