{"id":16502,"date":"2026-05-07T01:02:33","date_gmt":"2026-05-07T05:02:33","guid":{"rendered":"https:\/\/hunterproboutique.com\/product\/gant-toilettage\/"},"modified":"2026-05-07T03:16:02","modified_gmt":"2026-05-07T07:16:02","slug":"gant-toilettage","status":"publish","type":"product","link":"https:\/\/hunterproboutique.com\/fr\/produit\/gant-toilettage\/","title":{"rendered":"GANT TOILETTAGE"},"content":{"rendered":"<p>GANT DE TOILETTAGE WAHL  Gant de conception ergonomique pour vous faciliter la t\u00e2che  *Comporte des rainures sur\u00e9lev\u00e9es pour un effet nettoyant parfait *Masse d\u00e9licatement le pelage *Apaise les animaux nerveux<\/p>\n","protected":false},"excerpt":{"rendered":"<p>GANT DE TOILETTAGE WAHL  Gant de conception ergonomique pour vous faciliter la t\u00e2che  *Comporte des rainures sur\u00e9lev\u00e9es pour un effet nettoyant parfait *Masse d\u00e9licatement le pelage *Apaise les animaux nerveux<\/p>\n","protected":false},"featured_media":27761,"template":"","meta":[],"product_brand":[],"product_cat":[361,360,345],"product_tag":[],"class_list":{"0":"post-16502","1":"product","2":"type-product","3":"status-publish","4":"has-post-thumbnail","6":"product_cat-brosse","7":"product_cat-hygiene-et-soins-chien","8":"product_cat-toilettage","10":"first","11":"instock","12":"taxable","13":"shipping-taxable","14":"purchasable","15":"product-type-simple"},"aioseo_notices":[],"_links":{"self":[{"href":"https:\/\/hunterproboutique.com\/fr\/wp-json\/wp\/v2\/product\/16502","targetHints":{"allow":["GET"]}}],"collection":[{"href":"https:\/\/hunterproboutique.com\/fr\/wp-json\/wp\/v2\/product"}],"about":[{"href":"https:\/\/hunterproboutique.com\/fr\/wp-json\/wp\/v2\/types\/product"}],"wp:featuredmedia":[{"embeddable":true,"href":"https:\/\/hunterproboutique.com\/fr\/wp-json\/wp\/v2\/media\/27761"}],"wp:attachment":[{"href":"https:\/\/hunterproboutique.com\/fr\/wp-json\/wp\/v2\/media?parent=16502"}],"wp:term":[{"taxonomy":"product_brand","embeddable":true,"href":"https:\/\/hunterproboutique.com\/fr\/wp-json\/wp\/v2\/product_brand?post=16502"},{"taxonomy":"product_cat","embeddable":true,"href":"https:\/\/hunterproboutique.com\/fr\/wp-json\/wp\/v2\/product_cat?post=16502"},{"taxonomy":"product_tag","embeddable":true,"href":"https:\/\/hunterproboutique.com\/fr\/wp-json\/wp\/v2\/product_tag?post=16502"}],"curies":[{"name":"wp","href":"https:\/\/api.w.org\/{rel}","templated":true}]}}