{"id":16504,"date":"2026-05-07T01:02:33","date_gmt":"2026-05-07T05:02:33","guid":{"rendered":"https:\/\/hunterproboutique.com\/product\/brosse-etrille-auto-nettoyante-pour-chat\/"},"modified":"2026-05-07T03:16:02","modified_gmt":"2026-05-07T07:16:02","slug":"brosse-etrille-auto-nettoyante-pour-chat","status":"publish","type":"product","link":"https:\/\/hunterproboutique.com\/fr\/produit\/brosse-etrille-auto-nettoyante-pour-chat\/","title":{"rendered":"BROSSE ETRILLE, AUTO NETTOYANTE POUR CHATS"},"content":{"rendered":"<p>BROSSE-\u00c9TRILLE ROTATIVE AUTO-NETTOYANTE POUR CHATS  Outil de toilettage qui simplifie le travail, cette brosse auto-nettoyante Wahl est dot\u00e9e d&#8217;un bouton qui \u00e9jecte d&#8217;un coup les poils retenus.  *Des aiguilles de nylon parcourent le pelage en ramasssant les poils morts   *Poign\u00e9e gel, pour le confort et la s\u00e9curit\u00e9 *Une simple pression du bouton d\u00e9logera les poils ramass\u00e9s pour les laisser tomber  dans la  poubelle<\/p>\n","protected":false},"excerpt":{"rendered":"<p>BROSSE-\u00c9TRILLE ROTATIVE AUTO-NETTOYANTE POUR CHATS  Outil de toilettage qui simplifie le travail, cette brosse auto-nettoyante Wahl est dot\u00e9e d&#8217;un bouton qui \u00e9jecte d&#8217;un coup les poils retenus.  *Des aiguilles de nylon parcourent le pelage en ramasssant les poils morts   *Poign\u00e9e gel, pour le confort et la s\u00e9curit\u00e9 *Une simple pression du bouton d\u00e9logera les poils ramass\u00e9s pour les laisser tomber  dans la  poubelle<\/p>\n","protected":false},"featured_media":27767,"template":"","meta":[],"product_brand":[],"product_cat":[361,360,345],"product_tag":[],"class_list":{"0":"post-16504","1":"product","2":"type-product","3":"status-publish","4":"has-post-thumbnail","6":"product_cat-brosse","7":"product_cat-hygiene-et-soins-chien","8":"product_cat-toilettage","10":"first","11":"outofstock","12":"taxable","13":"shipping-taxable","14":"purchasable","15":"product-type-simple"},"aioseo_notices":[],"_links":{"self":[{"href":"https:\/\/hunterproboutique.com\/fr\/wp-json\/wp\/v2\/product\/16504","targetHints":{"allow":["GET"]}}],"collection":[{"href":"https:\/\/hunterproboutique.com\/fr\/wp-json\/wp\/v2\/product"}],"about":[{"href":"https:\/\/hunterproboutique.com\/fr\/wp-json\/wp\/v2\/types\/product"}],"wp:featuredmedia":[{"embeddable":true,"href":"https:\/\/hunterproboutique.com\/fr\/wp-json\/wp\/v2\/media\/27767"}],"wp:attachment":[{"href":"https:\/\/hunterproboutique.com\/fr\/wp-json\/wp\/v2\/media?parent=16504"}],"wp:term":[{"taxonomy":"product_brand","embeddable":true,"href":"https:\/\/hunterproboutique.com\/fr\/wp-json\/wp\/v2\/product_brand?post=16504"},{"taxonomy":"product_cat","embeddable":true,"href":"https:\/\/hunterproboutique.com\/fr\/wp-json\/wp\/v2\/product_cat?post=16504"},{"taxonomy":"product_tag","embeddable":true,"href":"https:\/\/hunterproboutique.com\/fr\/wp-json\/wp\/v2\/product_tag?post=16504"}],"curies":[{"name":"wp","href":"https:\/\/api.w.org\/{rel}","templated":true}]}}