{"id":16512,"date":"2026-05-07T01:02:33","date_gmt":"2026-05-07T05:02:33","guid":{"rendered":"https:\/\/hunterproboutique.com\/product\/moyenne-brosse-etrille-2\/"},"modified":"2026-05-07T03:16:10","modified_gmt":"2026-05-07T07:16:10","slug":"moyenne-brosse-etrille-2","status":"publish","type":"product","link":"https:\/\/hunterproboutique.com\/fr\/produit\/moyenne-brosse-etrille-2\/","title":{"rendered":"MOYENNE BROSSE ETRILLE"},"content":{"rendered":"<p>BROSSE \u00c0 \u00c9TRILLE HUNTER &#8211; MOYENNE  Cette brosse fait partie d&#8217;une gamme compl\u00e8te d&#8217;outils de toilettage. . Le caoutchouc textur\u00e9 sur une poign\u00e9e en plastique offre un confort et un contr\u00f4le sup\u00e9rieurs. L&#8217;utilisation hebdomadaire de cet outil est une pratique fortement recommand\u00e9e pour le bien-\u00eatre de votre animal de compagnie.  *Cette taille moyenne est parfaite pour le toilettage  *Les aiguilles m\u00e9talliques courbes et ultra douces d\u00e9tachent naturellement les poils morts  *Elles r\u00e9duisent non seulement la perte de poils, mais stimulent \u00e9galement la circulation sanguine *Le paquet comprend \u00e9galement un mini peigne en plastique pour les d\u00e9tails de finition *Consultez l&#8217;emballage pour conseils d&#8217;utilisation concernant les diff\u00e9rents types de poils    *Ce produit convient aux chiens de taille moyenne<\/p>\n","protected":false},"excerpt":{"rendered":"<p>BROSSE \u00c0 \u00c9TRILLE HUNTER &#8211; MOYENNE  Cette brosse fait partie d&#8217;une gamme compl\u00e8te d&#8217;outils de toilettage. . Le caoutchouc textur\u00e9 sur une poign\u00e9e en plastique offre un confort et un contr\u00f4le sup\u00e9rieurs. L&#8217;utilisation hebdomadaire de cet outil est une pratique fortement recommand\u00e9e pour le bien-\u00eatre de votre animal de compagnie.  *Cette taille moyenne est parfaite pour le toilettage  *Les aiguilles m\u00e9talliques courbes et ultra douces d\u00e9tachent naturellement les poils morts  *Elles r\u00e9duisent non seulement la perte de poils, mais stimulent \u00e9galement la circulation sanguine *Le paquet comprend \u00e9galement un mini peigne en plastique pour les d\u00e9tails de finition *Consultez l&#8217;emballage pour conseils d&#8217;utilisation concernant les diff\u00e9rents types de poils    *Ce produit convient aux chiens de taille moyenne<\/p>\n","protected":false},"featured_media":10676,"template":"","meta":[],"product_brand":[],"product_cat":[361,360,345],"product_tag":[],"class_list":{"0":"post-16512","1":"product","2":"type-product","3":"status-publish","4":"has-post-thumbnail","6":"product_cat-brosse","7":"product_cat-hygiene-et-soins-chien","8":"product_cat-toilettage","10":"first","11":"instock","12":"taxable","13":"shipping-taxable","14":"purchasable","15":"product-type-simple"},"aioseo_notices":[],"_links":{"self":[{"href":"https:\/\/hunterproboutique.com\/fr\/wp-json\/wp\/v2\/product\/16512","targetHints":{"allow":["GET"]}}],"collection":[{"href":"https:\/\/hunterproboutique.com\/fr\/wp-json\/wp\/v2\/product"}],"about":[{"href":"https:\/\/hunterproboutique.com\/fr\/wp-json\/wp\/v2\/types\/product"}],"wp:featuredmedia":[{"embeddable":true,"href":"https:\/\/hunterproboutique.com\/fr\/wp-json\/wp\/v2\/media\/10676"}],"wp:attachment":[{"href":"https:\/\/hunterproboutique.com\/fr\/wp-json\/wp\/v2\/media?parent=16512"}],"wp:term":[{"taxonomy":"product_brand","embeddable":true,"href":"https:\/\/hunterproboutique.com\/fr\/wp-json\/wp\/v2\/product_brand?post=16512"},{"taxonomy":"product_cat","embeddable":true,"href":"https:\/\/hunterproboutique.com\/fr\/wp-json\/wp\/v2\/product_cat?post=16512"},{"taxonomy":"product_tag","embeddable":true,"href":"https:\/\/hunterproboutique.com\/fr\/wp-json\/wp\/v2\/product_tag?post=16512"}],"curies":[{"name":"wp","href":"https:\/\/api.w.org\/{rel}","templated":true}]}}