{"id":16531,"date":"2026-05-07T01:02:34","date_gmt":"2026-05-07T05:02:34","guid":{"rendered":"https:\/\/hunterproboutique.com\/product\/65027-brosse-etrille-pour-chats\/"},"modified":"2026-05-07T03:16:04","modified_gmt":"2026-05-07T07:16:04","slug":"65027-brosse-etrille-pour-chats","status":"publish","type":"product","link":"https:\/\/hunterproboutique.com\/fr\/produit\/65027-brosse-etrille-pour-chats\/","title":{"rendered":"65027, BROSSE ETRILLE POUR CHATS"},"content":{"rendered":"<p>BROSSE-\u00c9TRILLE POUR CHATS GRIPSOFT  Ce cadre d\u00e9loge et d\u00e9gage autant la poussi\u00e8re que les peaux et les poils morts. Les aiguilles ultra-douces sont id\u00e9ales pour une utilisation hebdomadaire : il permet d&#8217;\u00e9viter les emm\u00ealements alors qu&#8217;il stimule la circulation sanguine, encourageant la croissance d&#8217;un pelage sain. Le manche en caoutchouc souple assure un contr\u00f4le efficace et un confort sup\u00e9rieur gr\u00e2ce \u00e0 ses empreintes de doigts. Cette brosse est ad\u00e9quate pour tous les types de chats, y compris les peaux sensibles.<\/p>\n","protected":false},"excerpt":{"rendered":"<p>BROSSE-\u00c9TRILLE POUR CHATS GRIPSOFT  Ce cadre d\u00e9loge et d\u00e9gage autant la poussi\u00e8re que les peaux et les poils morts. Les aiguilles ultra-douces sont id\u00e9ales pour une utilisation hebdomadaire : il permet d&#8217;\u00e9viter les emm\u00ealements alors qu&#8217;il stimule la circulation sanguine, encourageant la croissance d&#8217;un pelage sain. Le manche en caoutchouc souple assure un contr\u00f4le efficace et un confort sup\u00e9rieur gr\u00e2ce \u00e0 ses empreintes de doigts. Cette brosse est ad\u00e9quate pour tous les types de chats, y compris les peaux sensibles.<\/p>\n","protected":false},"featured_media":3064,"template":"","meta":[],"product_brand":[],"product_cat":[361,360,345],"product_tag":[],"class_list":{"0":"post-16531","1":"product","2":"type-product","3":"status-publish","4":"has-post-thumbnail","6":"product_cat-brosse","7":"product_cat-hygiene-et-soins-chien","8":"product_cat-toilettage","10":"first","11":"instock","12":"taxable","13":"shipping-taxable","14":"purchasable","15":"product-type-simple"},"aioseo_notices":[],"_links":{"self":[{"href":"https:\/\/hunterproboutique.com\/fr\/wp-json\/wp\/v2\/product\/16531","targetHints":{"allow":["GET"]}}],"collection":[{"href":"https:\/\/hunterproboutique.com\/fr\/wp-json\/wp\/v2\/product"}],"about":[{"href":"https:\/\/hunterproboutique.com\/fr\/wp-json\/wp\/v2\/types\/product"}],"wp:featuredmedia":[{"embeddable":true,"href":"https:\/\/hunterproboutique.com\/fr\/wp-json\/wp\/v2\/media\/3064"}],"wp:attachment":[{"href":"https:\/\/hunterproboutique.com\/fr\/wp-json\/wp\/v2\/media?parent=16531"}],"wp:term":[{"taxonomy":"product_brand","embeddable":true,"href":"https:\/\/hunterproboutique.com\/fr\/wp-json\/wp\/v2\/product_brand?post=16531"},{"taxonomy":"product_cat","embeddable":true,"href":"https:\/\/hunterproboutique.com\/fr\/wp-json\/wp\/v2\/product_cat?post=16531"},{"taxonomy":"product_tag","embeddable":true,"href":"https:\/\/hunterproboutique.com\/fr\/wp-json\/wp\/v2\/product_tag?post=16531"}],"curies":[{"name":"wp","href":"https:\/\/api.w.org\/{rel}","templated":true}]}}