{"id":16545,"date":"2026-04-16T03:16:13","date_gmt":"2026-04-16T07:16:13","guid":{"rendered":"https:\/\/hunterproboutique.com\/product\/grande-etrille-chats-tendre-care\/"},"modified":"2026-04-16T03:16:13","modified_gmt":"2026-04-16T07:16:13","slug":"grande-etrille-chats-tendre-care","status":"publish","type":"product","link":"https:\/\/hunterproboutique.com\/fr\/produit\/grande-etrille-chats-tendre-care\/","title":{"rendered":"GRANDE ETRILLE CHATS, TENDRE CARE"},"content":{"rendered":"<p>LAWRENCE TENDER CARE SLICKER &#8211; GRANDE &#8211; POUR CHATS  Brosse slicker de style classique, Lawrence est le premier choix des professionnels du toilettage dans le monde entier. Durabilit\u00e9 et l\u00e9g\u00e8ret\u00e9 pour un brossage doux et efficace. Les brosses Tender Care sont id\u00e9ales les moyens et gros chats  *Coussinets doux pour les poils fins. *Construction l\u00e9g\u00e8re en aluminium avec des coins arrondis. *Manche en bois de h\u00eatre *Fabriqu\u00e9e en Angleterre *Consultez L&#8217;emballage pour instructions concernant le type de poils \u00e0 traiter *Convient aux moyens et gros chats<\/p>\n","protected":false},"excerpt":{"rendered":"<p>LAWRENCE TENDER CARE SLICKER &#8211; GRANDE &#8211; POUR CHATS  Brosse slicker de style classique, Lawrence est le premier choix des professionnels du toilettage dans le monde entier. Durabilit\u00e9 et l\u00e9g\u00e8ret\u00e9 pour un brossage doux et efficace. Les brosses Tender Care sont id\u00e9ales les moyens et gros chats  *Coussinets doux pour les poils fins. *Construction l\u00e9g\u00e8re en aluminium avec des coins arrondis. *Manche en bois de h\u00eatre *Fabriqu\u00e9e en Angleterre *Consultez L&#8217;emballage pour instructions concernant le type de poils \u00e0 traiter *Convient aux moyens et gros chats<\/p>\n","protected":false},"featured_media":0,"template":"","meta":[],"product_brand":[],"product_cat":[361,360,345],"product_tag":[],"class_list":{"0":"post-16545","1":"product","2":"type-product","3":"status-publish","5":"product_cat-brosse","6":"product_cat-hygiene-et-soins-chien","7":"product_cat-toilettage","9":"first","10":"instock","11":"taxable","12":"shipping-taxable","13":"purchasable","14":"product-type-simple"},"aioseo_notices":[],"_links":{"self":[{"href":"https:\/\/hunterproboutique.com\/fr\/wp-json\/wp\/v2\/product\/16545","targetHints":{"allow":["GET"]}}],"collection":[{"href":"https:\/\/hunterproboutique.com\/fr\/wp-json\/wp\/v2\/product"}],"about":[{"href":"https:\/\/hunterproboutique.com\/fr\/wp-json\/wp\/v2\/types\/product"}],"wp:attachment":[{"href":"https:\/\/hunterproboutique.com\/fr\/wp-json\/wp\/v2\/media?parent=16545"}],"wp:term":[{"taxonomy":"product_brand","embeddable":true,"href":"https:\/\/hunterproboutique.com\/fr\/wp-json\/wp\/v2\/product_brand?post=16545"},{"taxonomy":"product_cat","embeddable":true,"href":"https:\/\/hunterproboutique.com\/fr\/wp-json\/wp\/v2\/product_cat?post=16545"},{"taxonomy":"product_tag","embeddable":true,"href":"https:\/\/hunterproboutique.com\/fr\/wp-json\/wp\/v2\/product_tag?post=16545"}],"curies":[{"name":"wp","href":"https:\/\/api.w.org\/{rel}","templated":true}]}}