{"id":16547,"date":"2026-05-12T01:02:25","date_gmt":"2026-05-12T05:02:25","guid":{"rendered":"https:\/\/hunterproboutique.com\/product\/rateau-en-metal-style-scie\/"},"modified":"2026-05-12T03:15:31","modified_gmt":"2026-05-12T07:15:31","slug":"rateau-en-metal-style-scie","status":"publish","type":"product","link":"https:\/\/hunterproboutique.com\/fr\/produit\/rateau-en-metal-style-scie\/","title":{"rendered":"RATEAU EN METAL, STYLE SCIE"},"content":{"rendered":"<p>R\u00c2TEAU POUR LA MUE HUNTER &#8211; STYLE SCIE  L&#8217;utilisation r\u00e9guli\u00e8re de cet outil de qualit\u00e9 professionnelle produit des r\u00e9sultats sensationnels, aidant \u00e0 r\u00e9duire la mue.    *En forme de scie, travaille dans le sous-poil pour d\u00e9m\u00ealer des noeuds et d\u00e9loger les poils morts *Convient aux chiens et aux chats au pelage court et dur.<\/p>\n","protected":false},"excerpt":{"rendered":"<p>R\u00c2TEAU POUR LA MUE HUNTER &#8211; STYLE SCIE  L&#8217;utilisation r\u00e9guli\u00e8re de cet outil de qualit\u00e9 professionnelle produit des r\u00e9sultats sensationnels, aidant \u00e0 r\u00e9duire la mue.    *En forme de scie, travaille dans le sous-poil pour d\u00e9m\u00ealer des noeuds et d\u00e9loger les poils morts *Convient aux chiens et aux chats au pelage court et dur.<\/p>\n","protected":false},"featured_media":27742,"template":"","meta":[],"product_brand":[],"product_cat":[360,363,345],"product_tag":[],"class_list":{"0":"post-16547","1":"product","2":"type-product","3":"status-publish","4":"has-post-thumbnail","6":"product_cat-hygiene-et-soins-chien","7":"product_cat-peignes-et-rateaux","8":"product_cat-toilettage","10":"first","11":"instock","12":"taxable","13":"shipping-taxable","14":"purchasable","15":"product-type-simple"},"aioseo_notices":[],"_links":{"self":[{"href":"https:\/\/hunterproboutique.com\/fr\/wp-json\/wp\/v2\/product\/16547","targetHints":{"allow":["GET"]}}],"collection":[{"href":"https:\/\/hunterproboutique.com\/fr\/wp-json\/wp\/v2\/product"}],"about":[{"href":"https:\/\/hunterproboutique.com\/fr\/wp-json\/wp\/v2\/types\/product"}],"wp:featuredmedia":[{"embeddable":true,"href":"https:\/\/hunterproboutique.com\/fr\/wp-json\/wp\/v2\/media\/27742"}],"wp:attachment":[{"href":"https:\/\/hunterproboutique.com\/fr\/wp-json\/wp\/v2\/media?parent=16547"}],"wp:term":[{"taxonomy":"product_brand","embeddable":true,"href":"https:\/\/hunterproboutique.com\/fr\/wp-json\/wp\/v2\/product_brand?post=16547"},{"taxonomy":"product_cat","embeddable":true,"href":"https:\/\/hunterproboutique.com\/fr\/wp-json\/wp\/v2\/product_cat?post=16547"},{"taxonomy":"product_tag","embeddable":true,"href":"https:\/\/hunterproboutique.com\/fr\/wp-json\/wp\/v2\/product_tag?post=16547"}],"curies":[{"name":"wp","href":"https:\/\/api.w.org\/{rel}","templated":true}]}}