{"id":16555,"date":"2026-05-07T01:02:33","date_gmt":"2026-05-07T05:02:33","guid":{"rendered":"https:\/\/hunterproboutique.com\/product\/66055-rateau-demeleur\/"},"modified":"2026-05-07T03:16:04","modified_gmt":"2026-05-07T07:16:04","slug":"66055-rateau-demeleur","status":"publish","type":"product","link":"https:\/\/hunterproboutique.com\/fr\/produit\/66055-rateau-demeleur\/","title":{"rendered":"66055 RATEAU DEMELEUR"},"content":{"rendered":"<p>RATEAU DEMELEUR  Id\u00e9al pour les petits et moyens chiens   *Enl\u00e8ve les noeuds, laissant une peau et un pelage en sant\u00e9 *Lames en acier inoxydable sp\u00e9cialement con\u00e7ues pour un effet de coupe optimal *L\u00e9ger pour un toilettage sans fatigue *Les lames peuvent etre install\u00e9es pour les gauchers ou droitiers.<\/p>\n","protected":false},"excerpt":{"rendered":"<p>RATEAU DEMELEUR  Id\u00e9al pour les petits et moyens chiens   *Enl\u00e8ve les noeuds, laissant une peau et un pelage en sant\u00e9 *Lames en acier inoxydable sp\u00e9cialement con\u00e7ues pour un effet de coupe optimal *L\u00e9ger pour un toilettage sans fatigue *Les lames peuvent etre install\u00e9es pour les gauchers ou droitiers.<\/p>\n","protected":false},"featured_media":27778,"template":"","meta":[],"product_brand":[],"product_cat":[360,363,345],"product_tag":[],"class_list":{"0":"post-16555","1":"product","2":"type-product","3":"status-publish","4":"has-post-thumbnail","6":"product_cat-hygiene-et-soins-chien","7":"product_cat-peignes-et-rateaux","8":"product_cat-toilettage","10":"first","11":"outofstock","12":"taxable","13":"shipping-taxable","14":"purchasable","15":"product-type-simple"},"aioseo_notices":[],"_links":{"self":[{"href":"https:\/\/hunterproboutique.com\/fr\/wp-json\/wp\/v2\/product\/16555","targetHints":{"allow":["GET"]}}],"collection":[{"href":"https:\/\/hunterproboutique.com\/fr\/wp-json\/wp\/v2\/product"}],"about":[{"href":"https:\/\/hunterproboutique.com\/fr\/wp-json\/wp\/v2\/types\/product"}],"wp:featuredmedia":[{"embeddable":true,"href":"https:\/\/hunterproboutique.com\/fr\/wp-json\/wp\/v2\/media\/27778"}],"wp:attachment":[{"href":"https:\/\/hunterproboutique.com\/fr\/wp-json\/wp\/v2\/media?parent=16555"}],"wp:term":[{"taxonomy":"product_brand","embeddable":true,"href":"https:\/\/hunterproboutique.com\/fr\/wp-json\/wp\/v2\/product_brand?post=16555"},{"taxonomy":"product_cat","embeddable":true,"href":"https:\/\/hunterproboutique.com\/fr\/wp-json\/wp\/v2\/product_cat?post=16555"},{"taxonomy":"product_tag","embeddable":true,"href":"https:\/\/hunterproboutique.com\/fr\/wp-json\/wp\/v2\/product_tag?post=16555"}],"curies":[{"name":"wp","href":"https:\/\/api.w.org\/{rel}","templated":true}]}}