{"id":16557,"date":"2026-04-16T01:02:44","date_gmt":"2026-04-16T05:02:44","guid":{"rendered":"https:\/\/hunterproboutique.com\/product\/65735-rateau-demeleur-flexible\/"},"modified":"2026-04-16T03:16:17","modified_gmt":"2026-04-16T07:16:17","slug":"65735-rateau-demeleur-flexible","status":"publish","type":"product","link":"https:\/\/hunterproboutique.com\/fr\/produit\/65735-rateau-demeleur-flexible\/","title":{"rendered":"65735 RATEAU DEMELEUR FLEXIBLE"},"content":{"rendered":"<p>RATEAU DEMELEUR FLEXIBLE  R\u00e9duit la perte de poils jusqu&#8217;\u00e0 90% tout en maintenant un topcoat sans dommage.   *Poign\u00e9e souple.<\/p>\n","protected":false},"excerpt":{"rendered":"<p>RATEAU DEMELEUR FLEXIBLE  R\u00e9duit la perte de poils jusqu&#8217;\u00e0 90% tout en maintenant un topcoat sans dommage.   *Poign\u00e9e souple.<\/p>\n","protected":false},"featured_media":27782,"template":"","meta":[],"product_brand":[],"product_cat":[360,363,345],"product_tag":[],"class_list":{"0":"post-16557","1":"product","2":"type-product","3":"status-publish","4":"has-post-thumbnail","6":"product_cat-hygiene-et-soins-chien","7":"product_cat-peignes-et-rateaux","8":"product_cat-toilettage","10":"first","11":"instock","12":"taxable","13":"shipping-taxable","14":"purchasable","15":"product-type-simple"},"aioseo_notices":[],"_links":{"self":[{"href":"https:\/\/hunterproboutique.com\/fr\/wp-json\/wp\/v2\/product\/16557","targetHints":{"allow":["GET"]}}],"collection":[{"href":"https:\/\/hunterproboutique.com\/fr\/wp-json\/wp\/v2\/product"}],"about":[{"href":"https:\/\/hunterproboutique.com\/fr\/wp-json\/wp\/v2\/types\/product"}],"wp:featuredmedia":[{"embeddable":true,"href":"https:\/\/hunterproboutique.com\/fr\/wp-json\/wp\/v2\/media\/27782"}],"wp:attachment":[{"href":"https:\/\/hunterproboutique.com\/fr\/wp-json\/wp\/v2\/media?parent=16557"}],"wp:term":[{"taxonomy":"product_brand","embeddable":true,"href":"https:\/\/hunterproboutique.com\/fr\/wp-json\/wp\/v2\/product_brand?post=16557"},{"taxonomy":"product_cat","embeddable":true,"href":"https:\/\/hunterproboutique.com\/fr\/wp-json\/wp\/v2\/product_cat?post=16557"},{"taxonomy":"product_tag","embeddable":true,"href":"https:\/\/hunterproboutique.com\/fr\/wp-json\/wp\/v2\/product_tag?post=16557"}],"curies":[{"name":"wp","href":"https:\/\/api.w.org\/{rel}","templated":true}]}}