{"id":16563,"date":"2026-05-07T01:02:35","date_gmt":"2026-05-07T05:02:35","guid":{"rendered":"https:\/\/hunterproboutique.com\/product\/65007-rateau-demeleur\/"},"modified":"2026-05-07T03:16:05","modified_gmt":"2026-05-07T07:16:05","slug":"65007-rateau-demeleur","status":"publish","type":"product","link":"https:\/\/hunterproboutique.com\/fr\/produit\/65007-rateau-demeleur\/","title":{"rendered":"65007, RATEAU-DEMELEUR"},"content":{"rendered":"<p>R\u00c2TEAU-D\u00c9M\u00caLEUR GRIPSOFT  Les dix longues lames de ce r\u00e2teau sont con\u00e7ues pour couper et d\u00e9tacher les plus gros noeuds du sous-poil. Sa poign\u00e9e de caoutchouc Gripsoft fut con\u00e7ue en collaboration avec des toiletteurs et un chirurgien des mains. Antid\u00e9rapante, elle assure un contr\u00f4le efficace et un confort sup\u00e9rieur. Ce produit convient aux poils fris\u00e9s, plats, moyens ou longs.<\/p>\n","protected":false},"excerpt":{"rendered":"<p>R\u00c2TEAU-D\u00c9M\u00caLEUR GRIPSOFT  Les dix longues lames de ce r\u00e2teau sont con\u00e7ues pour couper et d\u00e9tacher les plus gros noeuds du sous-poil. Sa poign\u00e9e de caoutchouc Gripsoft fut con\u00e7ue en collaboration avec des toiletteurs et un chirurgien des mains. Antid\u00e9rapante, elle assure un contr\u00f4le efficace et un confort sup\u00e9rieur. Ce produit convient aux poils fris\u00e9s, plats, moyens ou longs.<\/p>\n","protected":false},"featured_media":3466,"template":"","meta":[],"product_brand":[],"product_cat":[360,363,345],"product_tag":[],"class_list":{"0":"post-16563","1":"product","2":"type-product","3":"status-publish","4":"has-post-thumbnail","6":"product_cat-hygiene-et-soins-chien","7":"product_cat-peignes-et-rateaux","8":"product_cat-toilettage","10":"first","11":"outofstock","12":"taxable","13":"shipping-taxable","14":"purchasable","15":"product-type-simple"},"aioseo_notices":[],"_links":{"self":[{"href":"https:\/\/hunterproboutique.com\/fr\/wp-json\/wp\/v2\/product\/16563","targetHints":{"allow":["GET"]}}],"collection":[{"href":"https:\/\/hunterproboutique.com\/fr\/wp-json\/wp\/v2\/product"}],"about":[{"href":"https:\/\/hunterproboutique.com\/fr\/wp-json\/wp\/v2\/types\/product"}],"wp:featuredmedia":[{"embeddable":true,"href":"https:\/\/hunterproboutique.com\/fr\/wp-json\/wp\/v2\/media\/3466"}],"wp:attachment":[{"href":"https:\/\/hunterproboutique.com\/fr\/wp-json\/wp\/v2\/media?parent=16563"}],"wp:term":[{"taxonomy":"product_brand","embeddable":true,"href":"https:\/\/hunterproboutique.com\/fr\/wp-json\/wp\/v2\/product_brand?post=16563"},{"taxonomy":"product_cat","embeddable":true,"href":"https:\/\/hunterproboutique.com\/fr\/wp-json\/wp\/v2\/product_cat?post=16563"},{"taxonomy":"product_tag","embeddable":true,"href":"https:\/\/hunterproboutique.com\/fr\/wp-json\/wp\/v2\/product_tag?post=16563"}],"curies":[{"name":"wp","href":"https:\/\/api.w.org\/{rel}","templated":true}]}}