{"id":16593,"date":"2026-04-16T01:02:46","date_gmt":"2026-04-16T05:02:46","guid":{"rendered":"https:\/\/hunterproboutique.com\/product\/peigne-pour-la-mue-moyenne-espacees-32-dents\/"},"modified":"2026-04-15T03:16:01","modified_gmt":"2026-04-15T07:16:01","slug":"peigne-pour-la-mue-moyenne-espacees-32-dents","status":"publish","type":"product","link":"https:\/\/hunterproboutique.com\/fr\/produit\/peigne-pour-la-mue-moyenne-espacees-32-dents\/","title":{"rendered":"PEIGNE POUR LA MUE, MOYENNE &#038; ESPACEES ,32 dents"},"content":{"rendered":"<p>PEIGNE POUR LA MUE HUNTER AVEC POIGN\u00c9E &#8211; 32 DENTS COURTES\/LONGUES  Ces peignes Hunter Brand ont une poign\u00e9e textur\u00e9e , pour un meilleur contr\u00f4le et un plus grand confort. Pour une apparence soign\u00e9e et le bien-\u00eatre des animaux, il est recommand\u00e9 de suivre une routine de toilettage hebdomadaire.Ce mod\u00e8le est con\u00e7u pour la mue.<\/p>\n","protected":false},"excerpt":{"rendered":"<p>PEIGNE POUR LA MUE HUNTER AVEC POIGN\u00c9E &#8211; 32 DENTS COURTES\/LONGUES  Ces peignes Hunter Brand ont une poign\u00e9e textur\u00e9e , pour un meilleur contr\u00f4le et un plus grand confort. Pour une apparence soign\u00e9e et le bien-\u00eatre des animaux, il est recommand\u00e9 de suivre une routine de toilettage hebdomadaire.Ce mod\u00e8le est con\u00e7u pour la mue.<\/p>\n","protected":false},"featured_media":8170,"template":"","meta":[],"product_brand":[],"product_cat":[360,363,345],"product_tag":[],"class_list":{"0":"post-16593","1":"product","2":"type-product","3":"status-publish","4":"has-post-thumbnail","6":"product_cat-hygiene-et-soins-chien","7":"product_cat-peignes-et-rateaux","8":"product_cat-toilettage","10":"first","11":"instock","12":"taxable","13":"shipping-taxable","14":"purchasable","15":"product-type-simple"},"aioseo_notices":[],"_links":{"self":[{"href":"https:\/\/hunterproboutique.com\/fr\/wp-json\/wp\/v2\/product\/16593","targetHints":{"allow":["GET"]}}],"collection":[{"href":"https:\/\/hunterproboutique.com\/fr\/wp-json\/wp\/v2\/product"}],"about":[{"href":"https:\/\/hunterproboutique.com\/fr\/wp-json\/wp\/v2\/types\/product"}],"wp:featuredmedia":[{"embeddable":true,"href":"https:\/\/hunterproboutique.com\/fr\/wp-json\/wp\/v2\/media\/8170"}],"wp:attachment":[{"href":"https:\/\/hunterproboutique.com\/fr\/wp-json\/wp\/v2\/media?parent=16593"}],"wp:term":[{"taxonomy":"product_brand","embeddable":true,"href":"https:\/\/hunterproboutique.com\/fr\/wp-json\/wp\/v2\/product_brand?post=16593"},{"taxonomy":"product_cat","embeddable":true,"href":"https:\/\/hunterproboutique.com\/fr\/wp-json\/wp\/v2\/product_cat?post=16593"},{"taxonomy":"product_tag","embeddable":true,"href":"https:\/\/hunterproboutique.com\/fr\/wp-json\/wp\/v2\/product_tag?post=16593"}],"curies":[{"name":"wp","href":"https:\/\/api.w.org\/{rel}","templated":true}]}}