{"id":16605,"date":"2026-04-16T01:02:47","date_gmt":"2026-04-16T05:02:47","guid":{"rendered":"https:\/\/hunterproboutique.com\/product\/peigne-aluminium-7-1-2\/"},"modified":"2026-04-15T03:16:02","modified_gmt":"2026-04-15T07:16:02","slug":"peigne-aluminium-7-1-2","status":"publish","type":"product","link":"https:\/\/hunterproboutique.com\/fr\/produit\/peigne-aluminium-7-1-2\/","title":{"rendered":"PEIGNE ALUMINIUM 7 1\/2&#8242;"},"content":{"rendered":"<p>PEIGNE DROIT EN ALUMINIUM HUNTER 7 1\/2&#8221; &#8211; DENTS FINES\/ESPAC\u00c9ES  Ce peigne \u00e0 dos droit Hunter Brand est un outil de finition de qualit\u00e9 professionnelle qui convient \u00e0 toutes les fourrures. Fait d&#8217;aluminium,il comporte une rang\u00e9e de dents dont la moiti\u00e9 sont serr\u00e9es. Les autres ont un espacement moyen. Pour une apparence soign\u00e9e et le bien-\u00eatre des animaux, il est recommand\u00e9 de suivre une routine de toilettage hebdomadaire.<\/p>\n","protected":false},"excerpt":{"rendered":"<p>PEIGNE DROIT EN ALUMINIUM HUNTER 7 1\/2&#8221; &#8211; DENTS FINES\/ESPAC\u00c9ES  Ce peigne \u00e0 dos droit Hunter Brand est un outil de finition de qualit\u00e9 professionnelle qui convient \u00e0 toutes les fourrures. Fait d&#8217;aluminium,il comporte une rang\u00e9e de dents dont la moiti\u00e9 sont serr\u00e9es. Les autres ont un espacement moyen. Pour une apparence soign\u00e9e et le bien-\u00eatre des animaux, il est recommand\u00e9 de suivre une routine de toilettage hebdomadaire.<\/p>\n","protected":false},"featured_media":8442,"template":"","meta":[],"product_brand":[],"product_cat":[360,363,345],"product_tag":[],"class_list":{"0":"post-16605","1":"product","2":"type-product","3":"status-publish","4":"has-post-thumbnail","6":"product_cat-hygiene-et-soins-chien","7":"product_cat-peignes-et-rateaux","8":"product_cat-toilettage","10":"first","11":"instock","12":"taxable","13":"shipping-taxable","14":"purchasable","15":"product-type-simple"},"aioseo_notices":[],"_links":{"self":[{"href":"https:\/\/hunterproboutique.com\/fr\/wp-json\/wp\/v2\/product\/16605","targetHints":{"allow":["GET"]}}],"collection":[{"href":"https:\/\/hunterproboutique.com\/fr\/wp-json\/wp\/v2\/product"}],"about":[{"href":"https:\/\/hunterproboutique.com\/fr\/wp-json\/wp\/v2\/types\/product"}],"wp:featuredmedia":[{"embeddable":true,"href":"https:\/\/hunterproboutique.com\/fr\/wp-json\/wp\/v2\/media\/8442"}],"wp:attachment":[{"href":"https:\/\/hunterproboutique.com\/fr\/wp-json\/wp\/v2\/media?parent=16605"}],"wp:term":[{"taxonomy":"product_brand","embeddable":true,"href":"https:\/\/hunterproboutique.com\/fr\/wp-json\/wp\/v2\/product_brand?post=16605"},{"taxonomy":"product_cat","embeddable":true,"href":"https:\/\/hunterproboutique.com\/fr\/wp-json\/wp\/v2\/product_cat?post=16605"},{"taxonomy":"product_tag","embeddable":true,"href":"https:\/\/hunterproboutique.com\/fr\/wp-json\/wp\/v2\/product_tag?post=16605"}],"curies":[{"name":"wp","href":"https:\/\/api.w.org\/{rel}","templated":true}]}}