{"id":16637,"date":"2026-04-23T01:02:37","date_gmt":"2026-04-23T05:02:37","guid":{"rendered":"https:\/\/hunterproboutique.com\/product\/mini-14-lames-coat-king-x-fin-0-8mm\/"},"modified":"2026-04-23T03:15:59","modified_gmt":"2026-04-23T07:15:59","slug":"mini-14-lames-coat-king-x-fin-0-8mm","status":"publish","type":"product","link":"https:\/\/hunterproboutique.com\/fr\/produit\/mini-14-lames-coat-king-x-fin-0-8mm\/","title":{"rendered":"MINI 14 LAMES &#8216;COAT KING&#8217; X-FIN, 0.8mm"},"content":{"rendered":"<p>MINI COAT KING &#8211; 14 LAMES EXTRA-FINES  MINI COAT KING &#8211; 14 LAMES EXTRA-FINES,    Outil indispensable pour les toiletteurs, cet outil de toilettage r\u00e9volutionnaire est fabriqu\u00e9 avec de l&#8217;acier inoxydable allemand de qualit\u00e9,   Recommand\u00e9 pour les travaux les plus fins, par exemple la t\u00eate, ainsi que pour les CATS pour un travail complet.  *Lame aff\u00fbt\u00e9e sp\u00e9ciale \u00e0 14 dents extra fines, fines et sp\u00e9ciales *Elimine facilement les poils morts, les enchev\u00eatrements et le sous-poil. *Elimine facilement les poils morts, les noeuds et le sous-poil. *Elimine rapidement les grandes surfaces, en travaillant rapidement et facilement les poils d\u00e9tach\u00e9s.  *Les poils de couche sup\u00e9rieure passent directement \u00e0 travers les dents.  *Les poils du sous-poil, \u00e9tant ondul\u00e9s, sont pris dans les dents et \u00e9limin\u00e9s.  *Le Coat-King a un manche \u00e9quilibr\u00e9 en bois de Bubinga rouge.  *Le positionnement des lames permet une utilisation confortable, facile et sans stress pour le toiletteur.<\/p>\n","protected":false},"excerpt":{"rendered":"<p>MINI COAT KING &#8211; 14 LAMES EXTRA-FINES  MINI COAT KING &#8211; 14 LAMES EXTRA-FINES,    Outil indispensable pour les toiletteurs, cet outil de toilettage r\u00e9volutionnaire est fabriqu\u00e9 avec de l&#8217;acier inoxydable allemand de qualit\u00e9,   Recommand\u00e9 pour les travaux les plus fins, par exemple la t\u00eate, ainsi que pour les CATS pour un travail complet.  *Lame aff\u00fbt\u00e9e sp\u00e9ciale \u00e0 14 dents extra fines, fines et sp\u00e9ciales *Elimine facilement les poils morts, les enchev\u00eatrements et le sous-poil. *Elimine facilement les poils morts, les noeuds et le sous-poil. *Elimine rapidement les grandes surfaces, en travaillant rapidement et facilement les poils d\u00e9tach\u00e9s.  *Les poils de couche sup\u00e9rieure passent directement \u00e0 travers les dents.  *Les poils du sous-poil, \u00e9tant ondul\u00e9s, sont pris dans les dents et \u00e9limin\u00e9s.  *Le Coat-King a un manche \u00e9quilibr\u00e9 en bois de Bubinga rouge.  *Le positionnement des lames permet une utilisation confortable, facile et sans stress pour le toiletteur.<\/p>\n","protected":false},"featured_media":27733,"template":"","meta":[],"product_brand":[],"product_cat":[368,360,345],"product_tag":[],"class_list":{"0":"post-16637","1":"product","2":"type-product","3":"status-publish","4":"has-post-thumbnail","6":"product_cat-couteau-et-demeleur","7":"product_cat-hygiene-et-soins-chien","8":"product_cat-toilettage","10":"first","11":"instock","12":"taxable","13":"shipping-taxable","14":"purchasable","15":"product-type-simple"},"aioseo_notices":[],"_links":{"self":[{"href":"https:\/\/hunterproboutique.com\/fr\/wp-json\/wp\/v2\/product\/16637","targetHints":{"allow":["GET"]}}],"collection":[{"href":"https:\/\/hunterproboutique.com\/fr\/wp-json\/wp\/v2\/product"}],"about":[{"href":"https:\/\/hunterproboutique.com\/fr\/wp-json\/wp\/v2\/types\/product"}],"wp:featuredmedia":[{"embeddable":true,"href":"https:\/\/hunterproboutique.com\/fr\/wp-json\/wp\/v2\/media\/27733"}],"wp:attachment":[{"href":"https:\/\/hunterproboutique.com\/fr\/wp-json\/wp\/v2\/media?parent=16637"}],"wp:term":[{"taxonomy":"product_brand","embeddable":true,"href":"https:\/\/hunterproboutique.com\/fr\/wp-json\/wp\/v2\/product_brand?post=16637"},{"taxonomy":"product_cat","embeddable":true,"href":"https:\/\/hunterproboutique.com\/fr\/wp-json\/wp\/v2\/product_cat?post=16637"},{"taxonomy":"product_tag","embeddable":true,"href":"https:\/\/hunterproboutique.com\/fr\/wp-json\/wp\/v2\/product_tag?post=16637"}],"curies":[{"name":"wp","href":"https:\/\/api.w.org\/{rel}","templated":true}]}}