{"id":16655,"date":"2026-04-17T01:02:18","date_gmt":"2026-04-17T05:02:18","guid":{"rendered":"https:\/\/hunterproboutique.com\/product\/65880-necessaire-a-manucure-2-vitesses\/"},"modified":"2026-04-17T03:15:22","modified_gmt":"2026-04-17T07:15:22","slug":"65880-necessaire-a-manucure-2-vitesses","status":"publish","type":"product","link":"https:\/\/hunterproboutique.com\/fr\/produit\/65880-necessaire-a-manucure-2-vitesses\/","title":{"rendered":"66745 NECESSAIRE A MANUCURE, 2 VITESSES"},"content":{"rendered":"<p>ANDIS N\u00c9CESSAIRE \u00c0 MANUCURE, 2 VITESSES EASY CLIP  Un outil professionel qui rendra la session coupe des griffes plus plaisante. Pour toutes les races de chiens, petites et grandes.  *Moteur rotatif \u00e0 2 vitesses &#8211; 7,000\/12,000 RPM *Adoucit et arrondit les griffes sans douleur *L\u00e9g\u00e8re et puissante *Cet ensemble comprend: Ponceuse \u00e0 ongles *Gros rouleau de pon\u00e7age avec 3 meules *Petit rouleau de pon\u00e7age avec 2 meules *Pierre de finition *Manchon en silicone *Alimentation \u00e9conomique d\u00e9tachable *Cl\u00e9 *Housse de rangement.souple<\/p>\n","protected":false},"excerpt":{"rendered":"<p>ANDIS N\u00c9CESSAIRE \u00c0 MANUCURE, 2 VITESSES EASY CLIP  Un outil professionel qui rendra la session coupe des griffes plus plaisante. Pour toutes les races de chiens, petites et grandes.  *Moteur rotatif \u00e0 2 vitesses &#8211; 7,000\/12,000 RPM *Adoucit et arrondit les griffes sans douleur *L\u00e9g\u00e8re et puissante *Cet ensemble comprend: Ponceuse \u00e0 ongles *Gros rouleau de pon\u00e7age avec 3 meules *Petit rouleau de pon\u00e7age avec 2 meules *Pierre de finition *Manchon en silicone *Alimentation \u00e9conomique d\u00e9tachable *Cl\u00e9 *Housse de rangement.souple<\/p>\n","protected":false},"featured_media":26965,"template":"","meta":[],"product_brand":[],"product_cat":[366,360,345],"product_tag":[],"class_list":{"0":"post-16655","1":"product","2":"type-product","3":"status-publish","4":"has-post-thumbnail","6":"product_cat-coupe-griffe","7":"product_cat-hygiene-et-soins-chien","8":"product_cat-toilettage","10":"first","11":"outofstock","12":"taxable","13":"shipping-taxable","14":"purchasable","15":"product-type-simple"},"aioseo_notices":[],"_links":{"self":[{"href":"https:\/\/hunterproboutique.com\/fr\/wp-json\/wp\/v2\/product\/16655","targetHints":{"allow":["GET"]}}],"collection":[{"href":"https:\/\/hunterproboutique.com\/fr\/wp-json\/wp\/v2\/product"}],"about":[{"href":"https:\/\/hunterproboutique.com\/fr\/wp-json\/wp\/v2\/types\/product"}],"wp:featuredmedia":[{"embeddable":true,"href":"https:\/\/hunterproboutique.com\/fr\/wp-json\/wp\/v2\/media\/26965"}],"wp:attachment":[{"href":"https:\/\/hunterproboutique.com\/fr\/wp-json\/wp\/v2\/media?parent=16655"}],"wp:term":[{"taxonomy":"product_brand","embeddable":true,"href":"https:\/\/hunterproboutique.com\/fr\/wp-json\/wp\/v2\/product_brand?post=16655"},{"taxonomy":"product_cat","embeddable":true,"href":"https:\/\/hunterproboutique.com\/fr\/wp-json\/wp\/v2\/product_cat?post=16655"},{"taxonomy":"product_tag","embeddable":true,"href":"https:\/\/hunterproboutique.com\/fr\/wp-json\/wp\/v2\/product_tag?post=16655"}],"curies":[{"name":"wp","href":"https:\/\/api.w.org\/{rel}","templated":true}]}}