{"id":16659,"date":"2026-04-16T01:02:21","date_gmt":"2026-04-16T05:02:21","guid":{"rendered":"https:\/\/hunterproboutique.com\/product\/65930-accessoires-de-rechange-pour-34862\/"},"modified":"2026-04-16T03:15:34","modified_gmt":"2026-04-16T07:15:34","slug":"65930-accessoires-de-rechange-pour-34862","status":"publish","type":"product","link":"https:\/\/hunterproboutique.com\/fr\/produit\/65930-accessoires-de-rechange-pour-34862\/","title":{"rendered":"65930 ACCESSOIRES DE RECHANGE POUR 34862"},"content":{"rendered":"<p>ACCESSOIRES DE RECHANGE POUR 34862  Compatible uniquement avec l&#8217;Andis Cord\/Cordless Nail Grinder.    *Conception de qualit\u00e9 professionnelle  *Pierre de finition effil\u00e9e pour le lissage et la mise en forme fine  *Pierre de meulage pour la mise en forme et l&#8217;enl\u00e8vement<\/p>\n","protected":false},"excerpt":{"rendered":"<p>ACCESSOIRES DE RECHANGE POUR 34862  Compatible uniquement avec l&#8217;Andis Cord\/Cordless Nail Grinder.    *Conception de qualit\u00e9 professionnelle  *Pierre de finition effil\u00e9e pour le lissage et la mise en forme fine  *Pierre de meulage pour la mise en forme et l&#8217;enl\u00e8vement<\/p>\n","protected":false},"featured_media":27001,"template":"","meta":[],"product_brand":[],"product_cat":[366,360,345],"product_tag":[],"class_list":{"0":"post-16659","1":"product","2":"type-product","3":"status-publish","4":"has-post-thumbnail","6":"product_cat-coupe-griffe","7":"product_cat-hygiene-et-soins-chien","8":"product_cat-toilettage","10":"first","11":"outofstock","12":"taxable","13":"shipping-taxable","14":"purchasable","15":"product-type-simple"},"aioseo_notices":[],"_links":{"self":[{"href":"https:\/\/hunterproboutique.com\/fr\/wp-json\/wp\/v2\/product\/16659","targetHints":{"allow":["GET"]}}],"collection":[{"href":"https:\/\/hunterproboutique.com\/fr\/wp-json\/wp\/v2\/product"}],"about":[{"href":"https:\/\/hunterproboutique.com\/fr\/wp-json\/wp\/v2\/types\/product"}],"wp:featuredmedia":[{"embeddable":true,"href":"https:\/\/hunterproboutique.com\/fr\/wp-json\/wp\/v2\/media\/27001"}],"wp:attachment":[{"href":"https:\/\/hunterproboutique.com\/fr\/wp-json\/wp\/v2\/media?parent=16659"}],"wp:term":[{"taxonomy":"product_brand","embeddable":true,"href":"https:\/\/hunterproboutique.com\/fr\/wp-json\/wp\/v2\/product_brand?post=16659"},{"taxonomy":"product_cat","embeddable":true,"href":"https:\/\/hunterproboutique.com\/fr\/wp-json\/wp\/v2\/product_cat?post=16659"},{"taxonomy":"product_tag","embeddable":true,"href":"https:\/\/hunterproboutique.com\/fr\/wp-json\/wp\/v2\/product_tag?post=16659"}],"curies":[{"name":"wp","href":"https:\/\/api.w.org\/{rel}","templated":true}]}}