{"id":16671,"date":"2026-04-16T01:02:48","date_gmt":"2026-04-16T05:02:48","guid":{"rendered":"https:\/\/hunterproboutique.com\/product\/lame-pour-resco-6-par-sac\/"},"modified":"2026-04-15T03:16:03","modified_gmt":"2026-04-15T07:16:03","slug":"lame-pour-resco-6-par-sac","status":"publish","type":"product","link":"https:\/\/hunterproboutique.com\/fr\/produit\/lame-pour-resco-6-par-sac\/","title":{"rendered":"LAME POUR RESCO, 6 PAR SAC"},"content":{"rendered":"<p>LAMES DE RECHANGE RESCO &#8211; 6\/SAC  Depuis son invention du coupe-griffe pour animaux en 1937, Resco est une r\u00e9f\u00e9rence dans l&#8217;industrie du toilettage. Cet outil fut optimis\u00e9 avec l&#8217;introduction de leur syst\u00e8me de lame rempla\u00e7able brevet\u00e9. Cet ensemble contient six lames et une \u00e9pingle de changement: il compatible avec les coupe-griffes style guillotine. Il est parfait pour les toiletteurs<\/p>\n","protected":false},"excerpt":{"rendered":"<p>LAMES DE RECHANGE RESCO &#8211; 6\/SAC  Depuis son invention du coupe-griffe pour animaux en 1937, Resco est une r\u00e9f\u00e9rence dans l&#8217;industrie du toilettage. Cet outil fut optimis\u00e9 avec l&#8217;introduction de leur syst\u00e8me de lame rempla\u00e7able brevet\u00e9. Cet ensemble contient six lames et une \u00e9pingle de changement: il compatible avec les coupe-griffes style guillotine. Il est parfait pour les toiletteurs<\/p>\n","protected":false},"featured_media":9694,"template":"","meta":[],"product_brand":[],"product_cat":[366,360,345],"product_tag":[],"class_list":{"0":"post-16671","1":"product","2":"type-product","3":"status-publish","4":"has-post-thumbnail","6":"product_cat-coupe-griffe","7":"product_cat-hygiene-et-soins-chien","8":"product_cat-toilettage","10":"first","11":"instock","12":"taxable","13":"shipping-taxable","14":"purchasable","15":"product-type-simple"},"aioseo_notices":[],"_links":{"self":[{"href":"https:\/\/hunterproboutique.com\/fr\/wp-json\/wp\/v2\/product\/16671","targetHints":{"allow":["GET"]}}],"collection":[{"href":"https:\/\/hunterproboutique.com\/fr\/wp-json\/wp\/v2\/product"}],"about":[{"href":"https:\/\/hunterproboutique.com\/fr\/wp-json\/wp\/v2\/types\/product"}],"wp:featuredmedia":[{"embeddable":true,"href":"https:\/\/hunterproboutique.com\/fr\/wp-json\/wp\/v2\/media\/9694"}],"wp:attachment":[{"href":"https:\/\/hunterproboutique.com\/fr\/wp-json\/wp\/v2\/media?parent=16671"}],"wp:term":[{"taxonomy":"product_brand","embeddable":true,"href":"https:\/\/hunterproboutique.com\/fr\/wp-json\/wp\/v2\/product_brand?post=16671"},{"taxonomy":"product_cat","embeddable":true,"href":"https:\/\/hunterproboutique.com\/fr\/wp-json\/wp\/v2\/product_cat?post=16671"},{"taxonomy":"product_tag","embeddable":true,"href":"https:\/\/hunterproboutique.com\/fr\/wp-json\/wp\/v2\/product_tag?post=16671"}],"curies":[{"name":"wp","href":"https:\/\/api.w.org\/{rel}","templated":true}]}}