{"id":16679,"date":"2026-04-16T01:02:48","date_gmt":"2026-04-16T05:02:48","guid":{"rendered":"https:\/\/hunterproboutique.com\/product\/wahl-e-z-nail-2en1-avec-manucure\/"},"modified":"2026-04-15T03:16:04","modified_gmt":"2026-04-15T07:16:04","slug":"wahl-e-z-nail-2en1-avec-manucure","status":"publish","type":"product","link":"https:\/\/hunterproboutique.com\/fr\/produit\/wahl-e-z-nail-2en1-avec-manucure\/","title":{"rendered":"WAHL E-Z NAIL 2en1 AVEC MANUCURE"},"content":{"rendered":"<p>WAHL E-Z NAIL 2-EN-1  COUPE-ONGLES  N\u00e9cessaire \u00e0 manucure pour l&#8217;entretien des griffes de votre animal \u00e0 utiliser \u00e0 toutes les 2 ou 4 semaines, selon le besoin  *Comprend:  coupe-ongles de style ciseau *Lime rotative *Garde r\u00e9glable *Pointe de meulage suppl\u00e9mentaire *Pile AA *Instructions<\/p>\n","protected":false},"excerpt":{"rendered":"<p>WAHL E-Z NAIL 2-EN-1  COUPE-ONGLES  N\u00e9cessaire \u00e0 manucure pour l&#8217;entretien des griffes de votre animal \u00e0 utiliser \u00e0 toutes les 2 ou 4 semaines, selon le besoin  *Comprend:  coupe-ongles de style ciseau *Lime rotative *Garde r\u00e9glable *Pointe de meulage suppl\u00e9mentaire *Pile AA *Instructions<\/p>\n","protected":false},"featured_media":27833,"template":"","meta":[],"product_brand":[],"product_cat":[366,360,345],"product_tag":[],"class_list":{"0":"post-16679","1":"product","2":"type-product","3":"status-publish","4":"has-post-thumbnail","6":"product_cat-coupe-griffe","7":"product_cat-hygiene-et-soins-chien","8":"product_cat-toilettage","10":"first","11":"instock","12":"taxable","13":"shipping-taxable","14":"purchasable","15":"product-type-simple"},"aioseo_notices":[],"_links":{"self":[{"href":"https:\/\/hunterproboutique.com\/fr\/wp-json\/wp\/v2\/product\/16679","targetHints":{"allow":["GET"]}}],"collection":[{"href":"https:\/\/hunterproboutique.com\/fr\/wp-json\/wp\/v2\/product"}],"about":[{"href":"https:\/\/hunterproboutique.com\/fr\/wp-json\/wp\/v2\/types\/product"}],"wp:featuredmedia":[{"embeddable":true,"href":"https:\/\/hunterproboutique.com\/fr\/wp-json\/wp\/v2\/media\/27833"}],"wp:attachment":[{"href":"https:\/\/hunterproboutique.com\/fr\/wp-json\/wp\/v2\/media?parent=16679"}],"wp:term":[{"taxonomy":"product_brand","embeddable":true,"href":"https:\/\/hunterproboutique.com\/fr\/wp-json\/wp\/v2\/product_brand?post=16679"},{"taxonomy":"product_cat","embeddable":true,"href":"https:\/\/hunterproboutique.com\/fr\/wp-json\/wp\/v2\/product_cat?post=16679"},{"taxonomy":"product_tag","embeddable":true,"href":"https:\/\/hunterproboutique.com\/fr\/wp-json\/wp\/v2\/product_tag?post=16679"}],"curies":[{"name":"wp","href":"https:\/\/api.w.org\/{rel}","templated":true}]}}