{"id":16683,"date":"2026-05-07T01:02:36","date_gmt":"2026-05-07T05:02:36","guid":{"rendered":"https:\/\/hunterproboutique.com\/product\/wahl-coupe-griffe-deluxe\/"},"modified":"2026-05-07T03:16:07","modified_gmt":"2026-05-07T07:16:07","slug":"wahl-coupe-griffe-deluxe","status":"publish","type":"product","link":"https:\/\/hunterproboutique.com\/fr\/produit\/wahl-coupe-griffe-deluxe\/","title":{"rendered":"WAHL COUPE GRIFFE DE QUALITE SUP\u00c9RIEURE"},"content":{"rendered":"<p>WAHL COUPE GRIFFE DE QUALIT\u00c9 SUP\u00c9RIEURE  Coupe-griffes de qualit\u00e9 sup\u00e9rieure, utilis\u00e9 de fa\u00e7on r\u00e9guli\u00e8re, cet outil garde les griffes de votre animal bien taill\u00e9es pour lui assurer un  meilleur confort.  *Avec guide pour lame *Verrou de s\u00e9curit\u00e9 *Facile \u00e0 utiliser<\/p>\n","protected":false},"excerpt":{"rendered":"<p>WAHL COUPE GRIFFE DE QUALIT\u00c9 SUP\u00c9RIEURE  Coupe-griffes de qualit\u00e9 sup\u00e9rieure, utilis\u00e9 de fa\u00e7on r\u00e9guli\u00e8re, cet outil garde les griffes de votre animal bien taill\u00e9es pour lui assurer un  meilleur confort.  *Avec guide pour lame *Verrou de s\u00e9curit\u00e9 *Facile \u00e0 utiliser<\/p>\n","protected":false},"featured_media":27840,"template":"","meta":[],"product_brand":[],"product_cat":[366,360,345],"product_tag":[],"class_list":{"0":"post-16683","1":"product","2":"type-product","3":"status-publish","4":"has-post-thumbnail","6":"product_cat-coupe-griffe","7":"product_cat-hygiene-et-soins-chien","8":"product_cat-toilettage","10":"first","11":"instock","12":"taxable","13":"shipping-taxable","14":"purchasable","15":"product-type-simple"},"aioseo_notices":[],"_links":{"self":[{"href":"https:\/\/hunterproboutique.com\/fr\/wp-json\/wp\/v2\/product\/16683","targetHints":{"allow":["GET"]}}],"collection":[{"href":"https:\/\/hunterproboutique.com\/fr\/wp-json\/wp\/v2\/product"}],"about":[{"href":"https:\/\/hunterproboutique.com\/fr\/wp-json\/wp\/v2\/types\/product"}],"wp:featuredmedia":[{"embeddable":true,"href":"https:\/\/hunterproboutique.com\/fr\/wp-json\/wp\/v2\/media\/27840"}],"wp:attachment":[{"href":"https:\/\/hunterproboutique.com\/fr\/wp-json\/wp\/v2\/media?parent=16683"}],"wp:term":[{"taxonomy":"product_brand","embeddable":true,"href":"https:\/\/hunterproboutique.com\/fr\/wp-json\/wp\/v2\/product_brand?post=16683"},{"taxonomy":"product_cat","embeddable":true,"href":"https:\/\/hunterproboutique.com\/fr\/wp-json\/wp\/v2\/product_cat?post=16683"},{"taxonomy":"product_tag","embeddable":true,"href":"https:\/\/hunterproboutique.com\/fr\/wp-json\/wp\/v2\/product_tag?post=16683"}],"curies":[{"name":"wp","href":"https:\/\/api.w.org\/{rel}","templated":true}]}}