{"id":16717,"date":"2026-04-16T01:02:49","date_gmt":"2026-04-16T05:02:49","guid":{"rendered":"https:\/\/hunterproboutique.com\/product\/65040-dlx-coupe-grifffes-chats\/"},"modified":"2026-04-16T03:16:23","modified_gmt":"2026-04-16T07:16:23","slug":"65040-dlx-coupe-grifffes-chats","status":"publish","type":"product","link":"https:\/\/hunterproboutique.com\/fr\/produit\/65040-dlx-coupe-grifffes-chats\/","title":{"rendered":"65040, DLX COUPE-GRIFFFES, CHATS"},"content":{"rendered":"<p>COUPE-GRIFFES DELUXE GRIPSOFT &#8211; CHATS  Son style guillotine, simple \u00e0 utiliser, permet une coupe s\u00e9curitaire et sans stress. Son m\u00e9canisme \u00e0 ressort facilite la tache, au contraire des ciseaux qui doivent \u00eatre ouverts et ferm\u00e9s. Sa poign\u00e9e de caoutchouc Gripsoft fut con\u00e7ue en collaboration avec des toiletteurs et un chirurgien des mains. Antid\u00e9rapante, elle assure un contr\u00f4le efficace et un confort sup\u00e9rieur. Ce produit convient \u00e0 tous les chats.<\/p>\n","protected":false},"excerpt":{"rendered":"<p>COUPE-GRIFFES DELUXE GRIPSOFT &#8211; CHATS  Son style guillotine, simple \u00e0 utiliser, permet une coupe s\u00e9curitaire et sans stress. Son m\u00e9canisme \u00e0 ressort facilite la tache, au contraire des ciseaux qui doivent \u00eatre ouverts et ferm\u00e9s. Sa poign\u00e9e de caoutchouc Gripsoft fut con\u00e7ue en collaboration avec des toiletteurs et un chirurgien des mains. Antid\u00e9rapante, elle assure un contr\u00f4le efficace et un confort sup\u00e9rieur. Ce produit convient \u00e0 tous les chats.<\/p>\n","protected":false},"featured_media":5944,"template":"","meta":[],"product_brand":[],"product_cat":[366,360,345],"product_tag":[],"class_list":{"0":"post-16717","1":"product","2":"type-product","3":"status-publish","4":"has-post-thumbnail","6":"product_cat-coupe-griffe","7":"product_cat-hygiene-et-soins-chien","8":"product_cat-toilettage","10":"first","11":"outofstock","12":"taxable","13":"shipping-taxable","14":"purchasable","15":"product-type-simple"},"aioseo_notices":[],"_links":{"self":[{"href":"https:\/\/hunterproboutique.com\/fr\/wp-json\/wp\/v2\/product\/16717","targetHints":{"allow":["GET"]}}],"collection":[{"href":"https:\/\/hunterproboutique.com\/fr\/wp-json\/wp\/v2\/product"}],"about":[{"href":"https:\/\/hunterproboutique.com\/fr\/wp-json\/wp\/v2\/types\/product"}],"wp:featuredmedia":[{"embeddable":true,"href":"https:\/\/hunterproboutique.com\/fr\/wp-json\/wp\/v2\/media\/5944"}],"wp:attachment":[{"href":"https:\/\/hunterproboutique.com\/fr\/wp-json\/wp\/v2\/media?parent=16717"}],"wp:term":[{"taxonomy":"product_brand","embeddable":true,"href":"https:\/\/hunterproboutique.com\/fr\/wp-json\/wp\/v2\/product_brand?post=16717"},{"taxonomy":"product_cat","embeddable":true,"href":"https:\/\/hunterproboutique.com\/fr\/wp-json\/wp\/v2\/product_cat?post=16717"},{"taxonomy":"product_tag","embeddable":true,"href":"https:\/\/hunterproboutique.com\/fr\/wp-json\/wp\/v2\/product_tag?post=16717"}],"curies":[{"name":"wp","href":"https:\/\/api.w.org\/{rel}","templated":true}]}}