{"id":16773,"date":"2026-04-16T01:02:11","date_gmt":"2026-04-16T05:02:11","guid":{"rendered":"https:\/\/hunterproboutique.com\/product\/10oz-onguent-bag-balm\/"},"modified":"2026-04-16T03:15:17","modified_gmt":"2026-04-16T07:15:17","slug":"10oz-onguent-bag-balm","status":"publish","type":"product","link":"https:\/\/hunterproboutique.com\/fr\/produit\/10oz-onguent-bag-balm\/","title":{"rendered":"8oz ONGUENT BAG BALM"},"content":{"rendered":"<p>BAG BALM &#8211; 8 OZ.  Pr\u00e9sent\u00e9 dans une jolie bo\u00eete en fer blanc de style traditionnel, ce baume adoucissant pour la peau a \u00e9t\u00e9 formul\u00e9 par un chimiste du Vermont il y a plus de 100 ans pour \u00eatre utilis\u00e9 sur les pis des bovins. Au fil des ans, il a gagn\u00e9 en popularit\u00e9 pour \u00eatre utilis\u00e9 sur les animaux domestiques  *Il fait des merveilles sur les ger\u00e7ures, les \u00e9raflures, les abrasions et les br\u00fblures. *Il a \u00e9t\u00e9 utilis\u00e9 sur les chiens de recherche et de sauvetage pour prot\u00e9ger leurs pattes des dommages caus\u00e9s par le travail dans des conditions difficiles *Contient du p\u00e9trolatum, de la lanoline et un antiseptique doux<\/p>\n","protected":false},"excerpt":{"rendered":"<p>BAG BALM &#8211; 8 OZ.  Pr\u00e9sent\u00e9 dans une jolie bo\u00eete en fer blanc de style traditionnel, ce baume adoucissant pour la peau a \u00e9t\u00e9 formul\u00e9 par un chimiste du Vermont il y a plus de 100 ans pour \u00eatre utilis\u00e9 sur les pis des bovins. Au fil des ans, il a gagn\u00e9 en popularit\u00e9 pour \u00eatre utilis\u00e9 sur les animaux domestiques  *Il fait des merveilles sur les ger\u00e7ures, les \u00e9raflures, les abrasions et les br\u00fblures. *Il a \u00e9t\u00e9 utilis\u00e9 sur les chiens de recherche et de sauvetage pour prot\u00e9ger leurs pattes des dommages caus\u00e9s par le travail dans des conditions difficiles *Contient du p\u00e9trolatum, de la lanoline et un antiseptique doux<\/p>\n","protected":false},"featured_media":26733,"template":"","meta":[],"product_brand":[],"product_cat":[360,364,345],"product_tag":[],"class_list":{"0":"post-16773","1":"product","2":"type-product","3":"status-publish","4":"has-post-thumbnail","6":"product_cat-hygiene-et-soins-chien","7":"product_cat-soin-des-yeux-oreille-et-buccale-et-instruments","8":"product_cat-toilettage","10":"first","11":"instock","12":"taxable","13":"shipping-taxable","14":"purchasable","15":"product-type-simple"},"aioseo_notices":[],"_links":{"self":[{"href":"https:\/\/hunterproboutique.com\/fr\/wp-json\/wp\/v2\/product\/16773","targetHints":{"allow":["GET"]}}],"collection":[{"href":"https:\/\/hunterproboutique.com\/fr\/wp-json\/wp\/v2\/product"}],"about":[{"href":"https:\/\/hunterproboutique.com\/fr\/wp-json\/wp\/v2\/types\/product"}],"wp:featuredmedia":[{"embeddable":true,"href":"https:\/\/hunterproboutique.com\/fr\/wp-json\/wp\/v2\/media\/26733"}],"wp:attachment":[{"href":"https:\/\/hunterproboutique.com\/fr\/wp-json\/wp\/v2\/media?parent=16773"}],"wp:term":[{"taxonomy":"product_brand","embeddable":true,"href":"https:\/\/hunterproboutique.com\/fr\/wp-json\/wp\/v2\/product_brand?post=16773"},{"taxonomy":"product_cat","embeddable":true,"href":"https:\/\/hunterproboutique.com\/fr\/wp-json\/wp\/v2\/product_cat?post=16773"},{"taxonomy":"product_tag","embeddable":true,"href":"https:\/\/hunterproboutique.com\/fr\/wp-json\/wp\/v2\/product_tag?post=16773"}],"curies":[{"name":"wp","href":"https:\/\/api.w.org\/{rel}","templated":true}]}}